{"id":1077,"date":"2020-04-16T20:36:07","date_gmt":"2020-04-16T19:36:07","guid":{"rendered":"https:\/\/www.leansp.com\/de\/?page_id=1077"},"modified":"2026-03-22T18:57:44","modified_gmt":"2026-03-22T17:57:44","slug":"online-hybrid-workshop-materials-starter-box","status":"publish","type":"page","link":"https:\/\/www.leansp.com\/de\/lego-serious-play-experten\/online-hybrid-workshop-materials-starter-box\/","title":{"rendered":"Online Hybrid LEGO\u00ae SERIOUS PLAY\u00ae Workshop Material: Starter Box"},"content":{"rendered":"<div class=\"row\">\n<div class=\"col-lg-4 col-md-12 col-xs-12 col-sm-12\"><a href=\"https:\/\/www.leansp.com\/eu\/wp-content\/uploads\/sites\/5\/2020\/04\/LSP-Starter-Box-Videoconference_1920.jpg\"><img loading=\"lazy\" decoding=\"async\" src=\"https:\/\/www.leansp.com\/eu\/wp-content\/uploads\/sites\/5\/2020\/04\/LSP-Starter-Box-Videoconference_720.jpg\" alt=\"\" width=\"1024\" height=\"768\" class=\"alignnone size-large wp-image-561\"><\/a><\/div>\n<div class=\"col-lg-8 col-md-12 col-xs-12 col-sm-12\">\n<p>Inhalt: Starter Set in passender Aufbewahrungsbox, 2 Window Exploration Bags f\u00fcr ein ausgiebiges Warm-up und Skillsbuilding, zus\u00e4tzliche Grundplatten f\u00fcr die Personal Identity und die Agenten, sowie weitere Minifiguren, Klebezettel, ein Stift und ein Rei\u00dfverschlussbeutel. Schneller und zuverl\u00e4ssiger Versand mit UPS.<\/p>\n<p>Nur <span style=\"font-size: 150%;\">79,90 \u20ac pro Box<\/span> (exkl. MwSt.)<br \/>\nKostenloser Versand (Deutschland und EU) an alle Teilnehmer. Int. Versand auf Anfrage.<\/p>\n<p><a class=\"btn btn-small btn-default btn-tomato btn-No color-white\" href=\"https:\/\/renteniq.typeform.com\/to\/tjugfN\" target=\"_blank\" rel=\"noopener noreferrer\">Weiter zur Bestellung <i class=\"glyphicon glyphicon glyphicon-chevron-right\" style=\"color: #ffffff;\"><\/i><\/a><br \/>\n<small><br \/>\nBezahlung per <img decoding=\"async\" src=\"https:\/\/www.leansp.com\/de\/wp-content\/uploads\/sites\/2\/2018\/11\/sepa_3x.png\" alt=\"SEPA\" class=\"alignnone wp-image-687\" style=\"height:22px; width:36px;\"> Rechnung oder <img loading=\"lazy\" decoding=\"async\" width=\"108\" height=\"66\" class=\"alignnone wp-image-688\" style=\"height: 22px; width: 36px;\" src=\"https:\/\/www.leansp.com\/de\/wp-content\/uploads\/sites\/2\/2018\/06\/visa_3x.png\" alt=\"VISA\" srcset=\"https:\/\/www.leansp.com\/de\/wp-content\/uploads\/sites\/2\/2018\/06\/visa_3x.png 108w, https:\/\/www.leansp.com\/de\/wp-content\/uploads\/sites\/2\/2018\/06\/visa_3x-50x31.png 50w, https:\/\/www.leansp.com\/de\/wp-content\/uploads\/sites\/2\/2018\/06\/visa_3x-75x46.png 75w\" sizes=\"auto, (max-width: 108px) 100vw, 108px\" \/> <img loading=\"lazy\" decoding=\"async\" width=\"108\" height=\"66\" class=\"alignnone wp-image-686\" style=\"height: 22px; width: 36px;\" src=\"https:\/\/www.leansp.com\/de\/wp-content\/uploads\/sites\/2\/2018\/06\/mastercard_3x.png\" alt=\"Mastercard\" srcset=\"https:\/\/www.leansp.com\/de\/wp-content\/uploads\/sites\/2\/2018\/06\/mastercard_3x.png 108w, https:\/\/www.leansp.com\/de\/wp-content\/uploads\/sites\/2\/2018\/06\/mastercard_3x-50x31.png 50w, https:\/\/www.leansp.com\/de\/wp-content\/uploads\/sites\/2\/2018\/06\/mastercard_3x-75x46.png 75w\" sizes=\"auto, (max-width: 108px) 100vw, 108px\" \/><\/small><\/p>\n<\/div>\n<\/div>\n<div class=\"row\">\n<div class=\"col-lg-12 col-md-12 col-xs-12 col-sm-12\">\n<h3>Innovation ist immer unabdingbar: Hybride online Workshops mit LSP und Videokonferenz<\/h3>\n<p>Anpassung des face-to-face LSP an hybride online Workshops mit digitalen Tools, jedoch mit echten Lego Materialien. Dieser Ansatz wurde von <a href=\"https:\/\/www.linkedin.com\/in\/micael-buckle-270682\/\" target=\"_blank\" rel=\"noopener noreferrer\">Micael Buckle<\/a> und <a href=\"https:\/\/www.linkedin.com\/in\/drjohanroos\/\" target=\"_blank\" rel=\"noopener noreferrer\">Johan S. Roos<\/a> in einem <a href=\"https:\/\/inthrface.com\/en\/brickmind-webinar-april-16th-2020\/\" target=\"_blank\" rel=\"noopener noreferrer\">Webinar<\/a> mit \u00fcber 80 LSP-Moderatoren aus aller Welt vorgestellt. <a href=\"https:\/\/www.serious.global\/Blog\/?post_id=47&amp;title=virtual-lego%C2%AE-serious-play%C2%AE-%E2%80%93-is-online-shared-model-building-possible\" target=\"_blank\" rel=\"noopener noreferrer\">Sean Blair<\/a> und <a href=\"https:\/\/www.jensdroege.de\/lego-serious-play-gemeinsames-modell-online\/\" target=\"_blank\" rel=\"noopener noreferrer\">Jens Dr\u00f6ge<\/a> haben einen \u00e4hnlichen Ansatz erfolgreich gestestet und arbeiten an einem <a href=\"https:\/\/www.serious.global\/online-lego-serious-play-facilitator-training\/\">Online Training<\/a>.<\/p>\n<h3>So funktioniert es<\/h3>\n<p>Jeder Teilnehmer w\u00e4hlt sich von Zuhause \u00fcber eine Videokonferenz, wie bspw. mit Zoom, in die LSP Session ein. Der Workshop wird von einem zertifizierten Moderator geleitet. Jeder Teilnehmer ben\u00f6tigt w\u00e4hrend des Workshops eine passende Zusammenstellung von Materialien, um Modelle, Personal Identity und Agenten zu bauen. Eine virtuelle Shared Identity und System kann erstellt werden, indem Fotos einzelner Modelle hochgeladen und in einem kollaborativen Editor wie Google Docs eingef\u00fcgt werden.<\/p>\n<p><strong>LeanSP m\u00f6chte es den Moderatoren so einfach wie m\u00f6glich machen, jedem Teilnehmer die richtigen Materialien zur Verf\u00fcgung zu stellen. Geben Sie einfach die Adressen Ihrer Teilnehmer an, wenn Sie eine Bestellung aufgeben, und wir senden jedem schnell und zuverl\u00e4ssig eine Starter Box.<\/strong><\/p>\n<p>LeanSP bietet den Trainigsanbietern individuelle Fulfillment-L\u00f6sungen, damit die Teilnehmer das von Ihnen ausgew\u00e4hlte Material \u00fcber den Versand nach Hause geliefert bekommen. Greifen Sie auf unsere internationale Versand-Expertise zur\u00fcck, damit Sie sich auf die Durchf\u00fchrung des Workshops konzentrieren k\u00f6nnen. Wir k\u00fcmmern uns um Material und Logistik: <a href=\"\/de\/kontakt\">Anfrage stellen<\/a><\/p>\n<h3>Online-Trainings f\u00fcr LEGO\u00ae SERIOUS PLAY\u00ae<\/h3>\n<p>Die Mehrheit der Anbieter bietet auch Online-Trainings an: <a href=\"\/de\/lego-serious-play-einsteiger\/ausbildung-moderator-zertifizierung\/\">Trainings-Anbieter finden <i class=\"glyphicon glyphicon glyphicon-chevron-right\"><\/i><\/a><\/p>\n<\/div>\n<\/div>\n<p>&nbsp;<br \/>\n&nbsp;<\/p>\n<div class=\"row\">\n<div class=\"col-lg-6 col-md-6 col-xs-12 col-sm-6\">\n<div class=\"row\">\n<div class=\"col-lg-2 col-md-2 col-xs-2 col-sm-2\" style=\"padding-left: 0;\"><img loading=\"lazy\" decoding=\"async\" class=\"alignnone size-full wp-image-654\" src=\"https:\/\/www.leansp.com\/de\/wp-content\/uploads\/sites\/2\/2018\/03\/ups-carbon-neutral.png\" alt=\"\" width=\"100\" height=\"188\" srcset=\"https:\/\/www.leansp.com\/de\/wp-content\/uploads\/sites\/2\/2018\/03\/ups-carbon-neutral.png 100w, https:\/\/www.leansp.com\/de\/wp-content\/uploads\/sites\/2\/2018\/03\/ups-carbon-neutral-53x100.png 53w, https:\/\/www.leansp.com\/de\/wp-content\/uploads\/sites\/2\/2018\/03\/ups-carbon-neutral-27x50.png 27w, https:\/\/www.leansp.com\/de\/wp-content\/uploads\/sites\/2\/2018\/03\/ups-carbon-neutral-40x75.png 40w\" sizes=\"auto, (max-width: 100px) 100vw, 100px\" \/><\/div>\n<div class=\"col-lg-2 col-md-2 col-xs-2 col-sm-2\" style=\"padding-left: 0; padding-right: 0;\"><a style=\"text-decoration: none;\" title=\"Erfahrungen &amp; Bewertungen zu LeanSP, K\u00f6pernick GmbH anzeigen\" href=\"https:\/\/www.provenexpert.com\/leansp-koepernick-gmbh\/?utm_source=Widget&amp;utm_medium=Widget&amp;utm_campaign=Widget\" target=\"_blank\" rel=\"noopener noreferrer\"><img loading=\"lazy\" decoding=\"async\" style=\"border: 0;\" src=\"https:\/\/images.provenexpert.com\/88\/09\/8ab95e04c554577911a8bcb6d2d4\/widget_portrait_180_de_0.png\" alt=\"Erfahrungen &amp; Bewertungen zu LeanSP, K\u00f6pernick GmbH\" width=\"180\" height=\"216\"><\/a><\/div>\n<div class=\"col-lg-8 col-md-8 col-xs-8 col-sm-8\"><small>Hunderte zufriedene Kunden in Deutschland und Europa. Bei uns kaufen Unternehmensberatungen, Hochschulen, Start-Ups etc. Referenzen auf Anfrage.<\/small><\/div>\n<\/div>\n<\/div>\n<div class=\"col-lg-6 col-md-6 col-xs-12 col-sm-6\">\n<div class=\"row\">\n<div class=\"col-lg-2 col-md-2 col-xs-2 col-sm-2\"><img loading=\"lazy\" decoding=\"async\" class=\"aligncenter size-medium wp-image-501\" src=\"https:\/\/www.leansp.com\/de\/wp-content\/uploads\/sites\/2\/2017\/08\/lego-serious-play-facilitator-berlin-munich-moderator-muenchen-lsp-150x150.jpg\" alt=\"\" width=\"248\" height=\"300\"><\/div>\n<div class=\"col-lg-6 col-md-6 col-xs-6 col-sm-6\"><strong>Support &amp; Beratung<\/strong><br \/>\n<small><i>Christoph K\u00f6pernick:<\/i> Gr\u00fcnder von LeanSP und zertifizierter Moderator der LEGO\u00ae SERIOUS PLAY\u00ae Methode und Materialien.<\/small><\/div>\n<div class=\"col-lg-4 col-md-4 col-xs-12 col-sm-4\"><a class=\"btn btn-small btn-default btn-tomato btn-No color-white\" href=\"https:\/\/www.leansp.com\/de\/kontakt\/\">Kontakt <i class=\"glyphicon glyphicon glyphicon-chevron-right\" style=\"color: #ffffff;\"><\/i> <\/a><\/div>\n<\/div>\n<\/div>\n<\/div>\n","protected":false},"excerpt":{"rendered":"<p>Inhalt: Starter Set in passender Aufbewahrungsbox, 2 Window Exploration Bags f\u00fcr ein ausgiebiges Warm-up und Skillsbuilding, zus\u00e4tzliche Grundplatten f\u00fcr die Personal Identity und die Agenten, sowie weitere Minifiguren, Klebezettel, ein Stift und ein Rei\u00dfverschlussbeutel. Schneller und zuverl\u00e4ssiger Versand mit UPS. Nur 79,90 \u20ac pro Box (exkl. MwSt.) Kostenloser Versand (Deutschland und EU) an alle Teilnehmer. [&hellip;]<\/p>\n","protected":false},"author":1,"featured_media":0,"parent":21,"menu_order":0,"comment_status":"closed","ping_status":"closed","template":"","meta":{"footnotes":""},"class_list":["post-1077","page","type-page","status-publish","hentry"],"yoast_head":"<!-- This site is optimized with the Yoast SEO plugin v27.6 - https:\/\/yoast.com\/product\/yoast-seo-wordpress\/ -->\n<title>Online Hybrid LEGO\u00ae SERIOUS PLAY\u00ae Workshop Material: Starter Box - Verleih LEGO\u00ae SERIOUS PLAY\u00ae LSP-Material<\/title>\n<meta name=\"robots\" content=\"index, follow, max-snippet:-1, max-image-preview:large, max-video-preview:-1\" \/>\n<link rel=\"canonical\" href=\"https:\/\/www.leansp.com\/de\/lego-serious-play-experten\/online-hybrid-workshop-materials-starter-box\/\" \/>\n<meta property=\"og:locale\" content=\"de_DE\" \/>\n<meta property=\"og:type\" content=\"article\" \/>\n<meta property=\"og:title\" content=\"Starter Box f\u00fcr Online Hybrid Workshops\" \/>\n<meta property=\"og:description\" content=\"Wir bek\u00e4mpfen den Virus. F\u00fcr Ihren n\u00e4chsten online Workshop mit LEGO\u00ae SERIOUS PLAY\u00ae (LSP): Set von Materialien f\u00fcr einen effizienten Videokonferenz-Workshop. Teilnehmer erhalten jeweils eine Box. Wir versenden direkt an mehrere Adressen. Versand innerhalb der EU inklusive.\" \/>\n<meta property=\"og:url\" content=\"https:\/\/www.leansp.com\/de\/lego-serious-play-experten\/online-hybrid-workshop-materials-starter-box\/\" \/>\n<meta property=\"og:site_name\" content=\"Verleih LEGO\u00ae SERIOUS PLAY\u00ae LSP-Material\" \/>\n<meta property=\"article:modified_time\" content=\"2026-03-22T17:57:44+00:00\" \/>\n<meta property=\"og:image\" content=\"https:\/\/www.leansp.com\/de\/wp-content\/uploads\/sites\/2\/2020\/04\/LSP-Starter-Box-Videoconference_1920.jpg\" \/>\n\t<meta property=\"og:image:width\" content=\"1920\" \/>\n\t<meta property=\"og:image:height\" content=\"1200\" \/>\n\t<meta property=\"og:image:type\" content=\"image\/jpeg\" \/>\n<meta name=\"twitter:card\" content=\"summary_large_image\" \/>\n<meta name=\"twitter:label1\" content=\"Gesch\u00e4tzte Lesezeit\" \/>\n\t<meta name=\"twitter:data1\" content=\"4\u00a0Minuten\" \/>\n<script type=\"application\/ld+json\" class=\"yoast-schema-graph\">{\"@context\":\"https:\\\/\\\/schema.org\",\"@graph\":[{\"@type\":\"WebPage\",\"@id\":\"https:\\\/\\\/www.leansp.com\\\/de\\\/lego-serious-play-experten\\\/online-hybrid-workshop-materials-starter-box\\\/\",\"url\":\"https:\\\/\\\/www.leansp.com\\\/de\\\/lego-serious-play-experten\\\/online-hybrid-workshop-materials-starter-box\\\/\",\"name\":\"Online Hybrid LEGO\u00ae SERIOUS PLAY\u00ae Workshop Material: Starter Box - Verleih LEGO\u00ae SERIOUS PLAY\u00ae LSP-Material\",\"isPartOf\":{\"@id\":\"https:\\\/\\\/www.leansp.com\\\/de\\\/#website\"},\"primaryImageOfPage\":{\"@id\":\"https:\\\/\\\/www.leansp.com\\\/de\\\/lego-serious-play-experten\\\/online-hybrid-workshop-materials-starter-box\\\/#primaryimage\"},\"image\":{\"@id\":\"https:\\\/\\\/www.leansp.com\\\/de\\\/lego-serious-play-experten\\\/online-hybrid-workshop-materials-starter-box\\\/#primaryimage\"},\"thumbnailUrl\":\"https:\\\/\\\/www.leansp.com\\\/eu\\\/wp-content\\\/uploads\\\/sites\\\/5\\\/2020\\\/04\\\/LSP-Starter-Box-Videoconference_720.jpg\",\"datePublished\":\"2020-04-16T19:36:07+00:00\",\"dateModified\":\"2026-03-22T17:57:44+00:00\",\"breadcrumb\":{\"@id\":\"https:\\\/\\\/www.leansp.com\\\/de\\\/lego-serious-play-experten\\\/online-hybrid-workshop-materials-starter-box\\\/#breadcrumb\"},\"inLanguage\":\"de\",\"potentialAction\":[{\"@type\":\"ReadAction\",\"target\":[\"https:\\\/\\\/www.leansp.com\\\/de\\\/lego-serious-play-experten\\\/online-hybrid-workshop-materials-starter-box\\\/\"]}]},{\"@type\":\"ImageObject\",\"inLanguage\":\"de\",\"@id\":\"https:\\\/\\\/www.leansp.com\\\/de\\\/lego-serious-play-experten\\\/online-hybrid-workshop-materials-starter-box\\\/#primaryimage\",\"url\":\"https:\\\/\\\/www.leansp.com\\\/eu\\\/wp-content\\\/uploads\\\/sites\\\/5\\\/2020\\\/04\\\/LSP-Starter-Box-Videoconference_720.jpg\",\"contentUrl\":\"https:\\\/\\\/www.leansp.com\\\/eu\\\/wp-content\\\/uploads\\\/sites\\\/5\\\/2020\\\/04\\\/LSP-Starter-Box-Videoconference_720.jpg\"},{\"@type\":\"BreadcrumbList\",\"@id\":\"https:\\\/\\\/www.leansp.com\\\/de\\\/lego-serious-play-experten\\\/online-hybrid-workshop-materials-starter-box\\\/#breadcrumb\",\"itemListElement\":[{\"@type\":\"ListItem\",\"position\":1,\"name\":\"Home\",\"item\":\"https:\\\/\\\/www.leansp.com\\\/de\\\/\"},{\"@type\":\"ListItem\",\"position\":2,\"name\":\"Verleih und Tools f\u00fcr LEGO\u00ae SERIOUS PLAY\u00ae Experten\",\"item\":\"https:\\\/\\\/www.leansp.com\\\/de\\\/lego-serious-play-experten\\\/\"},{\"@type\":\"ListItem\",\"position\":3,\"name\":\"Online Hybrid LEGO\u00ae SERIOUS PLAY\u00ae Workshop Material: Starter Box\"}]},{\"@type\":\"WebSite\",\"@id\":\"https:\\\/\\\/www.leansp.com\\\/de\\\/#website\",\"url\":\"https:\\\/\\\/www.leansp.com\\\/de\\\/\",\"name\":\"Verleih LEGO\u00ae SERIOUS PLAY\u00ae LSP-Material\",\"description\":\"LSP-Moderationskoffer LEGO\u00ae SERIOUS PLAY\u00ae leihen inkl. Versand vom Profi. Vorsortiert. Identity &amp; Landscape Set, Connections Kit, Window Bags.\",\"publisher\":{\"@id\":\"https:\\\/\\\/www.leansp.com\\\/de\\\/#organization\"},\"potentialAction\":[{\"@type\":\"SearchAction\",\"target\":{\"@type\":\"EntryPoint\",\"urlTemplate\":\"https:\\\/\\\/www.leansp.com\\\/de\\\/?s={search_term_string}\"},\"query-input\":{\"@type\":\"PropertyValueSpecification\",\"valueRequired\":true,\"valueName\":\"search_term_string\"}}],\"inLanguage\":\"de\"},{\"@type\":\"Organization\",\"@id\":\"https:\\\/\\\/www.leansp.com\\\/de\\\/#organization\",\"name\":\"LeanSP\",\"url\":\"https:\\\/\\\/www.leansp.com\\\/de\\\/\",\"logo\":{\"@type\":\"ImageObject\",\"inLanguage\":\"de\",\"@id\":\"https:\\\/\\\/www.leansp.com\\\/de\\\/#\\\/schema\\\/logo\\\/image\\\/\",\"url\":\"https:\\\/\\\/www.leansp.com\\\/de\\\/wp-content\\\/uploads\\\/sites\\\/2\\\/2026\\\/03\\\/logo-clean.png\",\"contentUrl\":\"https:\\\/\\\/www.leansp.com\\\/de\\\/wp-content\\\/uploads\\\/sites\\\/2\\\/2026\\\/03\\\/logo-clean.png\",\"width\":506,\"height\":168,\"caption\":\"LeanSP\"},\"image\":{\"@id\":\"https:\\\/\\\/www.leansp.com\\\/de\\\/#\\\/schema\\\/logo\\\/image\\\/\"}}]}<\/script>\n<!-- \/ Yoast SEO plugin. -->","yoast_head_json":{"title":"Online Hybrid LEGO\u00ae SERIOUS PLAY\u00ae Workshop Material: Starter Box - Verleih LEGO\u00ae SERIOUS PLAY\u00ae LSP-Material","robots":{"index":"index","follow":"follow","max-snippet":"max-snippet:-1","max-image-preview":"max-image-preview:large","max-video-preview":"max-video-preview:-1"},"canonical":"https:\/\/www.leansp.com\/de\/lego-serious-play-experten\/online-hybrid-workshop-materials-starter-box\/","og_locale":"de_DE","og_type":"article","og_title":"Starter Box f\u00fcr Online Hybrid Workshops","og_description":"Wir bek\u00e4mpfen den Virus. F\u00fcr Ihren n\u00e4chsten online Workshop mit LEGO\u00ae SERIOUS PLAY\u00ae (LSP): Set von Materialien f\u00fcr einen effizienten Videokonferenz-Workshop. Teilnehmer erhalten jeweils eine Box. Wir versenden direkt an mehrere Adressen. Versand innerhalb der EU inklusive.","og_url":"https:\/\/www.leansp.com\/de\/lego-serious-play-experten\/online-hybrid-workshop-materials-starter-box\/","og_site_name":"Verleih LEGO\u00ae SERIOUS PLAY\u00ae LSP-Material","article_modified_time":"2026-03-22T17:57:44+00:00","og_image":[{"width":1920,"height":1200,"url":"https:\/\/www.leansp.com\/de\/wp-content\/uploads\/sites\/2\/2020\/04\/LSP-Starter-Box-Videoconference_1920.jpg","type":"image\/jpeg"}],"twitter_card":"summary_large_image","twitter_misc":{"Gesch\u00e4tzte Lesezeit":"4\u00a0Minuten"},"schema":{"@context":"https:\/\/schema.org","@graph":[{"@type":"WebPage","@id":"https:\/\/www.leansp.com\/de\/lego-serious-play-experten\/online-hybrid-workshop-materials-starter-box\/","url":"https:\/\/www.leansp.com\/de\/lego-serious-play-experten\/online-hybrid-workshop-materials-starter-box\/","name":"Online Hybrid LEGO\u00ae SERIOUS PLAY\u00ae Workshop Material: Starter Box - Verleih LEGO\u00ae SERIOUS PLAY\u00ae LSP-Material","isPartOf":{"@id":"https:\/\/www.leansp.com\/de\/#website"},"primaryImageOfPage":{"@id":"https:\/\/www.leansp.com\/de\/lego-serious-play-experten\/online-hybrid-workshop-materials-starter-box\/#primaryimage"},"image":{"@id":"https:\/\/www.leansp.com\/de\/lego-serious-play-experten\/online-hybrid-workshop-materials-starter-box\/#primaryimage"},"thumbnailUrl":"https:\/\/www.leansp.com\/eu\/wp-content\/uploads\/sites\/5\/2020\/04\/LSP-Starter-Box-Videoconference_720.jpg","datePublished":"2020-04-16T19:36:07+00:00","dateModified":"2026-03-22T17:57:44+00:00","breadcrumb":{"@id":"https:\/\/www.leansp.com\/de\/lego-serious-play-experten\/online-hybrid-workshop-materials-starter-box\/#breadcrumb"},"inLanguage":"de","potentialAction":[{"@type":"ReadAction","target":["https:\/\/www.leansp.com\/de\/lego-serious-play-experten\/online-hybrid-workshop-materials-starter-box\/"]}]},{"@type":"ImageObject","inLanguage":"de","@id":"https:\/\/www.leansp.com\/de\/lego-serious-play-experten\/online-hybrid-workshop-materials-starter-box\/#primaryimage","url":"https:\/\/www.leansp.com\/eu\/wp-content\/uploads\/sites\/5\/2020\/04\/LSP-Starter-Box-Videoconference_720.jpg","contentUrl":"https:\/\/www.leansp.com\/eu\/wp-content\/uploads\/sites\/5\/2020\/04\/LSP-Starter-Box-Videoconference_720.jpg"},{"@type":"BreadcrumbList","@id":"https:\/\/www.leansp.com\/de\/lego-serious-play-experten\/online-hybrid-workshop-materials-starter-box\/#breadcrumb","itemListElement":[{"@type":"ListItem","position":1,"name":"Home","item":"https:\/\/www.leansp.com\/de\/"},{"@type":"ListItem","position":2,"name":"Verleih und Tools f\u00fcr LEGO\u00ae SERIOUS PLAY\u00ae Experten","item":"https:\/\/www.leansp.com\/de\/lego-serious-play-experten\/"},{"@type":"ListItem","position":3,"name":"Online Hybrid LEGO\u00ae SERIOUS PLAY\u00ae Workshop Material: Starter Box"}]},{"@type":"WebSite","@id":"https:\/\/www.leansp.com\/de\/#website","url":"https:\/\/www.leansp.com\/de\/","name":"Verleih LEGO\u00ae SERIOUS PLAY\u00ae LSP-Material","description":"LSP-Moderationskoffer LEGO\u00ae SERIOUS PLAY\u00ae leihen inkl. Versand vom Profi. Vorsortiert. Identity &amp; Landscape Set, Connections Kit, Window Bags.","publisher":{"@id":"https:\/\/www.leansp.com\/de\/#organization"},"potentialAction":[{"@type":"SearchAction","target":{"@type":"EntryPoint","urlTemplate":"https:\/\/www.leansp.com\/de\/?s={search_term_string}"},"query-input":{"@type":"PropertyValueSpecification","valueRequired":true,"valueName":"search_term_string"}}],"inLanguage":"de"},{"@type":"Organization","@id":"https:\/\/www.leansp.com\/de\/#organization","name":"LeanSP","url":"https:\/\/www.leansp.com\/de\/","logo":{"@type":"ImageObject","inLanguage":"de","@id":"https:\/\/www.leansp.com\/de\/#\/schema\/logo\/image\/","url":"https:\/\/www.leansp.com\/de\/wp-content\/uploads\/sites\/2\/2026\/03\/logo-clean.png","contentUrl":"https:\/\/www.leansp.com\/de\/wp-content\/uploads\/sites\/2\/2026\/03\/logo-clean.png","width":506,"height":168,"caption":"LeanSP"},"image":{"@id":"https:\/\/www.leansp.com\/de\/#\/schema\/logo\/image\/"}}]}},"_links":{"self":[{"href":"https:\/\/www.leansp.com\/de\/wp-json\/wp\/v2\/pages\/1077","targetHints":{"allow":["GET"]}}],"collection":[{"href":"https:\/\/www.leansp.com\/de\/wp-json\/wp\/v2\/pages"}],"about":[{"href":"https:\/\/www.leansp.com\/de\/wp-json\/wp\/v2\/types\/page"}],"author":[{"embeddable":true,"href":"https:\/\/www.leansp.com\/de\/wp-json\/wp\/v2\/users\/1"}],"replies":[{"embeddable":true,"href":"https:\/\/www.leansp.com\/de\/wp-json\/wp\/v2\/comments?post=1077"}],"version-history":[{"count":32,"href":"https:\/\/www.leansp.com\/de\/wp-json\/wp\/v2\/pages\/1077\/revisions"}],"predecessor-version":[{"id":1400,"href":"https:\/\/www.leansp.com\/de\/wp-json\/wp\/v2\/pages\/1077\/revisions\/1400"}],"up":[{"embeddable":true,"href":"https:\/\/www.leansp.com\/de\/wp-json\/wp\/v2\/pages\/21"}],"wp:attachment":[{"href":"https:\/\/www.leansp.com\/de\/wp-json\/wp\/v2\/media?parent=1077"}],"curies":[{"name":"wp","href":"https:\/\/api.w.org\/{rel}","templated":true}]}}