{"id":1116,"date":"2020-06-01T18:09:38","date_gmt":"2020-06-01T17:09:38","guid":{"rendered":"https:\/\/www.leansp.com\/de\/?page_id=1116"},"modified":"2020-10-12T14:32:24","modified_gmt":"2020-10-12T13:32:24","slug":"covid-19","status":"publish","type":"page","link":"https:\/\/www.leansp.com\/de\/covid-19\/","title":{"rendered":"COVID-19"},"content":{"rendered":"\n<p>Wir sind voll funktionsf\u00e4hig und freuen uns auf Ihre Bestellung. Wir arbeiten mit UPS f\u00fcr einen zuverl\u00e4ssigen internationalen Versand.<\/p>\n\n\n\n<p>Wir halten deutsche Gesundheits- und Sicherheitsstandards wie den <a rel=\"noreferrer noopener\" href=\"https:\/\/www.bmas.de\/SharedDocs\/Downloads\/DE\/PDF-Schwerpunkte\/sars-cov-2-arbeitsschutzstandard.pdf?__blob=publicationFile&amp;v=1\" target=\"_blank\">SARS-CoV-2-Arbeitsschutzstandard<\/a> ein. Informationen zum Ausleihen von Materialien: W\u00e4hrend eine Kontakt\u00fcbertragung des Virus im Allgemeinen eine untergeordnete Rolle zu spielen scheint, sollte das Virus nach maximal 72 Stunden auf Kunststoffen inaktiv sein. Siehe <a rel=\"noreferrer noopener\" href=\"https:\/\/www.rki.de\/DE\/Content\/InfAZ\/N\/Neuartiges_Coronavirus\/Steckbrief.html#doc13776792bodyText1\" target=\"_blank\">Robert-Koch-Institut<\/a> f\u00fcr Details. Da LSP mit den H\u00e4nden und nicht mit dem Mund praktiziert wird und der Versand ebenfalls etwa 2 Tage dauert, schlie\u00dfen wir daraus, dass das Risiko einer \u00dcbertragung durch die geliehenes Lego f\u00fcr LSP im professionellen Gebrauch mit Erwachsenen \u00e4u\u00dferst unwahrscheinlich ist. Wir haben entschieden, die Materialien nicht nach jedem Gebrauch zu desinfizieren, da Desinfektionsmittel Nebenwirkungen f\u00fcr die Gesundheit und die Umwelt haben, die in diesem Anwendungsfall die Vorteile nicht \u00fcberwiegen. Zudem folgen wir damit der Empfehlung von <a href=\"https:\/\/www.lego.com\/de-de\/service\/help\/onlinehilfe\/kontaktieren-sie-uns\/unsere-neuigkeiten-zu-covid-19-408100000019375\" target=\"_blank\" rel=\"noopener noreferrer\">LEGO\u00ae<\/a>: <i>&#8220;Falls Sie eine gr\u00f6\u00dfere Anzahl an Bausteinen in Ihrer Schule, Ihrem Ferienlager oder Ihrer Einrichtung verwenden, so k\u00f6nnen Sie die Steine schubweise innerhalb von 72 Stunden auswechseln bevor sie erneut genutzt werden.&#8221;<\/i><\/p>\n\n\n\n<p>Wenn Sie Fragen haben, wenden Sie sich bitte an: <a href=\"\/kontakt\">Kontakt<\/a><\/p>\n","protected":false},"excerpt":{"rendered":"<p>Wir sind voll funktionsf\u00e4hig und freuen uns auf Ihre Bestellung. Wir arbeiten mit UPS f\u00fcr einen zuverl\u00e4ssigen internationalen Versand. Wir halten deutsche Gesundheits- und Sicherheitsstandards wie den SARS-CoV-2-Arbeitsschutzstandard ein. Informationen zum Ausleihen von Materialien: W\u00e4hrend eine Kontakt\u00fcbertragung des Virus im Allgemeinen eine untergeordnete Rolle zu spielen scheint, sollte das Virus nach maximal 72 Stunden auf [&hellip;]<\/p>\n","protected":false},"author":1,"featured_media":0,"parent":0,"menu_order":0,"comment_status":"closed","ping_status":"closed","template":"","meta":{"footnotes":""},"class_list":["post-1116","page","type-page","status-publish","hentry"],"yoast_head":"<!-- This site is optimized with the Yoast SEO plugin v27.5 - https:\/\/yoast.com\/product\/yoast-seo-wordpress\/ -->\n<title>COVID-19 - Verleih LEGO\u00ae SERIOUS PLAY\u00ae LSP-Material<\/title>\n<meta name=\"robots\" content=\"index, follow, max-snippet:-1, max-image-preview:large, max-video-preview:-1\" \/>\n<link rel=\"canonical\" href=\"https:\/\/www.leansp.com\/de\/covid-19\/\" \/>\n<meta property=\"og:locale\" content=\"de_DE\" \/>\n<meta property=\"og:type\" content=\"article\" \/>\n<meta property=\"og:title\" content=\"COVID-19 - Verleih LEGO\u00ae SERIOUS PLAY\u00ae LSP-Material\" \/>\n<meta property=\"og:description\" content=\"Wir sind voll funktionsf\u00e4hig und freuen uns auf Ihre Bestellung. Wir arbeiten mit UPS f\u00fcr einen zuverl\u00e4ssigen internationalen Versand. Wir halten deutsche Gesundheits- und Sicherheitsstandards wie den SARS-CoV-2-Arbeitsschutzstandard ein. Informationen zum Ausleihen von Materialien: W\u00e4hrend eine Kontakt\u00fcbertragung des Virus im Allgemeinen eine untergeordnete Rolle zu spielen scheint, sollte das Virus nach maximal 72 Stunden auf [&hellip;]\" \/>\n<meta property=\"og:url\" content=\"https:\/\/www.leansp.com\/de\/covid-19\/\" \/>\n<meta property=\"og:site_name\" content=\"Verleih LEGO\u00ae SERIOUS PLAY\u00ae LSP-Material\" \/>\n<meta property=\"article:modified_time\" content=\"2020-10-12T13:32:24+00:00\" \/>\n<meta name=\"twitter:card\" content=\"summary_large_image\" \/>\n<meta name=\"twitter:label1\" content=\"Gesch\u00e4tzte Lesezeit\" \/>\n\t<meta name=\"twitter:data1\" content=\"1\u00a0Minute\" \/>\n<script type=\"application\/ld+json\" class=\"yoast-schema-graph\">{\"@context\":\"https:\\\/\\\/schema.org\",\"@graph\":[{\"@type\":\"WebPage\",\"@id\":\"https:\\\/\\\/www.leansp.com\\\/de\\\/covid-19\\\/\",\"url\":\"https:\\\/\\\/www.leansp.com\\\/de\\\/covid-19\\\/\",\"name\":\"COVID-19 - Verleih LEGO\u00ae SERIOUS PLAY\u00ae LSP-Material\",\"isPartOf\":{\"@id\":\"https:\\\/\\\/www.leansp.com\\\/de\\\/#website\"},\"datePublished\":\"2020-06-01T17:09:38+00:00\",\"dateModified\":\"2020-10-12T13:32:24+00:00\",\"breadcrumb\":{\"@id\":\"https:\\\/\\\/www.leansp.com\\\/de\\\/covid-19\\\/#breadcrumb\"},\"inLanguage\":\"de\",\"potentialAction\":[{\"@type\":\"ReadAction\",\"target\":[\"https:\\\/\\\/www.leansp.com\\\/de\\\/covid-19\\\/\"]}]},{\"@type\":\"BreadcrumbList\",\"@id\":\"https:\\\/\\\/www.leansp.com\\\/de\\\/covid-19\\\/#breadcrumb\",\"itemListElement\":[{\"@type\":\"ListItem\",\"position\":1,\"name\":\"Home\",\"item\":\"https:\\\/\\\/www.leansp.com\\\/de\\\/\"},{\"@type\":\"ListItem\",\"position\":2,\"name\":\"COVID-19\"}]},{\"@type\":\"WebSite\",\"@id\":\"https:\\\/\\\/www.leansp.com\\\/de\\\/#website\",\"url\":\"https:\\\/\\\/www.leansp.com\\\/de\\\/\",\"name\":\"Verleih LEGO\u00ae SERIOUS PLAY\u00ae LSP-Material\",\"description\":\"LSP-Moderationskoffer LEGO\u00ae SERIOUS PLAY\u00ae leihen inkl. Versand vom Profi. Vorsortiert. Identity &amp; Landscape Set, Connections Kit, Window Bags.\",\"publisher\":{\"@id\":\"https:\\\/\\\/www.leansp.com\\\/de\\\/#organization\"},\"potentialAction\":[{\"@type\":\"SearchAction\",\"target\":{\"@type\":\"EntryPoint\",\"urlTemplate\":\"https:\\\/\\\/www.leansp.com\\\/de\\\/?s={search_term_string}\"},\"query-input\":{\"@type\":\"PropertyValueSpecification\",\"valueRequired\":true,\"valueName\":\"search_term_string\"}}],\"inLanguage\":\"de\"},{\"@type\":\"Organization\",\"@id\":\"https:\\\/\\\/www.leansp.com\\\/de\\\/#organization\",\"name\":\"LeanSP\",\"url\":\"https:\\\/\\\/www.leansp.com\\\/de\\\/\",\"logo\":{\"@type\":\"ImageObject\",\"inLanguage\":\"de\",\"@id\":\"https:\\\/\\\/www.leansp.com\\\/de\\\/#\\\/schema\\\/logo\\\/image\\\/\",\"url\":\"https:\\\/\\\/www.leansp.com\\\/de\\\/wp-content\\\/uploads\\\/sites\\\/2\\\/2026\\\/03\\\/logo-clean.png\",\"contentUrl\":\"https:\\\/\\\/www.leansp.com\\\/de\\\/wp-content\\\/uploads\\\/sites\\\/2\\\/2026\\\/03\\\/logo-clean.png\",\"width\":506,\"height\":168,\"caption\":\"LeanSP\"},\"image\":{\"@id\":\"https:\\\/\\\/www.leansp.com\\\/de\\\/#\\\/schema\\\/logo\\\/image\\\/\"}}]}<\/script>\n<!-- \/ Yoast SEO plugin. -->","yoast_head_json":{"title":"COVID-19 - Verleih LEGO\u00ae SERIOUS PLAY\u00ae LSP-Material","robots":{"index":"index","follow":"follow","max-snippet":"max-snippet:-1","max-image-preview":"max-image-preview:large","max-video-preview":"max-video-preview:-1"},"canonical":"https:\/\/www.leansp.com\/de\/covid-19\/","og_locale":"de_DE","og_type":"article","og_title":"COVID-19 - Verleih LEGO\u00ae SERIOUS PLAY\u00ae LSP-Material","og_description":"Wir sind voll funktionsf\u00e4hig und freuen uns auf Ihre Bestellung. Wir arbeiten mit UPS f\u00fcr einen zuverl\u00e4ssigen internationalen Versand. Wir halten deutsche Gesundheits- und Sicherheitsstandards wie den SARS-CoV-2-Arbeitsschutzstandard ein. Informationen zum Ausleihen von Materialien: W\u00e4hrend eine Kontakt\u00fcbertragung des Virus im Allgemeinen eine untergeordnete Rolle zu spielen scheint, sollte das Virus nach maximal 72 Stunden auf [&hellip;]","og_url":"https:\/\/www.leansp.com\/de\/covid-19\/","og_site_name":"Verleih LEGO\u00ae SERIOUS PLAY\u00ae LSP-Material","article_modified_time":"2020-10-12T13:32:24+00:00","twitter_card":"summary_large_image","twitter_misc":{"Gesch\u00e4tzte Lesezeit":"1\u00a0Minute"},"schema":{"@context":"https:\/\/schema.org","@graph":[{"@type":"WebPage","@id":"https:\/\/www.leansp.com\/de\/covid-19\/","url":"https:\/\/www.leansp.com\/de\/covid-19\/","name":"COVID-19 - Verleih LEGO\u00ae SERIOUS PLAY\u00ae LSP-Material","isPartOf":{"@id":"https:\/\/www.leansp.com\/de\/#website"},"datePublished":"2020-06-01T17:09:38+00:00","dateModified":"2020-10-12T13:32:24+00:00","breadcrumb":{"@id":"https:\/\/www.leansp.com\/de\/covid-19\/#breadcrumb"},"inLanguage":"de","potentialAction":[{"@type":"ReadAction","target":["https:\/\/www.leansp.com\/de\/covid-19\/"]}]},{"@type":"BreadcrumbList","@id":"https:\/\/www.leansp.com\/de\/covid-19\/#breadcrumb","itemListElement":[{"@type":"ListItem","position":1,"name":"Home","item":"https:\/\/www.leansp.com\/de\/"},{"@type":"ListItem","position":2,"name":"COVID-19"}]},{"@type":"WebSite","@id":"https:\/\/www.leansp.com\/de\/#website","url":"https:\/\/www.leansp.com\/de\/","name":"Verleih LEGO\u00ae SERIOUS PLAY\u00ae LSP-Material","description":"LSP-Moderationskoffer LEGO\u00ae SERIOUS PLAY\u00ae leihen inkl. Versand vom Profi. Vorsortiert. Identity &amp; Landscape Set, Connections Kit, Window Bags.","publisher":{"@id":"https:\/\/www.leansp.com\/de\/#organization"},"potentialAction":[{"@type":"SearchAction","target":{"@type":"EntryPoint","urlTemplate":"https:\/\/www.leansp.com\/de\/?s={search_term_string}"},"query-input":{"@type":"PropertyValueSpecification","valueRequired":true,"valueName":"search_term_string"}}],"inLanguage":"de"},{"@type":"Organization","@id":"https:\/\/www.leansp.com\/de\/#organization","name":"LeanSP","url":"https:\/\/www.leansp.com\/de\/","logo":{"@type":"ImageObject","inLanguage":"de","@id":"https:\/\/www.leansp.com\/de\/#\/schema\/logo\/image\/","url":"https:\/\/www.leansp.com\/de\/wp-content\/uploads\/sites\/2\/2026\/03\/logo-clean.png","contentUrl":"https:\/\/www.leansp.com\/de\/wp-content\/uploads\/sites\/2\/2026\/03\/logo-clean.png","width":506,"height":168,"caption":"LeanSP"},"image":{"@id":"https:\/\/www.leansp.com\/de\/#\/schema\/logo\/image\/"}}]}},"_links":{"self":[{"href":"https:\/\/www.leansp.com\/de\/wp-json\/wp\/v2\/pages\/1116","targetHints":{"allow":["GET"]}}],"collection":[{"href":"https:\/\/www.leansp.com\/de\/wp-json\/wp\/v2\/pages"}],"about":[{"href":"https:\/\/www.leansp.com\/de\/wp-json\/wp\/v2\/types\/page"}],"author":[{"embeddable":true,"href":"https:\/\/www.leansp.com\/de\/wp-json\/wp\/v2\/users\/1"}],"replies":[{"embeddable":true,"href":"https:\/\/www.leansp.com\/de\/wp-json\/wp\/v2\/comments?post=1116"}],"version-history":[{"count":3,"href":"https:\/\/www.leansp.com\/de\/wp-json\/wp\/v2\/pages\/1116\/revisions"}],"predecessor-version":[{"id":1141,"href":"https:\/\/www.leansp.com\/de\/wp-json\/wp\/v2\/pages\/1116\/revisions\/1141"}],"wp:attachment":[{"href":"https:\/\/www.leansp.com\/de\/wp-json\/wp\/v2\/media?parent=1116"}],"curies":[{"name":"wp","href":"https:\/\/api.w.org\/{rel}","templated":true}]}}