{"id":1120,"date":"2020-07-09T21:09:19","date_gmt":"2020-07-09T20:09:19","guid":{"rendered":"https:\/\/www.leansp.com\/de\/?page_id=1120"},"modified":"2020-07-09T21:13:31","modified_gmt":"2020-07-09T20:13:31","slug":"nina-scheitweiler","status":"publish","type":"page","link":"https:\/\/www.leansp.com\/de\/lego-serious-play-moderator\/finden-marktplatz\/nina-scheitweiler\/","title":{"rendered":"Nina Scheitweiler"},"content":{"rendered":"<p><strong>LSP-Workshop:<\/strong><\/p>\n<p><b><span style=\"color: #2ecc71;\">\u2713<\/span><\/b> Denken mit den H\u00e4nden<br \/>\n<b><span style=\"color: #2ecc71;\">\u2713<\/span><\/b> Visualisierung von komplexen Herausforderungen<br \/>\n<b><span style=\"color: #2ecc71;\">\u2713<\/span><\/b> Strategie, Konzept, Zukunft: Vielf\u00e4ltiger Einsatz von LSP<br \/>\n<b><span style=\"color: #2ecc71;\">\u2713<\/span><\/b> Scrum Lernen mit LEGO\u00ae SERIOUS PLAY\u00ae<br \/>\n<b><span style=\"color: #2ecc71;\">\u2713<\/span><\/b> Agiles Arbeiten verstehen mit LEGO\u00ae SERIOUS PLAY\u00ae<\/p>\n<p>Nina Scheitweiler, zertifizierte Moderatorin mit LEGO\u00ae SERIOUS PLAY\u00ae:<br \/>\n<div class=\"row \"><div class=\" col-md-4 col-xs-12 col-sm-12\" ><img loading=\"lazy\" decoding=\"async\" src=\"https:\/\/www.leansp.com\/de\/wp-content\/uploads\/sites\/2\/2020\/07\/nina-scheitweiler.jpg\" alt=\"\" width=\"533\" height=\"533\" class=\"alignnone size-full wp-image-535\"><\/div>\n<div class=\" col-md-8 col-xs-12 col-sm-12\" >\nMit LEGO\u00ae SERIOUS PLAY\u00ae k\u00f6nnen Sie Fragestellungen aus Perspektiven beobachten, die Ihnen sonst verborgen bleiben. Sie denken mit den H\u00e4nden und k\u00f6nnen so Ihre Kreativit\u00e4t direkt mit der L\u00f6sung von Herausforderung verbinden. Das bringt Sie auf Ans\u00e4tze, die Ihnen selber vorher nicht bewusst waren.<\/p>\n<p>&nbsp;<\/p>\n<p><a class=\"btn btn-large uppercase btn-default btn-tomato btn-No color-white\" href=\"https:\/\/scheitweiler.de\" target=\"_blank\" rel=\"nofollow noopener noreferrer\">Ausf\u00fchrliches Profil <i class=\"glyphicon glyphicon glyphicon-chevron-right\" style=\"color: #ffffff;\"><\/i> <\/a><\/p>\n<p><\/div>\n<\/div><\/p>\n<p>&nbsp;<\/p>\n<p>&nbsp;<\/p>\n<p class=\"text-right\"><a href=\"\/de\/lego-serious-play-moderator\/finden-marktplatz\/\">Weitere Moderatoren anzeigen <i class=\"glyphicon glyphicon glyphicon-chevron-right\"><\/i><\/a><\/p>\n","protected":false},"excerpt":{"rendered":"<p>LSP-Workshop: \u2713 Denken mit den H\u00e4nden \u2713 Visualisierung von komplexen Herausforderungen \u2713 Strategie, Konzept, Zukunft: Vielf\u00e4ltiger Einsatz von LSP \u2713 Scrum Lernen mit LEGO\u00ae SERIOUS PLAY\u00ae \u2713 Agiles Arbeiten verstehen mit LEGO\u00ae SERIOUS PLAY\u00ae Nina Scheitweiler, zertifizierte Moderatorin mit LEGO\u00ae SERIOUS PLAY\u00ae: &nbsp; &nbsp; Weitere Moderatoren anzeigen<\/p>\n","protected":false},"author":1,"featured_media":0,"parent":33,"menu_order":0,"comment_status":"closed","ping_status":"closed","template":"","meta":{"footnotes":""},"class_list":["post-1120","page","type-page","status-publish","hentry"],"yoast_head":"<!-- This site is optimized with the Yoast SEO plugin v27.4 - https:\/\/yoast.com\/product\/yoast-seo-wordpress\/ -->\n<title>Nina Scheitweiler - Verleih LEGO\u00ae SERIOUS PLAY\u00ae LSP-Material<\/title>\n<meta name=\"robots\" content=\"index, follow, max-snippet:-1, max-image-preview:large, max-video-preview:-1\" \/>\n<link rel=\"canonical\" href=\"https:\/\/www.leansp.com\/de\/lego-serious-play-moderator\/finden-marktplatz\/nina-scheitweiler\/\" \/>\n<meta property=\"og:locale\" content=\"de_DE\" \/>\n<meta property=\"og:type\" content=\"article\" \/>\n<meta property=\"og:title\" content=\"Nina Scheitweiler - Verleih LEGO\u00ae SERIOUS PLAY\u00ae LSP-Material\" \/>\n<meta property=\"og:description\" content=\"LSP-Workshop: \u2713 Denken mit den H\u00e4nden \u2713 Visualisierung von komplexen Herausforderungen \u2713 Strategie, Konzept, Zukunft: Vielf\u00e4ltiger Einsatz von LSP \u2713 Scrum Lernen mit LEGO\u00ae SERIOUS PLAY\u00ae \u2713 Agiles Arbeiten verstehen mit LEGO\u00ae SERIOUS PLAY\u00ae Nina Scheitweiler, zertifizierte Moderatorin mit LEGO\u00ae SERIOUS PLAY\u00ae: &nbsp; &nbsp; Weitere Moderatoren anzeigen\" \/>\n<meta property=\"og:url\" content=\"https:\/\/www.leansp.com\/de\/lego-serious-play-moderator\/finden-marktplatz\/nina-scheitweiler\/\" \/>\n<meta property=\"og:site_name\" content=\"Verleih LEGO\u00ae SERIOUS PLAY\u00ae LSP-Material\" \/>\n<meta property=\"article:modified_time\" content=\"2020-07-09T20:13:31+00:00\" \/>\n<meta property=\"og:image\" content=\"https:\/\/www.leansp.com\/de\/wp-content\/uploads\/sites\/2\/2020\/07\/nina-scheitweiler.jpg\" \/>\n<meta name=\"twitter:card\" content=\"summary_large_image\" \/>\n<meta name=\"twitter:label1\" content=\"Gesch\u00e4tzte Lesezeit\" \/>\n\t<meta name=\"twitter:data1\" content=\"1\u00a0Minute\" \/>\n<script type=\"application\/ld+json\" class=\"yoast-schema-graph\">{\"@context\":\"https:\\\/\\\/schema.org\",\"@graph\":[{\"@type\":\"WebPage\",\"@id\":\"https:\\\/\\\/www.leansp.com\\\/de\\\/lego-serious-play-moderator\\\/finden-marktplatz\\\/nina-scheitweiler\\\/\",\"url\":\"https:\\\/\\\/www.leansp.com\\\/de\\\/lego-serious-play-moderator\\\/finden-marktplatz\\\/nina-scheitweiler\\\/\",\"name\":\"Nina Scheitweiler - Verleih LEGO\u00ae SERIOUS PLAY\u00ae LSP-Material\",\"isPartOf\":{\"@id\":\"https:\\\/\\\/www.leansp.com\\\/de\\\/#website\"},\"primaryImageOfPage\":{\"@id\":\"https:\\\/\\\/www.leansp.com\\\/de\\\/lego-serious-play-moderator\\\/finden-marktplatz\\\/nina-scheitweiler\\\/#primaryimage\"},\"image\":{\"@id\":\"https:\\\/\\\/www.leansp.com\\\/de\\\/lego-serious-play-moderator\\\/finden-marktplatz\\\/nina-scheitweiler\\\/#primaryimage\"},\"thumbnailUrl\":\"https:\\\/\\\/www.leansp.com\\\/de\\\/wp-content\\\/uploads\\\/sites\\\/2\\\/2020\\\/07\\\/nina-scheitweiler.jpg\",\"datePublished\":\"2020-07-09T20:09:19+00:00\",\"dateModified\":\"2020-07-09T20:13:31+00:00\",\"breadcrumb\":{\"@id\":\"https:\\\/\\\/www.leansp.com\\\/de\\\/lego-serious-play-moderator\\\/finden-marktplatz\\\/nina-scheitweiler\\\/#breadcrumb\"},\"inLanguage\":\"de\",\"potentialAction\":[{\"@type\":\"ReadAction\",\"target\":[\"https:\\\/\\\/www.leansp.com\\\/de\\\/lego-serious-play-moderator\\\/finden-marktplatz\\\/nina-scheitweiler\\\/\"]}]},{\"@type\":\"ImageObject\",\"inLanguage\":\"de\",\"@id\":\"https:\\\/\\\/www.leansp.com\\\/de\\\/lego-serious-play-moderator\\\/finden-marktplatz\\\/nina-scheitweiler\\\/#primaryimage\",\"url\":\"https:\\\/\\\/www.leansp.com\\\/de\\\/wp-content\\\/uploads\\\/sites\\\/2\\\/2020\\\/07\\\/nina-scheitweiler.jpg\",\"contentUrl\":\"https:\\\/\\\/www.leansp.com\\\/de\\\/wp-content\\\/uploads\\\/sites\\\/2\\\/2020\\\/07\\\/nina-scheitweiler.jpg\",\"width\":690,\"height\":690},{\"@type\":\"BreadcrumbList\",\"@id\":\"https:\\\/\\\/www.leansp.com\\\/de\\\/lego-serious-play-moderator\\\/finden-marktplatz\\\/nina-scheitweiler\\\/#breadcrumb\",\"itemListElement\":[{\"@type\":\"ListItem\",\"position\":1,\"name\":\"Home\",\"item\":\"https:\\\/\\\/www.leansp.com\\\/de\\\/\"},{\"@type\":\"ListItem\",\"position\":2,\"name\":\"Moderatoren f\u00fcr Workshops mit LEGO\u00ae SERIOUS PLAY\u00ae\",\"item\":\"https:\\\/\\\/www.leansp.com\\\/de\\\/lego-serious-play-moderator\\\/\"},{\"@type\":\"ListItem\",\"position\":3,\"name\":\"Den passenden Moderator f\u00fcr Workshops f\u00fcr LEGO\u00ae SERIOUS PLAY\u00ae finden\",\"item\":\"https:\\\/\\\/www.leansp.com\\\/de\\\/lego-serious-play-moderator\\\/finden-marktplatz\\\/\"},{\"@type\":\"ListItem\",\"position\":4,\"name\":\"Nina Scheitweiler\"}]},{\"@type\":\"WebSite\",\"@id\":\"https:\\\/\\\/www.leansp.com\\\/de\\\/#website\",\"url\":\"https:\\\/\\\/www.leansp.com\\\/de\\\/\",\"name\":\"Verleih LEGO\u00ae SERIOUS PLAY\u00ae LSP-Material\",\"description\":\"LSP-Moderationskoffer LEGO\u00ae SERIOUS PLAY\u00ae leihen inkl. Versand vom Profi. Vorsortiert. Identity &amp; Landscape Set, Connections Kit, Window Bags.\",\"publisher\":{\"@id\":\"https:\\\/\\\/www.leansp.com\\\/de\\\/#organization\"},\"potentialAction\":[{\"@type\":\"SearchAction\",\"target\":{\"@type\":\"EntryPoint\",\"urlTemplate\":\"https:\\\/\\\/www.leansp.com\\\/de\\\/?s={search_term_string}\"},\"query-input\":{\"@type\":\"PropertyValueSpecification\",\"valueRequired\":true,\"valueName\":\"search_term_string\"}}],\"inLanguage\":\"de\"},{\"@type\":\"Organization\",\"@id\":\"https:\\\/\\\/www.leansp.com\\\/de\\\/#organization\",\"name\":\"LeanSP\",\"url\":\"https:\\\/\\\/www.leansp.com\\\/de\\\/\",\"logo\":{\"@type\":\"ImageObject\",\"inLanguage\":\"de\",\"@id\":\"https:\\\/\\\/www.leansp.com\\\/de\\\/#\\\/schema\\\/logo\\\/image\\\/\",\"url\":\"https:\\\/\\\/www.leansp.com\\\/de\\\/wp-content\\\/uploads\\\/sites\\\/2\\\/2026\\\/03\\\/logo-clean.png\",\"contentUrl\":\"https:\\\/\\\/www.leansp.com\\\/de\\\/wp-content\\\/uploads\\\/sites\\\/2\\\/2026\\\/03\\\/logo-clean.png\",\"width\":506,\"height\":168,\"caption\":\"LeanSP\"},\"image\":{\"@id\":\"https:\\\/\\\/www.leansp.com\\\/de\\\/#\\\/schema\\\/logo\\\/image\\\/\"}}]}<\/script>\n<!-- \/ Yoast SEO plugin. -->","yoast_head_json":{"title":"Nina Scheitweiler - Verleih LEGO\u00ae SERIOUS PLAY\u00ae LSP-Material","robots":{"index":"index","follow":"follow","max-snippet":"max-snippet:-1","max-image-preview":"max-image-preview:large","max-video-preview":"max-video-preview:-1"},"canonical":"https:\/\/www.leansp.com\/de\/lego-serious-play-moderator\/finden-marktplatz\/nina-scheitweiler\/","og_locale":"de_DE","og_type":"article","og_title":"Nina Scheitweiler - Verleih LEGO\u00ae SERIOUS PLAY\u00ae LSP-Material","og_description":"LSP-Workshop: \u2713 Denken mit den H\u00e4nden \u2713 Visualisierung von komplexen Herausforderungen \u2713 Strategie, Konzept, Zukunft: Vielf\u00e4ltiger Einsatz von LSP \u2713 Scrum Lernen mit LEGO\u00ae SERIOUS PLAY\u00ae \u2713 Agiles Arbeiten verstehen mit LEGO\u00ae SERIOUS PLAY\u00ae Nina Scheitweiler, zertifizierte Moderatorin mit LEGO\u00ae SERIOUS PLAY\u00ae: &nbsp; &nbsp; Weitere Moderatoren anzeigen","og_url":"https:\/\/www.leansp.com\/de\/lego-serious-play-moderator\/finden-marktplatz\/nina-scheitweiler\/","og_site_name":"Verleih LEGO\u00ae SERIOUS PLAY\u00ae LSP-Material","article_modified_time":"2020-07-09T20:13:31+00:00","og_image":[{"url":"https:\/\/www.leansp.com\/de\/wp-content\/uploads\/sites\/2\/2020\/07\/nina-scheitweiler.jpg","type":"","width":"","height":""}],"twitter_card":"summary_large_image","twitter_misc":{"Gesch\u00e4tzte Lesezeit":"1\u00a0Minute"},"schema":{"@context":"https:\/\/schema.org","@graph":[{"@type":"WebPage","@id":"https:\/\/www.leansp.com\/de\/lego-serious-play-moderator\/finden-marktplatz\/nina-scheitweiler\/","url":"https:\/\/www.leansp.com\/de\/lego-serious-play-moderator\/finden-marktplatz\/nina-scheitweiler\/","name":"Nina Scheitweiler - Verleih LEGO\u00ae SERIOUS PLAY\u00ae LSP-Material","isPartOf":{"@id":"https:\/\/www.leansp.com\/de\/#website"},"primaryImageOfPage":{"@id":"https:\/\/www.leansp.com\/de\/lego-serious-play-moderator\/finden-marktplatz\/nina-scheitweiler\/#primaryimage"},"image":{"@id":"https:\/\/www.leansp.com\/de\/lego-serious-play-moderator\/finden-marktplatz\/nina-scheitweiler\/#primaryimage"},"thumbnailUrl":"https:\/\/www.leansp.com\/de\/wp-content\/uploads\/sites\/2\/2020\/07\/nina-scheitweiler.jpg","datePublished":"2020-07-09T20:09:19+00:00","dateModified":"2020-07-09T20:13:31+00:00","breadcrumb":{"@id":"https:\/\/www.leansp.com\/de\/lego-serious-play-moderator\/finden-marktplatz\/nina-scheitweiler\/#breadcrumb"},"inLanguage":"de","potentialAction":[{"@type":"ReadAction","target":["https:\/\/www.leansp.com\/de\/lego-serious-play-moderator\/finden-marktplatz\/nina-scheitweiler\/"]}]},{"@type":"ImageObject","inLanguage":"de","@id":"https:\/\/www.leansp.com\/de\/lego-serious-play-moderator\/finden-marktplatz\/nina-scheitweiler\/#primaryimage","url":"https:\/\/www.leansp.com\/de\/wp-content\/uploads\/sites\/2\/2020\/07\/nina-scheitweiler.jpg","contentUrl":"https:\/\/www.leansp.com\/de\/wp-content\/uploads\/sites\/2\/2020\/07\/nina-scheitweiler.jpg","width":690,"height":690},{"@type":"BreadcrumbList","@id":"https:\/\/www.leansp.com\/de\/lego-serious-play-moderator\/finden-marktplatz\/nina-scheitweiler\/#breadcrumb","itemListElement":[{"@type":"ListItem","position":1,"name":"Home","item":"https:\/\/www.leansp.com\/de\/"},{"@type":"ListItem","position":2,"name":"Moderatoren f\u00fcr Workshops mit LEGO\u00ae SERIOUS PLAY\u00ae","item":"https:\/\/www.leansp.com\/de\/lego-serious-play-moderator\/"},{"@type":"ListItem","position":3,"name":"Den passenden Moderator f\u00fcr Workshops f\u00fcr LEGO\u00ae SERIOUS PLAY\u00ae finden","item":"https:\/\/www.leansp.com\/de\/lego-serious-play-moderator\/finden-marktplatz\/"},{"@type":"ListItem","position":4,"name":"Nina Scheitweiler"}]},{"@type":"WebSite","@id":"https:\/\/www.leansp.com\/de\/#website","url":"https:\/\/www.leansp.com\/de\/","name":"Verleih LEGO\u00ae SERIOUS PLAY\u00ae LSP-Material","description":"LSP-Moderationskoffer LEGO\u00ae SERIOUS PLAY\u00ae leihen inkl. Versand vom Profi. Vorsortiert. Identity &amp; Landscape Set, Connections Kit, Window Bags.","publisher":{"@id":"https:\/\/www.leansp.com\/de\/#organization"},"potentialAction":[{"@type":"SearchAction","target":{"@type":"EntryPoint","urlTemplate":"https:\/\/www.leansp.com\/de\/?s={search_term_string}"},"query-input":{"@type":"PropertyValueSpecification","valueRequired":true,"valueName":"search_term_string"}}],"inLanguage":"de"},{"@type":"Organization","@id":"https:\/\/www.leansp.com\/de\/#organization","name":"LeanSP","url":"https:\/\/www.leansp.com\/de\/","logo":{"@type":"ImageObject","inLanguage":"de","@id":"https:\/\/www.leansp.com\/de\/#\/schema\/logo\/image\/","url":"https:\/\/www.leansp.com\/de\/wp-content\/uploads\/sites\/2\/2026\/03\/logo-clean.png","contentUrl":"https:\/\/www.leansp.com\/de\/wp-content\/uploads\/sites\/2\/2026\/03\/logo-clean.png","width":506,"height":168,"caption":"LeanSP"},"image":{"@id":"https:\/\/www.leansp.com\/de\/#\/schema\/logo\/image\/"}}]}},"_links":{"self":[{"href":"https:\/\/www.leansp.com\/de\/wp-json\/wp\/v2\/pages\/1120","targetHints":{"allow":["GET"]}}],"collection":[{"href":"https:\/\/www.leansp.com\/de\/wp-json\/wp\/v2\/pages"}],"about":[{"href":"https:\/\/www.leansp.com\/de\/wp-json\/wp\/v2\/types\/page"}],"author":[{"embeddable":true,"href":"https:\/\/www.leansp.com\/de\/wp-json\/wp\/v2\/users\/1"}],"replies":[{"embeddable":true,"href":"https:\/\/www.leansp.com\/de\/wp-json\/wp\/v2\/comments?post=1120"}],"version-history":[{"count":4,"href":"https:\/\/www.leansp.com\/de\/wp-json\/wp\/v2\/pages\/1120\/revisions"}],"predecessor-version":[{"id":1125,"href":"https:\/\/www.leansp.com\/de\/wp-json\/wp\/v2\/pages\/1120\/revisions\/1125"}],"up":[{"embeddable":true,"href":"https:\/\/www.leansp.com\/de\/wp-json\/wp\/v2\/pages\/33"}],"wp:attachment":[{"href":"https:\/\/www.leansp.com\/de\/wp-json\/wp\/v2\/media?parent=1120"}],"curies":[{"name":"wp","href":"https:\/\/api.w.org\/{rel}","templated":true}]}}