{"id":1179,"date":"2022-02-19T23:11:17","date_gmt":"2022-02-19T22:11:17","guid":{"rendered":"https:\/\/www.leansp.com\/de\/?page_id=1179"},"modified":"2022-02-19T23:12:31","modified_gmt":"2022-02-19T22:12:31","slug":"michael-hufelschulte","status":"publish","type":"page","link":"https:\/\/www.leansp.com\/de\/lego-serious-play-moderator\/finden-marktplatz\/michael-hufelschulte\/","title":{"rendered":"Michael Hufelschulte"},"content":{"rendered":"<p><strong>LSP-Workshops:<\/strong><\/p>\n<p><b><span style=\"color: #2ecc71;\">\u2713<\/span><\/b> Denken mit den H\u00e4nden<br \/>\n<b><span style=\"color: #2ecc71;\">\u2713<\/span><\/b> Visualisierung von komplexen Herausforderungen<br \/>\n<b><span style=\"color: #2ecc71;\">\u2713<\/span><\/b> Strategie, Konzept, Zukunft: Vielf\u00e4ltiger Einsatz von LSP<br \/>\n<b><span style=\"color: #2ecc71;\">\u2713<\/span><\/b> Gesch\u00e4ftsmodelle entwickeln auch im Bereich Disruption und Change Management<br \/>\n<b><span style=\"color: #2ecc71;\">\u2713<\/span><\/b> Agiles Arbeiten verstehen mit LEGO\u00ae SERIOUS PLAY\u00ae<\/p>\n<p>Michael Hufelschulte, zertifizierter Moderator mit LEGO\u00ae SERIOUS PLAY\u00ae:<\/p>\n<div class=\"row \"><div class=\" col-md-4 col-xs-12 col-sm-12\" ><img decoding=\"async\" src=\"https:\/\/www.leansp.com\/de\/wp-content\/uploads\/sites\/2\/2022\/02\/Michael-Hufelschulte.jpg\" alt=\"\" class=\"alignnone size-large wp-image-803\"><\/div>\n<div class=\" col-md-8 col-xs-12 col-sm-12\" ><\/p>\n<p>Als Berater komme ich immer wieder in die Situation, in denen innoviert oder ver\u00e4ndert werden muss, in denen Prozesse oder sogar Strategien entwickelt werden m\u00fcssen oder in denen im Rahmen von (manchmal) disruptiven Prozesse ganz neue Gesch\u00e4ftsmodelle entwickelt werden m\u00fcssen. LEGO\u00ae Serious Play\u00ae ist eine hervorragende Methode um Menschen aus ihren Silos zu holen und interdisziplin\u00e4r Neues entstehen zu lassen. Das kann man im Kopf auf dem Flipchart, wie wir es seit Jahrzehnten mit Brainstorming Methoden machen. Das kann man aber auch durch Denken mit den H\u00e4nden mit LSP.<\/p>\n<p><a class=\"btn btn-large uppercase btn-default btn-tomato btn-No color-white\" href=\"https:\/\/www.linkedin.com\/in\/michaelhufelschulte\/\">Ausf\u00fchrliches Profil <i class=\"glyphicon glyphicon glyphicon-chevron-right\" style=\"color: #ffffff;\"><\/i> <\/a><\/p>\n<p><\/div>\n<\/div>\n<p>&nbsp;<\/p>\n<p>&nbsp;<\/p>\n<p class=\"text-right\"><a href=\"\/de\/lego-serious-play-moderator\/finden-marktplatz\/\">Weitere Moderatoren anzeigen <i class=\"glyphicon glyphicon glyphicon-chevron-right\"><\/i><\/a><\/p>\n","protected":false},"excerpt":{"rendered":"<p>LSP-Workshops: \u2713 Denken mit den H\u00e4nden \u2713 Visualisierung von komplexen Herausforderungen \u2713 Strategie, Konzept, Zukunft: Vielf\u00e4ltiger Einsatz von LSP \u2713 Gesch\u00e4ftsmodelle entwickeln auch im Bereich Disruption und Change Management \u2713 Agiles Arbeiten verstehen mit LEGO\u00ae SERIOUS PLAY\u00ae Michael Hufelschulte, zertifizierter Moderator mit LEGO\u00ae SERIOUS PLAY\u00ae: &nbsp; &nbsp; Weitere Moderatoren anzeigen<\/p>\n","protected":false},"author":1,"featured_media":1180,"parent":33,"menu_order":0,"comment_status":"closed","ping_status":"closed","template":"","meta":{"footnotes":""},"class_list":["post-1179","page","type-page","status-publish","has-post-thumbnail","hentry"],"yoast_head":"<!-- This site is optimized with the Yoast SEO plugin v27.5 - https:\/\/yoast.com\/product\/yoast-seo-wordpress\/ -->\n<title>Michael Hufelschulte - Verleih LEGO\u00ae SERIOUS PLAY\u00ae LSP-Material<\/title>\n<meta name=\"robots\" content=\"index, follow, max-snippet:-1, max-image-preview:large, max-video-preview:-1\" \/>\n<link rel=\"canonical\" href=\"https:\/\/www.leansp.com\/de\/lego-serious-play-moderator\/finden-marktplatz\/michael-hufelschulte\/\" \/>\n<meta property=\"og:locale\" content=\"de_DE\" \/>\n<meta property=\"og:type\" content=\"article\" \/>\n<meta property=\"og:title\" content=\"Michael Hufelschulte - Verleih LEGO\u00ae SERIOUS PLAY\u00ae LSP-Material\" \/>\n<meta property=\"og:description\" content=\"LSP-Workshops: \u2713 Denken mit den H\u00e4nden \u2713 Visualisierung von komplexen Herausforderungen \u2713 Strategie, Konzept, Zukunft: Vielf\u00e4ltiger Einsatz von LSP \u2713 Gesch\u00e4ftsmodelle entwickeln auch im Bereich Disruption und Change Management \u2713 Agiles Arbeiten verstehen mit LEGO\u00ae SERIOUS PLAY\u00ae Michael Hufelschulte, zertifizierter Moderator mit LEGO\u00ae SERIOUS PLAY\u00ae: &nbsp; &nbsp; Weitere Moderatoren anzeigen\" \/>\n<meta property=\"og:url\" content=\"https:\/\/www.leansp.com\/de\/lego-serious-play-moderator\/finden-marktplatz\/michael-hufelschulte\/\" \/>\n<meta property=\"og:site_name\" content=\"Verleih LEGO\u00ae SERIOUS PLAY\u00ae LSP-Material\" \/>\n<meta property=\"article:modified_time\" content=\"2022-02-19T22:12:31+00:00\" \/>\n<meta property=\"og:image\" content=\"https:\/\/www.leansp.com\/de\/wp-content\/uploads\/sites\/2\/2022\/02\/Michael-Hufelschulte.jpg\" \/>\n\t<meta property=\"og:image:width\" content=\"400\" \/>\n\t<meta property=\"og:image:height\" content=\"400\" \/>\n\t<meta property=\"og:image:type\" content=\"image\/jpeg\" \/>\n<meta name=\"twitter:card\" content=\"summary_large_image\" \/>\n<meta name=\"twitter:label1\" content=\"Gesch\u00e4tzte Lesezeit\" \/>\n\t<meta name=\"twitter:data1\" content=\"2\u00a0Minuten\" \/>\n<script type=\"application\/ld+json\" class=\"yoast-schema-graph\">{\"@context\":\"https:\\\/\\\/schema.org\",\"@graph\":[{\"@type\":\"WebPage\",\"@id\":\"https:\\\/\\\/www.leansp.com\\\/de\\\/lego-serious-play-moderator\\\/finden-marktplatz\\\/michael-hufelschulte\\\/\",\"url\":\"https:\\\/\\\/www.leansp.com\\\/de\\\/lego-serious-play-moderator\\\/finden-marktplatz\\\/michael-hufelschulte\\\/\",\"name\":\"Michael Hufelschulte - Verleih LEGO\u00ae SERIOUS PLAY\u00ae LSP-Material\",\"isPartOf\":{\"@id\":\"https:\\\/\\\/www.leansp.com\\\/de\\\/#website\"},\"primaryImageOfPage\":{\"@id\":\"https:\\\/\\\/www.leansp.com\\\/de\\\/lego-serious-play-moderator\\\/finden-marktplatz\\\/michael-hufelschulte\\\/#primaryimage\"},\"image\":{\"@id\":\"https:\\\/\\\/www.leansp.com\\\/de\\\/lego-serious-play-moderator\\\/finden-marktplatz\\\/michael-hufelschulte\\\/#primaryimage\"},\"thumbnailUrl\":\"https:\\\/\\\/www.leansp.com\\\/de\\\/wp-content\\\/uploads\\\/sites\\\/2\\\/2022\\\/02\\\/Michael-Hufelschulte.jpg\",\"datePublished\":\"2022-02-19T22:11:17+00:00\",\"dateModified\":\"2022-02-19T22:12:31+00:00\",\"breadcrumb\":{\"@id\":\"https:\\\/\\\/www.leansp.com\\\/de\\\/lego-serious-play-moderator\\\/finden-marktplatz\\\/michael-hufelschulte\\\/#breadcrumb\"},\"inLanguage\":\"de\",\"potentialAction\":[{\"@type\":\"ReadAction\",\"target\":[\"https:\\\/\\\/www.leansp.com\\\/de\\\/lego-serious-play-moderator\\\/finden-marktplatz\\\/michael-hufelschulte\\\/\"]}]},{\"@type\":\"ImageObject\",\"inLanguage\":\"de\",\"@id\":\"https:\\\/\\\/www.leansp.com\\\/de\\\/lego-serious-play-moderator\\\/finden-marktplatz\\\/michael-hufelschulte\\\/#primaryimage\",\"url\":\"https:\\\/\\\/www.leansp.com\\\/de\\\/wp-content\\\/uploads\\\/sites\\\/2\\\/2022\\\/02\\\/Michael-Hufelschulte.jpg\",\"contentUrl\":\"https:\\\/\\\/www.leansp.com\\\/de\\\/wp-content\\\/uploads\\\/sites\\\/2\\\/2022\\\/02\\\/Michael-Hufelschulte.jpg\",\"width\":400,\"height\":400},{\"@type\":\"BreadcrumbList\",\"@id\":\"https:\\\/\\\/www.leansp.com\\\/de\\\/lego-serious-play-moderator\\\/finden-marktplatz\\\/michael-hufelschulte\\\/#breadcrumb\",\"itemListElement\":[{\"@type\":\"ListItem\",\"position\":1,\"name\":\"Home\",\"item\":\"https:\\\/\\\/www.leansp.com\\\/de\\\/\"},{\"@type\":\"ListItem\",\"position\":2,\"name\":\"Moderatoren f\u00fcr Workshops mit LEGO\u00ae SERIOUS PLAY\u00ae\",\"item\":\"https:\\\/\\\/www.leansp.com\\\/de\\\/lego-serious-play-moderator\\\/\"},{\"@type\":\"ListItem\",\"position\":3,\"name\":\"Den passenden Moderator f\u00fcr Workshops f\u00fcr LEGO\u00ae SERIOUS PLAY\u00ae finden\",\"item\":\"https:\\\/\\\/www.leansp.com\\\/de\\\/lego-serious-play-moderator\\\/finden-marktplatz\\\/\"},{\"@type\":\"ListItem\",\"position\":4,\"name\":\"Michael Hufelschulte\"}]},{\"@type\":\"WebSite\",\"@id\":\"https:\\\/\\\/www.leansp.com\\\/de\\\/#website\",\"url\":\"https:\\\/\\\/www.leansp.com\\\/de\\\/\",\"name\":\"Verleih LEGO\u00ae SERIOUS PLAY\u00ae LSP-Material\",\"description\":\"LSP-Moderationskoffer LEGO\u00ae SERIOUS PLAY\u00ae leihen inkl. Versand vom Profi. Vorsortiert. Identity &amp; Landscape Set, Connections Kit, Window Bags.\",\"publisher\":{\"@id\":\"https:\\\/\\\/www.leansp.com\\\/de\\\/#organization\"},\"potentialAction\":[{\"@type\":\"SearchAction\",\"target\":{\"@type\":\"EntryPoint\",\"urlTemplate\":\"https:\\\/\\\/www.leansp.com\\\/de\\\/?s={search_term_string}\"},\"query-input\":{\"@type\":\"PropertyValueSpecification\",\"valueRequired\":true,\"valueName\":\"search_term_string\"}}],\"inLanguage\":\"de\"},{\"@type\":\"Organization\",\"@id\":\"https:\\\/\\\/www.leansp.com\\\/de\\\/#organization\",\"name\":\"LeanSP\",\"url\":\"https:\\\/\\\/www.leansp.com\\\/de\\\/\",\"logo\":{\"@type\":\"ImageObject\",\"inLanguage\":\"de\",\"@id\":\"https:\\\/\\\/www.leansp.com\\\/de\\\/#\\\/schema\\\/logo\\\/image\\\/\",\"url\":\"https:\\\/\\\/www.leansp.com\\\/de\\\/wp-content\\\/uploads\\\/sites\\\/2\\\/2026\\\/03\\\/logo-clean.png\",\"contentUrl\":\"https:\\\/\\\/www.leansp.com\\\/de\\\/wp-content\\\/uploads\\\/sites\\\/2\\\/2026\\\/03\\\/logo-clean.png\",\"width\":506,\"height\":168,\"caption\":\"LeanSP\"},\"image\":{\"@id\":\"https:\\\/\\\/www.leansp.com\\\/de\\\/#\\\/schema\\\/logo\\\/image\\\/\"}}]}<\/script>\n<!-- \/ Yoast SEO plugin. -->","yoast_head_json":{"title":"Michael Hufelschulte - Verleih LEGO\u00ae SERIOUS PLAY\u00ae LSP-Material","robots":{"index":"index","follow":"follow","max-snippet":"max-snippet:-1","max-image-preview":"max-image-preview:large","max-video-preview":"max-video-preview:-1"},"canonical":"https:\/\/www.leansp.com\/de\/lego-serious-play-moderator\/finden-marktplatz\/michael-hufelschulte\/","og_locale":"de_DE","og_type":"article","og_title":"Michael Hufelschulte - Verleih LEGO\u00ae SERIOUS PLAY\u00ae LSP-Material","og_description":"LSP-Workshops: \u2713 Denken mit den H\u00e4nden \u2713 Visualisierung von komplexen Herausforderungen \u2713 Strategie, Konzept, Zukunft: Vielf\u00e4ltiger Einsatz von LSP \u2713 Gesch\u00e4ftsmodelle entwickeln auch im Bereich Disruption und Change Management \u2713 Agiles Arbeiten verstehen mit LEGO\u00ae SERIOUS PLAY\u00ae Michael Hufelschulte, zertifizierter Moderator mit LEGO\u00ae SERIOUS PLAY\u00ae: &nbsp; &nbsp; Weitere Moderatoren anzeigen","og_url":"https:\/\/www.leansp.com\/de\/lego-serious-play-moderator\/finden-marktplatz\/michael-hufelschulte\/","og_site_name":"Verleih LEGO\u00ae SERIOUS PLAY\u00ae LSP-Material","article_modified_time":"2022-02-19T22:12:31+00:00","og_image":[{"width":400,"height":400,"url":"https:\/\/www.leansp.com\/de\/wp-content\/uploads\/sites\/2\/2022\/02\/Michael-Hufelschulte.jpg","type":"image\/jpeg"}],"twitter_card":"summary_large_image","twitter_misc":{"Gesch\u00e4tzte Lesezeit":"2\u00a0Minuten"},"schema":{"@context":"https:\/\/schema.org","@graph":[{"@type":"WebPage","@id":"https:\/\/www.leansp.com\/de\/lego-serious-play-moderator\/finden-marktplatz\/michael-hufelschulte\/","url":"https:\/\/www.leansp.com\/de\/lego-serious-play-moderator\/finden-marktplatz\/michael-hufelschulte\/","name":"Michael Hufelschulte - Verleih LEGO\u00ae SERIOUS PLAY\u00ae LSP-Material","isPartOf":{"@id":"https:\/\/www.leansp.com\/de\/#website"},"primaryImageOfPage":{"@id":"https:\/\/www.leansp.com\/de\/lego-serious-play-moderator\/finden-marktplatz\/michael-hufelschulte\/#primaryimage"},"image":{"@id":"https:\/\/www.leansp.com\/de\/lego-serious-play-moderator\/finden-marktplatz\/michael-hufelschulte\/#primaryimage"},"thumbnailUrl":"https:\/\/www.leansp.com\/de\/wp-content\/uploads\/sites\/2\/2022\/02\/Michael-Hufelschulte.jpg","datePublished":"2022-02-19T22:11:17+00:00","dateModified":"2022-02-19T22:12:31+00:00","breadcrumb":{"@id":"https:\/\/www.leansp.com\/de\/lego-serious-play-moderator\/finden-marktplatz\/michael-hufelschulte\/#breadcrumb"},"inLanguage":"de","potentialAction":[{"@type":"ReadAction","target":["https:\/\/www.leansp.com\/de\/lego-serious-play-moderator\/finden-marktplatz\/michael-hufelschulte\/"]}]},{"@type":"ImageObject","inLanguage":"de","@id":"https:\/\/www.leansp.com\/de\/lego-serious-play-moderator\/finden-marktplatz\/michael-hufelschulte\/#primaryimage","url":"https:\/\/www.leansp.com\/de\/wp-content\/uploads\/sites\/2\/2022\/02\/Michael-Hufelschulte.jpg","contentUrl":"https:\/\/www.leansp.com\/de\/wp-content\/uploads\/sites\/2\/2022\/02\/Michael-Hufelschulte.jpg","width":400,"height":400},{"@type":"BreadcrumbList","@id":"https:\/\/www.leansp.com\/de\/lego-serious-play-moderator\/finden-marktplatz\/michael-hufelschulte\/#breadcrumb","itemListElement":[{"@type":"ListItem","position":1,"name":"Home","item":"https:\/\/www.leansp.com\/de\/"},{"@type":"ListItem","position":2,"name":"Moderatoren f\u00fcr Workshops mit LEGO\u00ae SERIOUS PLAY\u00ae","item":"https:\/\/www.leansp.com\/de\/lego-serious-play-moderator\/"},{"@type":"ListItem","position":3,"name":"Den passenden Moderator f\u00fcr Workshops f\u00fcr LEGO\u00ae SERIOUS PLAY\u00ae finden","item":"https:\/\/www.leansp.com\/de\/lego-serious-play-moderator\/finden-marktplatz\/"},{"@type":"ListItem","position":4,"name":"Michael Hufelschulte"}]},{"@type":"WebSite","@id":"https:\/\/www.leansp.com\/de\/#website","url":"https:\/\/www.leansp.com\/de\/","name":"Verleih LEGO\u00ae SERIOUS PLAY\u00ae LSP-Material","description":"LSP-Moderationskoffer LEGO\u00ae SERIOUS PLAY\u00ae leihen inkl. Versand vom Profi. Vorsortiert. Identity &amp; Landscape Set, Connections Kit, Window Bags.","publisher":{"@id":"https:\/\/www.leansp.com\/de\/#organization"},"potentialAction":[{"@type":"SearchAction","target":{"@type":"EntryPoint","urlTemplate":"https:\/\/www.leansp.com\/de\/?s={search_term_string}"},"query-input":{"@type":"PropertyValueSpecification","valueRequired":true,"valueName":"search_term_string"}}],"inLanguage":"de"},{"@type":"Organization","@id":"https:\/\/www.leansp.com\/de\/#organization","name":"LeanSP","url":"https:\/\/www.leansp.com\/de\/","logo":{"@type":"ImageObject","inLanguage":"de","@id":"https:\/\/www.leansp.com\/de\/#\/schema\/logo\/image\/","url":"https:\/\/www.leansp.com\/de\/wp-content\/uploads\/sites\/2\/2026\/03\/logo-clean.png","contentUrl":"https:\/\/www.leansp.com\/de\/wp-content\/uploads\/sites\/2\/2026\/03\/logo-clean.png","width":506,"height":168,"caption":"LeanSP"},"image":{"@id":"https:\/\/www.leansp.com\/de\/#\/schema\/logo\/image\/"}}]}},"_links":{"self":[{"href":"https:\/\/www.leansp.com\/de\/wp-json\/wp\/v2\/pages\/1179","targetHints":{"allow":["GET"]}}],"collection":[{"href":"https:\/\/www.leansp.com\/de\/wp-json\/wp\/v2\/pages"}],"about":[{"href":"https:\/\/www.leansp.com\/de\/wp-json\/wp\/v2\/types\/page"}],"author":[{"embeddable":true,"href":"https:\/\/www.leansp.com\/de\/wp-json\/wp\/v2\/users\/1"}],"replies":[{"embeddable":true,"href":"https:\/\/www.leansp.com\/de\/wp-json\/wp\/v2\/comments?post=1179"}],"version-history":[{"count":2,"href":"https:\/\/www.leansp.com\/de\/wp-json\/wp\/v2\/pages\/1179\/revisions"}],"predecessor-version":[{"id":1182,"href":"https:\/\/www.leansp.com\/de\/wp-json\/wp\/v2\/pages\/1179\/revisions\/1182"}],"up":[{"embeddable":true,"href":"https:\/\/www.leansp.com\/de\/wp-json\/wp\/v2\/pages\/33"}],"wp:featuredmedia":[{"embeddable":true,"href":"https:\/\/www.leansp.com\/de\/wp-json\/wp\/v2\/media\/1180"}],"wp:attachment":[{"href":"https:\/\/www.leansp.com\/de\/wp-json\/wp\/v2\/media?parent=1179"}],"curies":[{"name":"wp","href":"https:\/\/api.w.org\/{rel}","templated":true}]}}