{"id":1294,"date":"2023-10-21T03:21:59","date_gmt":"2023-10-21T02:21:59","guid":{"rendered":"https:\/\/www.leansp.com\/de\/?page_id=1294"},"modified":"2023-10-21T03:23:50","modified_gmt":"2023-10-21T02:23:50","slug":"clemens-oesterreicher","status":"publish","type":"page","link":"https:\/\/www.leansp.com\/de\/lego-serious-play-moderator\/finden-marktplatz\/clemens-oesterreicher\/","title":{"rendered":"Clemens \u00d6sterreicher"},"content":{"rendered":"<p>Prozesse, Zusammenh\u00e4nge, Strategien und Visionen lassen sich mit LSP also mit Hand-Herz-Hirn besser begreifen und vor allem sichtbar machen. Dadurch ist es wesentlich einfacher die unterschiedlichen Bilder in der Organisation und im Team verst\u00e4ndlich zu visualisieren und in einen Austausch \u00fcber diese Bilder zu kommen, damit ein neues gemeinsames Bild entstehen kann.<\/p>\n<p>Clemens \u00d6sterreicher, zertifizierter Moderator mit LEGO\u00ae SERIOUS PLAY\u00ae<br \/>\n<div class=\"row \"><div class=\" col-md-4 col-xs-12 col-sm-12\" ><img decoding=\"async\" src=\"https:\/\/www.leansp.com\/de\/wp-content\/uploads\/sites\/2\/2023\/10\/clemens-oesterreicher.jpg\" alt=\"\" class=\"alignnone size-large wp-image-803\"><\/div>\n<div class=\" col-md-8 col-xs-12 col-sm-12\" ><\/p>\n<p><b><span style=\"color: #2ecc71;\">\u2713<\/span><\/b> Einfach ins Handeln kommen &#8211; statt verkopftes Denken<br \/>\n<b><span style=\"color: #2ecc71;\">\u2713<\/span><\/b> Visualisierung von komplexen Herausforderungen<br \/>\n<b><span style=\"color: #2ecc71;\">\u2713<\/span><\/b> Change-Zusammenh\u00e4nge sichtbar machen<br \/>\n<b><span style=\"color: #2ecc71;\">\u2713<\/span><\/b> Strategie, Konzept, Zukunft: Vielf\u00e4ltiger Einsatz von LSP<br \/>\n<b><span style=\"color: #2ecc71;\">\u2713<\/span><\/b> F\u00fchrungsbilder gemeinsam entwickeln<br \/>\n<b><span style=\"color: #2ecc71;\">\u2713<\/span><\/b> Organisationsdynamik begreifbar machen<br \/>\n<b><span style=\"color: #2ecc71;\">\u2713<\/span><\/b> Unterschiede und Gemeinsames erkennen und nutzen<br \/>\n<b><span style=\"color: #2ecc71;\">\u2713<\/span><\/b> Kreativit\u00e4t entfalten<\/p>\n<p><a class=\"btn btn-large uppercase btn-default btn-tomato btn-No color-white\" href=\"https:\/\/team-und-leadership.at\/knowledge\/\">Ausf\u00fchrliches Profil <i class=\"glyphicon glyphicon glyphicon-chevron-right\" style=\"color: #ffffff;\"><\/i> <\/a><\/p>\n<p><\/div>\n<\/div><\/p>\n<p>&nbsp;<\/p>\n<p>&nbsp;<\/p>\n<p class=\"text-right\"><a href=\"\/de\/lego-serious-play-moderator\/finden-marktplatz\/\">Weitere Moderatoren anzeigen <i class=\"glyphicon glyphicon glyphicon-chevron-right\"><\/i><\/a><\/p>\n","protected":false},"excerpt":{"rendered":"<p>Prozesse, Zusammenh\u00e4nge, Strategien und Visionen lassen sich mit LSP also mit Hand-Herz-Hirn besser begreifen und vor allem sichtbar machen. Dadurch ist es wesentlich einfacher die unterschiedlichen Bilder in der Organisation und im Team verst\u00e4ndlich zu visualisieren und in einen Austausch \u00fcber diese Bilder zu kommen, damit ein neues gemeinsames Bild entstehen kann. Clemens \u00d6sterreicher, zertifizierter [&hellip;]<\/p>\n","protected":false},"author":1,"featured_media":0,"parent":33,"menu_order":0,"comment_status":"closed","ping_status":"closed","template":"","meta":{"footnotes":""},"class_list":["post-1294","page","type-page","status-publish","hentry"],"yoast_head":"<!-- This site is optimized with the Yoast SEO plugin v27.5 - https:\/\/yoast.com\/product\/yoast-seo-wordpress\/ -->\n<title>Clemens \u00d6sterreicher - Verleih LEGO\u00ae SERIOUS PLAY\u00ae LSP-Material<\/title>\n<meta name=\"robots\" content=\"index, follow, max-snippet:-1, max-image-preview:large, max-video-preview:-1\" \/>\n<link rel=\"canonical\" href=\"https:\/\/www.leansp.com\/de\/lego-serious-play-moderator\/finden-marktplatz\/clemens-oesterreicher\/\" \/>\n<meta property=\"og:locale\" content=\"de_DE\" \/>\n<meta property=\"og:type\" content=\"article\" \/>\n<meta property=\"og:title\" content=\"Clemens \u00d6sterreicher - Verleih LEGO\u00ae SERIOUS PLAY\u00ae LSP-Material\" \/>\n<meta property=\"og:description\" content=\"Prozesse, Zusammenh\u00e4nge, Strategien und Visionen lassen sich mit LSP also mit Hand-Herz-Hirn besser begreifen und vor allem sichtbar machen. Dadurch ist es wesentlich einfacher die unterschiedlichen Bilder in der Organisation und im Team verst\u00e4ndlich zu visualisieren und in einen Austausch \u00fcber diese Bilder zu kommen, damit ein neues gemeinsames Bild entstehen kann. Clemens \u00d6sterreicher, zertifizierter [&hellip;]\" \/>\n<meta property=\"og:url\" content=\"https:\/\/www.leansp.com\/de\/lego-serious-play-moderator\/finden-marktplatz\/clemens-oesterreicher\/\" \/>\n<meta property=\"og:site_name\" content=\"Verleih LEGO\u00ae SERIOUS PLAY\u00ae LSP-Material\" \/>\n<meta property=\"article:modified_time\" content=\"2023-10-21T02:23:50+00:00\" \/>\n<meta property=\"og:image\" content=\"https:\/\/www.leansp.com\/de\/wp-content\/uploads\/sites\/2\/2023\/10\/clemens-oesterreicher.jpg\" \/>\n<meta name=\"twitter:card\" content=\"summary_large_image\" \/>\n<meta name=\"twitter:label1\" content=\"Gesch\u00e4tzte Lesezeit\" \/>\n\t<meta name=\"twitter:data1\" content=\"1\u00a0Minute\" \/>\n<script type=\"application\/ld+json\" class=\"yoast-schema-graph\">{\"@context\":\"https:\\\/\\\/schema.org\",\"@graph\":[{\"@type\":\"WebPage\",\"@id\":\"https:\\\/\\\/www.leansp.com\\\/de\\\/lego-serious-play-moderator\\\/finden-marktplatz\\\/clemens-oesterreicher\\\/\",\"url\":\"https:\\\/\\\/www.leansp.com\\\/de\\\/lego-serious-play-moderator\\\/finden-marktplatz\\\/clemens-oesterreicher\\\/\",\"name\":\"Clemens \u00d6sterreicher - Verleih LEGO\u00ae SERIOUS PLAY\u00ae LSP-Material\",\"isPartOf\":{\"@id\":\"https:\\\/\\\/www.leansp.com\\\/de\\\/#website\"},\"primaryImageOfPage\":{\"@id\":\"https:\\\/\\\/www.leansp.com\\\/de\\\/lego-serious-play-moderator\\\/finden-marktplatz\\\/clemens-oesterreicher\\\/#primaryimage\"},\"image\":{\"@id\":\"https:\\\/\\\/www.leansp.com\\\/de\\\/lego-serious-play-moderator\\\/finden-marktplatz\\\/clemens-oesterreicher\\\/#primaryimage\"},\"thumbnailUrl\":\"https:\\\/\\\/www.leansp.com\\\/de\\\/wp-content\\\/uploads\\\/sites\\\/2\\\/2023\\\/10\\\/clemens-oesterreicher.jpg\",\"datePublished\":\"2023-10-21T02:21:59+00:00\",\"dateModified\":\"2023-10-21T02:23:50+00:00\",\"breadcrumb\":{\"@id\":\"https:\\\/\\\/www.leansp.com\\\/de\\\/lego-serious-play-moderator\\\/finden-marktplatz\\\/clemens-oesterreicher\\\/#breadcrumb\"},\"inLanguage\":\"de\",\"potentialAction\":[{\"@type\":\"ReadAction\",\"target\":[\"https:\\\/\\\/www.leansp.com\\\/de\\\/lego-serious-play-moderator\\\/finden-marktplatz\\\/clemens-oesterreicher\\\/\"]}]},{\"@type\":\"ImageObject\",\"inLanguage\":\"de\",\"@id\":\"https:\\\/\\\/www.leansp.com\\\/de\\\/lego-serious-play-moderator\\\/finden-marktplatz\\\/clemens-oesterreicher\\\/#primaryimage\",\"url\":\"https:\\\/\\\/www.leansp.com\\\/de\\\/wp-content\\\/uploads\\\/sites\\\/2\\\/2023\\\/10\\\/clemens-oesterreicher.jpg\",\"contentUrl\":\"https:\\\/\\\/www.leansp.com\\\/de\\\/wp-content\\\/uploads\\\/sites\\\/2\\\/2023\\\/10\\\/clemens-oesterreicher.jpg\",\"width\":1232,\"height\":1232},{\"@type\":\"BreadcrumbList\",\"@id\":\"https:\\\/\\\/www.leansp.com\\\/de\\\/lego-serious-play-moderator\\\/finden-marktplatz\\\/clemens-oesterreicher\\\/#breadcrumb\",\"itemListElement\":[{\"@type\":\"ListItem\",\"position\":1,\"name\":\"Home\",\"item\":\"https:\\\/\\\/www.leansp.com\\\/de\\\/\"},{\"@type\":\"ListItem\",\"position\":2,\"name\":\"Moderatoren f\u00fcr Workshops mit LEGO\u00ae SERIOUS PLAY\u00ae\",\"item\":\"https:\\\/\\\/www.leansp.com\\\/de\\\/lego-serious-play-moderator\\\/\"},{\"@type\":\"ListItem\",\"position\":3,\"name\":\"Den passenden Moderator f\u00fcr Workshops f\u00fcr LEGO\u00ae SERIOUS PLAY\u00ae finden\",\"item\":\"https:\\\/\\\/www.leansp.com\\\/de\\\/lego-serious-play-moderator\\\/finden-marktplatz\\\/\"},{\"@type\":\"ListItem\",\"position\":4,\"name\":\"Clemens \u00d6sterreicher\"}]},{\"@type\":\"WebSite\",\"@id\":\"https:\\\/\\\/www.leansp.com\\\/de\\\/#website\",\"url\":\"https:\\\/\\\/www.leansp.com\\\/de\\\/\",\"name\":\"Verleih LEGO\u00ae SERIOUS PLAY\u00ae LSP-Material\",\"description\":\"LSP-Moderationskoffer LEGO\u00ae SERIOUS PLAY\u00ae leihen inkl. Versand vom Profi. Vorsortiert. Identity &amp; Landscape Set, Connections Kit, Window Bags.\",\"publisher\":{\"@id\":\"https:\\\/\\\/www.leansp.com\\\/de\\\/#organization\"},\"potentialAction\":[{\"@type\":\"SearchAction\",\"target\":{\"@type\":\"EntryPoint\",\"urlTemplate\":\"https:\\\/\\\/www.leansp.com\\\/de\\\/?s={search_term_string}\"},\"query-input\":{\"@type\":\"PropertyValueSpecification\",\"valueRequired\":true,\"valueName\":\"search_term_string\"}}],\"inLanguage\":\"de\"},{\"@type\":\"Organization\",\"@id\":\"https:\\\/\\\/www.leansp.com\\\/de\\\/#organization\",\"name\":\"LeanSP\",\"url\":\"https:\\\/\\\/www.leansp.com\\\/de\\\/\",\"logo\":{\"@type\":\"ImageObject\",\"inLanguage\":\"de\",\"@id\":\"https:\\\/\\\/www.leansp.com\\\/de\\\/#\\\/schema\\\/logo\\\/image\\\/\",\"url\":\"https:\\\/\\\/www.leansp.com\\\/de\\\/wp-content\\\/uploads\\\/sites\\\/2\\\/2026\\\/03\\\/logo-clean.png\",\"contentUrl\":\"https:\\\/\\\/www.leansp.com\\\/de\\\/wp-content\\\/uploads\\\/sites\\\/2\\\/2026\\\/03\\\/logo-clean.png\",\"width\":506,\"height\":168,\"caption\":\"LeanSP\"},\"image\":{\"@id\":\"https:\\\/\\\/www.leansp.com\\\/de\\\/#\\\/schema\\\/logo\\\/image\\\/\"}}]}<\/script>\n<!-- \/ Yoast SEO plugin. -->","yoast_head_json":{"title":"Clemens \u00d6sterreicher - Verleih LEGO\u00ae SERIOUS PLAY\u00ae LSP-Material","robots":{"index":"index","follow":"follow","max-snippet":"max-snippet:-1","max-image-preview":"max-image-preview:large","max-video-preview":"max-video-preview:-1"},"canonical":"https:\/\/www.leansp.com\/de\/lego-serious-play-moderator\/finden-marktplatz\/clemens-oesterreicher\/","og_locale":"de_DE","og_type":"article","og_title":"Clemens \u00d6sterreicher - Verleih LEGO\u00ae SERIOUS PLAY\u00ae LSP-Material","og_description":"Prozesse, Zusammenh\u00e4nge, Strategien und Visionen lassen sich mit LSP also mit Hand-Herz-Hirn besser begreifen und vor allem sichtbar machen. Dadurch ist es wesentlich einfacher die unterschiedlichen Bilder in der Organisation und im Team verst\u00e4ndlich zu visualisieren und in einen Austausch \u00fcber diese Bilder zu kommen, damit ein neues gemeinsames Bild entstehen kann. Clemens \u00d6sterreicher, zertifizierter [&hellip;]","og_url":"https:\/\/www.leansp.com\/de\/lego-serious-play-moderator\/finden-marktplatz\/clemens-oesterreicher\/","og_site_name":"Verleih LEGO\u00ae SERIOUS PLAY\u00ae LSP-Material","article_modified_time":"2023-10-21T02:23:50+00:00","og_image":[{"url":"https:\/\/www.leansp.com\/de\/wp-content\/uploads\/sites\/2\/2023\/10\/clemens-oesterreicher.jpg","type":"","width":"","height":""}],"twitter_card":"summary_large_image","twitter_misc":{"Gesch\u00e4tzte Lesezeit":"1\u00a0Minute"},"schema":{"@context":"https:\/\/schema.org","@graph":[{"@type":"WebPage","@id":"https:\/\/www.leansp.com\/de\/lego-serious-play-moderator\/finden-marktplatz\/clemens-oesterreicher\/","url":"https:\/\/www.leansp.com\/de\/lego-serious-play-moderator\/finden-marktplatz\/clemens-oesterreicher\/","name":"Clemens \u00d6sterreicher - Verleih LEGO\u00ae SERIOUS PLAY\u00ae LSP-Material","isPartOf":{"@id":"https:\/\/www.leansp.com\/de\/#website"},"primaryImageOfPage":{"@id":"https:\/\/www.leansp.com\/de\/lego-serious-play-moderator\/finden-marktplatz\/clemens-oesterreicher\/#primaryimage"},"image":{"@id":"https:\/\/www.leansp.com\/de\/lego-serious-play-moderator\/finden-marktplatz\/clemens-oesterreicher\/#primaryimage"},"thumbnailUrl":"https:\/\/www.leansp.com\/de\/wp-content\/uploads\/sites\/2\/2023\/10\/clemens-oesterreicher.jpg","datePublished":"2023-10-21T02:21:59+00:00","dateModified":"2023-10-21T02:23:50+00:00","breadcrumb":{"@id":"https:\/\/www.leansp.com\/de\/lego-serious-play-moderator\/finden-marktplatz\/clemens-oesterreicher\/#breadcrumb"},"inLanguage":"de","potentialAction":[{"@type":"ReadAction","target":["https:\/\/www.leansp.com\/de\/lego-serious-play-moderator\/finden-marktplatz\/clemens-oesterreicher\/"]}]},{"@type":"ImageObject","inLanguage":"de","@id":"https:\/\/www.leansp.com\/de\/lego-serious-play-moderator\/finden-marktplatz\/clemens-oesterreicher\/#primaryimage","url":"https:\/\/www.leansp.com\/de\/wp-content\/uploads\/sites\/2\/2023\/10\/clemens-oesterreicher.jpg","contentUrl":"https:\/\/www.leansp.com\/de\/wp-content\/uploads\/sites\/2\/2023\/10\/clemens-oesterreicher.jpg","width":1232,"height":1232},{"@type":"BreadcrumbList","@id":"https:\/\/www.leansp.com\/de\/lego-serious-play-moderator\/finden-marktplatz\/clemens-oesterreicher\/#breadcrumb","itemListElement":[{"@type":"ListItem","position":1,"name":"Home","item":"https:\/\/www.leansp.com\/de\/"},{"@type":"ListItem","position":2,"name":"Moderatoren f\u00fcr Workshops mit LEGO\u00ae SERIOUS PLAY\u00ae","item":"https:\/\/www.leansp.com\/de\/lego-serious-play-moderator\/"},{"@type":"ListItem","position":3,"name":"Den passenden Moderator f\u00fcr Workshops f\u00fcr LEGO\u00ae SERIOUS PLAY\u00ae finden","item":"https:\/\/www.leansp.com\/de\/lego-serious-play-moderator\/finden-marktplatz\/"},{"@type":"ListItem","position":4,"name":"Clemens \u00d6sterreicher"}]},{"@type":"WebSite","@id":"https:\/\/www.leansp.com\/de\/#website","url":"https:\/\/www.leansp.com\/de\/","name":"Verleih LEGO\u00ae SERIOUS PLAY\u00ae LSP-Material","description":"LSP-Moderationskoffer LEGO\u00ae SERIOUS PLAY\u00ae leihen inkl. Versand vom Profi. Vorsortiert. Identity &amp; Landscape Set, Connections Kit, Window Bags.","publisher":{"@id":"https:\/\/www.leansp.com\/de\/#organization"},"potentialAction":[{"@type":"SearchAction","target":{"@type":"EntryPoint","urlTemplate":"https:\/\/www.leansp.com\/de\/?s={search_term_string}"},"query-input":{"@type":"PropertyValueSpecification","valueRequired":true,"valueName":"search_term_string"}}],"inLanguage":"de"},{"@type":"Organization","@id":"https:\/\/www.leansp.com\/de\/#organization","name":"LeanSP","url":"https:\/\/www.leansp.com\/de\/","logo":{"@type":"ImageObject","inLanguage":"de","@id":"https:\/\/www.leansp.com\/de\/#\/schema\/logo\/image\/","url":"https:\/\/www.leansp.com\/de\/wp-content\/uploads\/sites\/2\/2026\/03\/logo-clean.png","contentUrl":"https:\/\/www.leansp.com\/de\/wp-content\/uploads\/sites\/2\/2026\/03\/logo-clean.png","width":506,"height":168,"caption":"LeanSP"},"image":{"@id":"https:\/\/www.leansp.com\/de\/#\/schema\/logo\/image\/"}}]}},"_links":{"self":[{"href":"https:\/\/www.leansp.com\/de\/wp-json\/wp\/v2\/pages\/1294","targetHints":{"allow":["GET"]}}],"collection":[{"href":"https:\/\/www.leansp.com\/de\/wp-json\/wp\/v2\/pages"}],"about":[{"href":"https:\/\/www.leansp.com\/de\/wp-json\/wp\/v2\/types\/page"}],"author":[{"embeddable":true,"href":"https:\/\/www.leansp.com\/de\/wp-json\/wp\/v2\/users\/1"}],"replies":[{"embeddable":true,"href":"https:\/\/www.leansp.com\/de\/wp-json\/wp\/v2\/comments?post=1294"}],"version-history":[{"count":3,"href":"https:\/\/www.leansp.com\/de\/wp-json\/wp\/v2\/pages\/1294\/revisions"}],"predecessor-version":[{"id":1298,"href":"https:\/\/www.leansp.com\/de\/wp-json\/wp\/v2\/pages\/1294\/revisions\/1298"}],"up":[{"embeddable":true,"href":"https:\/\/www.leansp.com\/de\/wp-json\/wp\/v2\/pages\/33"}],"wp:attachment":[{"href":"https:\/\/www.leansp.com\/de\/wp-json\/wp\/v2\/media?parent=1294"}],"curies":[{"name":"wp","href":"https:\/\/api.w.org\/{rel}","templated":true}]}}