{"id":1351,"date":"2025-05-16T21:35:57","date_gmt":"2025-05-16T20:35:57","guid":{"rendered":"https:\/\/www.leansp.com\/de\/?page_id=1351"},"modified":"2025-05-16T21:38:10","modified_gmt":"2025-05-16T20:38:10","slug":"juliane-dyrschka","status":"publish","type":"page","link":"https:\/\/www.leansp.com\/de\/lego-serious-play-moderator\/juliane-dyrschka\/","title":{"rendered":"Juliane Dyrschka"},"content":{"rendered":"<div class=\"row \"><div class=\" col-md-4 col-xs-12 col-sm-12\" ><img loading=\"lazy\" decoding=\"async\" class=\"alignnone size-full wp-image-120\" src=\"https:\/\/www.leansp.com\/de\/wp-content\/uploads\/sites\/2\/2025\/05\/juliane-dyrschka.jpg\" alt=\"\" width=\"1024\" height=\"1024\" \/><\/div>\n<div class=\" col-md-8 col-xs-12 col-sm-12\" ><\/p>\n<p>Wie k\u00f6nnen Lernen und Arbeiten zeitgem\u00e4\u00df gestaltet werden? Ich unterst\u00fctze Teams und Einzelpersonen dabei, Antworten auf diese Frage zu finden und nachhaltig wirksame Konzepte f\u00fcr die Praxis zu entwickeln. Mein Schwerpunkt liegt dabei auf Social Businesses und Bildungseinrichtungen. Durch die Fokussierung auf die Bed\u00fcrfnisse der Menschen st\u00e4rken wir die Zukunftsf\u00e4higkeit Ihrer Organisation. In meine Arbeit mit LEGO\u00ae\ufe0f SERIOUS PLAY\u00ae\ufe0f flie\u00dfen auch meine Erfahrungen als zertifizierter Scrum Master, Product Owner, New Work Facilitator und als ausgebildete Lehrerin mit ein.<\/p>\n<p>Vorteile von LEGO\u00ae SERIOUS PLAY\u00ae:<\/p>\n<p><b><span style=\"color: #2ecc71;\">\u2713<\/span><\/b> \u00adKreative L\u00f6sungsfindung: Komplexe Themen werden spielerisch greifbar.<br \/>\n<b><span style=\"color: #2ecc71;\">\u2713<\/span><\/b> Tiefere Reflexion: Denken mit den H\u00e4nden f\u00f6rdert neue Perspektiven und Aha-Momente.<br \/>\n<b><span style=\"color: #2ecc71;\">\u2713<\/span><\/b> Gleichwertige Beteiligung: Alle Stimmen z\u00e4hlen \u2013 unabh\u00e4ngig von Hierarchie oder Rolle.<br \/>\n<b><span style=\"color: #2ecc71;\">\u2713<\/span><\/b> Starke Teambindung: Gemeinsames Bauen schafft Vertrauen, Offenheit und Verbindung.<br \/>\n<b><span style=\"color: #2ecc71;\">\u2713<\/span><\/b> Klare Kommunikation: Modelle machen Unsichtbares sichtbar und Diskussionen konkret.<br \/>\n<b><span style=\"color: #2ecc71;\">\u2713<\/span><\/b> Nachhaltige Ergebnisse: Erkenntnisse bleiben im Kopf \u2013 und im Gef\u00fchl.<br \/>\n<b><span style=\"color: #2ecc71;\">\u2713<\/span><\/b> Strukturierter Prozess: Kreativit\u00e4t trifft auf Methodik \u2013 f\u00fcr echte Ergebnisse.<br \/>\n<b><span style=\"color: #2ecc71;\">\u2713<\/span><\/b> Spa\u00df &#038; Energie: Lernen und Entwicklung mit Leichtigkeit und Begeisterung.<\/p>\n<p>&nbsp;<\/p>\n<p><a class=\"btn btn-large uppercase btn-default btn-tomato btn-No color-white\" href=\"https:\/\/www.nwfe.de\">Ausf\u00fchrliches Profil <i class=\"glyphicon glyphicon glyphicon-chevron-right\" style=\"color: #ffffff;\"><\/i> <\/a><\/div>\n<\/div>\n<p>&nbsp;<\/p>\n<p>&nbsp;<\/p>\n<p class=\"text-right\"><a href=\"\/de\/lego-serious-play-moderator\/finden-marktplatz\/\">Weitere Moderatoren anzeigen <i class=\"glyphicon glyphicon glyphicon-chevron-right\"><\/i><\/a><\/p>\n","protected":false},"excerpt":{"rendered":"<p>&nbsp; &nbsp; Weitere Moderatoren anzeigen<\/p>\n","protected":false},"author":1,"featured_media":0,"parent":31,"menu_order":0,"comment_status":"closed","ping_status":"closed","template":"","meta":{"footnotes":""},"class_list":["post-1351","page","type-page","status-publish","hentry"],"yoast_head":"<!-- This site is optimized with the Yoast SEO plugin v27.5 - https:\/\/yoast.com\/product\/yoast-seo-wordpress\/ -->\n<title>Juliane Dyrschka - Verleih LEGO\u00ae SERIOUS PLAY\u00ae LSP-Material<\/title>\n<meta name=\"robots\" content=\"index, follow, max-snippet:-1, max-image-preview:large, max-video-preview:-1\" \/>\n<link rel=\"canonical\" href=\"https:\/\/www.leansp.com\/de\/lego-serious-play-moderator\/juliane-dyrschka\/\" \/>\n<meta property=\"og:locale\" content=\"de_DE\" \/>\n<meta property=\"og:type\" content=\"article\" \/>\n<meta property=\"og:title\" content=\"Juliane Dyrschka - Verleih LEGO\u00ae SERIOUS PLAY\u00ae LSP-Material\" \/>\n<meta property=\"og:description\" content=\"&nbsp; &nbsp; Weitere Moderatoren anzeigen\" \/>\n<meta property=\"og:url\" content=\"https:\/\/www.leansp.com\/de\/lego-serious-play-moderator\/juliane-dyrschka\/\" \/>\n<meta property=\"og:site_name\" content=\"Verleih LEGO\u00ae SERIOUS PLAY\u00ae LSP-Material\" \/>\n<meta property=\"article:modified_time\" content=\"2025-05-16T20:38:10+00:00\" \/>\n<meta property=\"og:image\" content=\"https:\/\/www.leansp.com\/de\/wp-content\/uploads\/sites\/2\/2025\/05\/juliane-dyrschka.jpg\" \/>\n<meta name=\"twitter:card\" content=\"summary_large_image\" \/>\n<meta name=\"twitter:label1\" content=\"Gesch\u00e4tzte Lesezeit\" \/>\n\t<meta name=\"twitter:data1\" content=\"2\u00a0Minuten\" \/>\n<script type=\"application\/ld+json\" class=\"yoast-schema-graph\">{\"@context\":\"https:\\\/\\\/schema.org\",\"@graph\":[{\"@type\":\"WebPage\",\"@id\":\"https:\\\/\\\/www.leansp.com\\\/de\\\/lego-serious-play-moderator\\\/juliane-dyrschka\\\/\",\"url\":\"https:\\\/\\\/www.leansp.com\\\/de\\\/lego-serious-play-moderator\\\/juliane-dyrschka\\\/\",\"name\":\"Juliane Dyrschka - Verleih LEGO\u00ae SERIOUS PLAY\u00ae LSP-Material\",\"isPartOf\":{\"@id\":\"https:\\\/\\\/www.leansp.com\\\/de\\\/#website\"},\"primaryImageOfPage\":{\"@id\":\"https:\\\/\\\/www.leansp.com\\\/de\\\/lego-serious-play-moderator\\\/juliane-dyrschka\\\/#primaryimage\"},\"image\":{\"@id\":\"https:\\\/\\\/www.leansp.com\\\/de\\\/lego-serious-play-moderator\\\/juliane-dyrschka\\\/#primaryimage\"},\"thumbnailUrl\":\"https:\\\/\\\/www.leansp.com\\\/de\\\/wp-content\\\/uploads\\\/sites\\\/2\\\/2025\\\/05\\\/juliane-dyrschka.jpg\",\"datePublished\":\"2025-05-16T20:35:57+00:00\",\"dateModified\":\"2025-05-16T20:38:10+00:00\",\"breadcrumb\":{\"@id\":\"https:\\\/\\\/www.leansp.com\\\/de\\\/lego-serious-play-moderator\\\/juliane-dyrschka\\\/#breadcrumb\"},\"inLanguage\":\"de\",\"potentialAction\":[{\"@type\":\"ReadAction\",\"target\":[\"https:\\\/\\\/www.leansp.com\\\/de\\\/lego-serious-play-moderator\\\/juliane-dyrschka\\\/\"]}]},{\"@type\":\"ImageObject\",\"inLanguage\":\"de\",\"@id\":\"https:\\\/\\\/www.leansp.com\\\/de\\\/lego-serious-play-moderator\\\/juliane-dyrschka\\\/#primaryimage\",\"url\":\"https:\\\/\\\/www.leansp.com\\\/de\\\/wp-content\\\/uploads\\\/sites\\\/2\\\/2025\\\/05\\\/juliane-dyrschka.jpg\",\"contentUrl\":\"https:\\\/\\\/www.leansp.com\\\/de\\\/wp-content\\\/uploads\\\/sites\\\/2\\\/2025\\\/05\\\/juliane-dyrschka.jpg\",\"width\":1592,\"height\":1592},{\"@type\":\"BreadcrumbList\",\"@id\":\"https:\\\/\\\/www.leansp.com\\\/de\\\/lego-serious-play-moderator\\\/juliane-dyrschka\\\/#breadcrumb\",\"itemListElement\":[{\"@type\":\"ListItem\",\"position\":1,\"name\":\"Home\",\"item\":\"https:\\\/\\\/www.leansp.com\\\/de\\\/\"},{\"@type\":\"ListItem\",\"position\":2,\"name\":\"Moderatoren f\u00fcr Workshops mit LEGO\u00ae SERIOUS PLAY\u00ae\",\"item\":\"https:\\\/\\\/www.leansp.com\\\/de\\\/lego-serious-play-moderator\\\/\"},{\"@type\":\"ListItem\",\"position\":3,\"name\":\"Juliane Dyrschka\"}]},{\"@type\":\"WebSite\",\"@id\":\"https:\\\/\\\/www.leansp.com\\\/de\\\/#website\",\"url\":\"https:\\\/\\\/www.leansp.com\\\/de\\\/\",\"name\":\"Verleih LEGO\u00ae SERIOUS PLAY\u00ae LSP-Material\",\"description\":\"LSP-Moderationskoffer LEGO\u00ae SERIOUS PLAY\u00ae leihen inkl. Versand vom Profi. Vorsortiert. Identity &amp; Landscape Set, Connections Kit, Window Bags.\",\"publisher\":{\"@id\":\"https:\\\/\\\/www.leansp.com\\\/de\\\/#organization\"},\"potentialAction\":[{\"@type\":\"SearchAction\",\"target\":{\"@type\":\"EntryPoint\",\"urlTemplate\":\"https:\\\/\\\/www.leansp.com\\\/de\\\/?s={search_term_string}\"},\"query-input\":{\"@type\":\"PropertyValueSpecification\",\"valueRequired\":true,\"valueName\":\"search_term_string\"}}],\"inLanguage\":\"de\"},{\"@type\":\"Organization\",\"@id\":\"https:\\\/\\\/www.leansp.com\\\/de\\\/#organization\",\"name\":\"LeanSP\",\"url\":\"https:\\\/\\\/www.leansp.com\\\/de\\\/\",\"logo\":{\"@type\":\"ImageObject\",\"inLanguage\":\"de\",\"@id\":\"https:\\\/\\\/www.leansp.com\\\/de\\\/#\\\/schema\\\/logo\\\/image\\\/\",\"url\":\"https:\\\/\\\/www.leansp.com\\\/de\\\/wp-content\\\/uploads\\\/sites\\\/2\\\/2026\\\/03\\\/logo-clean.png\",\"contentUrl\":\"https:\\\/\\\/www.leansp.com\\\/de\\\/wp-content\\\/uploads\\\/sites\\\/2\\\/2026\\\/03\\\/logo-clean.png\",\"width\":506,\"height\":168,\"caption\":\"LeanSP\"},\"image\":{\"@id\":\"https:\\\/\\\/www.leansp.com\\\/de\\\/#\\\/schema\\\/logo\\\/image\\\/\"}}]}<\/script>\n<!-- \/ Yoast SEO plugin. -->","yoast_head_json":{"title":"Juliane Dyrschka - Verleih LEGO\u00ae SERIOUS PLAY\u00ae LSP-Material","robots":{"index":"index","follow":"follow","max-snippet":"max-snippet:-1","max-image-preview":"max-image-preview:large","max-video-preview":"max-video-preview:-1"},"canonical":"https:\/\/www.leansp.com\/de\/lego-serious-play-moderator\/juliane-dyrschka\/","og_locale":"de_DE","og_type":"article","og_title":"Juliane Dyrschka - Verleih LEGO\u00ae SERIOUS PLAY\u00ae LSP-Material","og_description":"&nbsp; &nbsp; Weitere Moderatoren anzeigen","og_url":"https:\/\/www.leansp.com\/de\/lego-serious-play-moderator\/juliane-dyrschka\/","og_site_name":"Verleih LEGO\u00ae SERIOUS PLAY\u00ae LSP-Material","article_modified_time":"2025-05-16T20:38:10+00:00","og_image":[{"url":"https:\/\/www.leansp.com\/de\/wp-content\/uploads\/sites\/2\/2025\/05\/juliane-dyrschka.jpg","type":"","width":"","height":""}],"twitter_card":"summary_large_image","twitter_misc":{"Gesch\u00e4tzte Lesezeit":"2\u00a0Minuten"},"schema":{"@context":"https:\/\/schema.org","@graph":[{"@type":"WebPage","@id":"https:\/\/www.leansp.com\/de\/lego-serious-play-moderator\/juliane-dyrschka\/","url":"https:\/\/www.leansp.com\/de\/lego-serious-play-moderator\/juliane-dyrschka\/","name":"Juliane Dyrschka - Verleih LEGO\u00ae SERIOUS PLAY\u00ae LSP-Material","isPartOf":{"@id":"https:\/\/www.leansp.com\/de\/#website"},"primaryImageOfPage":{"@id":"https:\/\/www.leansp.com\/de\/lego-serious-play-moderator\/juliane-dyrschka\/#primaryimage"},"image":{"@id":"https:\/\/www.leansp.com\/de\/lego-serious-play-moderator\/juliane-dyrschka\/#primaryimage"},"thumbnailUrl":"https:\/\/www.leansp.com\/de\/wp-content\/uploads\/sites\/2\/2025\/05\/juliane-dyrschka.jpg","datePublished":"2025-05-16T20:35:57+00:00","dateModified":"2025-05-16T20:38:10+00:00","breadcrumb":{"@id":"https:\/\/www.leansp.com\/de\/lego-serious-play-moderator\/juliane-dyrschka\/#breadcrumb"},"inLanguage":"de","potentialAction":[{"@type":"ReadAction","target":["https:\/\/www.leansp.com\/de\/lego-serious-play-moderator\/juliane-dyrschka\/"]}]},{"@type":"ImageObject","inLanguage":"de","@id":"https:\/\/www.leansp.com\/de\/lego-serious-play-moderator\/juliane-dyrschka\/#primaryimage","url":"https:\/\/www.leansp.com\/de\/wp-content\/uploads\/sites\/2\/2025\/05\/juliane-dyrschka.jpg","contentUrl":"https:\/\/www.leansp.com\/de\/wp-content\/uploads\/sites\/2\/2025\/05\/juliane-dyrschka.jpg","width":1592,"height":1592},{"@type":"BreadcrumbList","@id":"https:\/\/www.leansp.com\/de\/lego-serious-play-moderator\/juliane-dyrschka\/#breadcrumb","itemListElement":[{"@type":"ListItem","position":1,"name":"Home","item":"https:\/\/www.leansp.com\/de\/"},{"@type":"ListItem","position":2,"name":"Moderatoren f\u00fcr Workshops mit LEGO\u00ae SERIOUS PLAY\u00ae","item":"https:\/\/www.leansp.com\/de\/lego-serious-play-moderator\/"},{"@type":"ListItem","position":3,"name":"Juliane Dyrschka"}]},{"@type":"WebSite","@id":"https:\/\/www.leansp.com\/de\/#website","url":"https:\/\/www.leansp.com\/de\/","name":"Verleih LEGO\u00ae SERIOUS PLAY\u00ae LSP-Material","description":"LSP-Moderationskoffer LEGO\u00ae SERIOUS PLAY\u00ae leihen inkl. Versand vom Profi. Vorsortiert. Identity &amp; Landscape Set, Connections Kit, Window Bags.","publisher":{"@id":"https:\/\/www.leansp.com\/de\/#organization"},"potentialAction":[{"@type":"SearchAction","target":{"@type":"EntryPoint","urlTemplate":"https:\/\/www.leansp.com\/de\/?s={search_term_string}"},"query-input":{"@type":"PropertyValueSpecification","valueRequired":true,"valueName":"search_term_string"}}],"inLanguage":"de"},{"@type":"Organization","@id":"https:\/\/www.leansp.com\/de\/#organization","name":"LeanSP","url":"https:\/\/www.leansp.com\/de\/","logo":{"@type":"ImageObject","inLanguage":"de","@id":"https:\/\/www.leansp.com\/de\/#\/schema\/logo\/image\/","url":"https:\/\/www.leansp.com\/de\/wp-content\/uploads\/sites\/2\/2026\/03\/logo-clean.png","contentUrl":"https:\/\/www.leansp.com\/de\/wp-content\/uploads\/sites\/2\/2026\/03\/logo-clean.png","width":506,"height":168,"caption":"LeanSP"},"image":{"@id":"https:\/\/www.leansp.com\/de\/#\/schema\/logo\/image\/"}}]}},"_links":{"self":[{"href":"https:\/\/www.leansp.com\/de\/wp-json\/wp\/v2\/pages\/1351","targetHints":{"allow":["GET"]}}],"collection":[{"href":"https:\/\/www.leansp.com\/de\/wp-json\/wp\/v2\/pages"}],"about":[{"href":"https:\/\/www.leansp.com\/de\/wp-json\/wp\/v2\/types\/page"}],"author":[{"embeddable":true,"href":"https:\/\/www.leansp.com\/de\/wp-json\/wp\/v2\/users\/1"}],"replies":[{"embeddable":true,"href":"https:\/\/www.leansp.com\/de\/wp-json\/wp\/v2\/comments?post=1351"}],"version-history":[{"count":4,"href":"https:\/\/www.leansp.com\/de\/wp-json\/wp\/v2\/pages\/1351\/revisions"}],"predecessor-version":[{"id":1355,"href":"https:\/\/www.leansp.com\/de\/wp-json\/wp\/v2\/pages\/1351\/revisions\/1355"}],"up":[{"embeddable":true,"href":"https:\/\/www.leansp.com\/de\/wp-json\/wp\/v2\/pages\/31"}],"wp:attachment":[{"href":"https:\/\/www.leansp.com\/de\/wp-json\/wp\/v2\/media?parent=1351"}],"curies":[{"name":"wp","href":"https:\/\/api.w.org\/{rel}","templated":true}]}}