{"id":1454,"date":"2026-01-22T12:58:14","date_gmt":"2026-01-22T11:58:14","guid":{"rendered":"https:\/\/www.leansp.com\/de\/?page_id=1454"},"modified":"2026-01-22T12:58:15","modified_gmt":"2026-01-22T11:58:15","slug":"jens-bruenink","status":"publish","type":"page","link":"https:\/\/www.leansp.com\/de\/lego-serious-play-moderator\/finden-marktplatz\/jens-bruenink\/","title":{"rendered":"Jens Br\u00fcnink"},"content":{"rendered":"<p><div class=\"row \"><div class=\" col-md-4 col-xs-12 col-sm-12\" ><img loading=\"lazy\" decoding=\"async\" class=\"alignnone size-full wp-image-120\" src=\"https:\/\/www.leansp.com\/de\/wp-content\/uploads\/sites\/2\/2026\/01\/jens-bruenink.jpg\" alt=\"\" width=\"1024\" height=\"1024\" \/><\/div>\n<div class=\" col-md-8 col-xs-12 col-sm-12\" >\nJeder Workshop ist ein Unikat \u2013 klar auf die Ziele ausgerichtet, mit LEGO\u00ae SERIOUS PLAY\u00ae lebendig und partizipativ gestaltet und durch weitere passende Methoden sinnvoll erg\u00e4nzt. Ergebnis vor Methoden.<\/p>\n<p>Ich bin Jens Br\u00fcnink, Workshop-Designer und Facilitator. Seit \u00fcber zehn Jahren begleite ich Unternehmen mit Strategie-, Methoden- und Team-Workshops.<\/p>\n<p>Mein Ansatz: Die besten Ergebnisse entstehen, wenn sich alle Teilnehmenden sicher f\u00fchlen und ihre St\u00e4rken einbringen k\u00f6nnen. Ich liefere daf\u00fcr den passenden Rahmen \u2013 mit wirkungsvollen Methoden, einer individuellen Struktur und der richtigen Dosis Humor.<\/p>\n<p>LEGO\u00ae SERIOUS PLAY\u00ae steht f\u00fcr mich f\u00fcr Partizipation und kreative Vielfalt in ihrer besten Form: Workshops, die Kopf, H\u00e4nde und Herz gleicherma\u00dfen ansprechen. Das gelingt mir in intensiven Formaten mit 6\u20138 Personen ebenso wie bei Events mit \u00fcber 100 Teilnehmenden.<\/p>\n<p>In der N\u00e4he von Oldenburg zu Hause, gestalte ich Workshop-Formate meist dort, wo man \u201eMoin&#8221; sagt \u2013 und genauso gern in Regionen, in denen man sich mit \u201eGude&#8221;, \u201eServus&#8221;, \u201eMorjen&#8221; oder \u201eTach&#8221; begr\u00fc\u00dft.&#8221;<\/p>\n<p><a class=\"btn btn-large uppercase btn-default btn-tomato btn-No color-white\" href=\"https:\/\/www.workshopwerft.de\/\">Ausf\u00fchrliches Profil <i class=\"glyphicon glyphicon glyphicon-chevron-right\" style=\"color: #ffffff;\"><\/i> <\/a><\/div>\n<\/div><br \/>\n&nbsp;<br \/>\n&nbsp;<\/p>\n<p class=\"text-right\"><a href=\"\/de\/lego-serious-play-moderator\/finden-marktplatz\/\">Weitere Moderatoren anzeigen <i class=\"glyphicon glyphicon glyphicon-chevron-right\"><\/i><\/a><\/p>\n","protected":false},"excerpt":{"rendered":"<p>&nbsp; &nbsp; Weitere Moderatoren anzeigen<\/p>\n","protected":false},"author":1,"featured_media":0,"parent":33,"menu_order":0,"comment_status":"closed","ping_status":"closed","template":"","meta":{"footnotes":""},"class_list":["post-1454","page","type-page","status-publish","hentry"],"yoast_head":"<!-- This site is optimized with the Yoast SEO plugin v27.5 - https:\/\/yoast.com\/product\/yoast-seo-wordpress\/ -->\n<title>Jens Br\u00fcnink - Verleih LEGO\u00ae SERIOUS PLAY\u00ae LSP-Material<\/title>\n<meta name=\"robots\" content=\"index, follow, max-snippet:-1, max-image-preview:large, max-video-preview:-1\" \/>\n<link rel=\"canonical\" href=\"https:\/\/www.leansp.com\/de\/lego-serious-play-moderator\/finden-marktplatz\/jens-bruenink\/\" \/>\n<meta property=\"og:locale\" content=\"de_DE\" \/>\n<meta property=\"og:type\" content=\"article\" \/>\n<meta property=\"og:title\" content=\"Jens Br\u00fcnink - Verleih LEGO\u00ae SERIOUS PLAY\u00ae LSP-Material\" \/>\n<meta property=\"og:description\" content=\"&nbsp; &nbsp; Weitere Moderatoren anzeigen\" \/>\n<meta property=\"og:url\" content=\"https:\/\/www.leansp.com\/de\/lego-serious-play-moderator\/finden-marktplatz\/jens-bruenink\/\" \/>\n<meta property=\"og:site_name\" content=\"Verleih LEGO\u00ae SERIOUS PLAY\u00ae LSP-Material\" \/>\n<meta property=\"article:modified_time\" content=\"2026-01-22T11:58:15+00:00\" \/>\n<meta property=\"og:image\" content=\"https:\/\/www.leansp.com\/de\/wp-content\/uploads\/sites\/2\/2026\/01\/jens-bruenink.jpg\" \/>\n<meta name=\"twitter:card\" content=\"summary_large_image\" \/>\n<meta name=\"twitter:label1\" content=\"Gesch\u00e4tzte Lesezeit\" \/>\n\t<meta name=\"twitter:data1\" content=\"2\u00a0Minuten\" \/>\n<script type=\"application\/ld+json\" class=\"yoast-schema-graph\">{\"@context\":\"https:\\\/\\\/schema.org\",\"@graph\":[{\"@type\":\"WebPage\",\"@id\":\"https:\\\/\\\/www.leansp.com\\\/de\\\/lego-serious-play-moderator\\\/finden-marktplatz\\\/jens-bruenink\\\/\",\"url\":\"https:\\\/\\\/www.leansp.com\\\/de\\\/lego-serious-play-moderator\\\/finden-marktplatz\\\/jens-bruenink\\\/\",\"name\":\"Jens Br\u00fcnink - Verleih LEGO\u00ae SERIOUS PLAY\u00ae LSP-Material\",\"isPartOf\":{\"@id\":\"https:\\\/\\\/www.leansp.com\\\/de\\\/#website\"},\"primaryImageOfPage\":{\"@id\":\"https:\\\/\\\/www.leansp.com\\\/de\\\/lego-serious-play-moderator\\\/finden-marktplatz\\\/jens-bruenink\\\/#primaryimage\"},\"image\":{\"@id\":\"https:\\\/\\\/www.leansp.com\\\/de\\\/lego-serious-play-moderator\\\/finden-marktplatz\\\/jens-bruenink\\\/#primaryimage\"},\"thumbnailUrl\":\"https:\\\/\\\/www.leansp.com\\\/de\\\/wp-content\\\/uploads\\\/sites\\\/2\\\/2026\\\/01\\\/jens-bruenink.jpg\",\"datePublished\":\"2026-01-22T11:58:14+00:00\",\"dateModified\":\"2026-01-22T11:58:15+00:00\",\"breadcrumb\":{\"@id\":\"https:\\\/\\\/www.leansp.com\\\/de\\\/lego-serious-play-moderator\\\/finden-marktplatz\\\/jens-bruenink\\\/#breadcrumb\"},\"inLanguage\":\"de\",\"potentialAction\":[{\"@type\":\"ReadAction\",\"target\":[\"https:\\\/\\\/www.leansp.com\\\/de\\\/lego-serious-play-moderator\\\/finden-marktplatz\\\/jens-bruenink\\\/\"]}]},{\"@type\":\"ImageObject\",\"inLanguage\":\"de\",\"@id\":\"https:\\\/\\\/www.leansp.com\\\/de\\\/lego-serious-play-moderator\\\/finden-marktplatz\\\/jens-bruenink\\\/#primaryimage\",\"url\":\"https:\\\/\\\/www.leansp.com\\\/de\\\/wp-content\\\/uploads\\\/sites\\\/2\\\/2026\\\/01\\\/jens-bruenink.jpg\",\"contentUrl\":\"https:\\\/\\\/www.leansp.com\\\/de\\\/wp-content\\\/uploads\\\/sites\\\/2\\\/2026\\\/01\\\/jens-bruenink.jpg\",\"width\":2218,\"height\":2218},{\"@type\":\"BreadcrumbList\",\"@id\":\"https:\\\/\\\/www.leansp.com\\\/de\\\/lego-serious-play-moderator\\\/finden-marktplatz\\\/jens-bruenink\\\/#breadcrumb\",\"itemListElement\":[{\"@type\":\"ListItem\",\"position\":1,\"name\":\"Home\",\"item\":\"https:\\\/\\\/www.leansp.com\\\/de\\\/\"},{\"@type\":\"ListItem\",\"position\":2,\"name\":\"Moderatoren f\u00fcr Workshops mit LEGO\u00ae SERIOUS PLAY\u00ae\",\"item\":\"https:\\\/\\\/www.leansp.com\\\/de\\\/lego-serious-play-moderator\\\/\"},{\"@type\":\"ListItem\",\"position\":3,\"name\":\"Den passenden Moderator f\u00fcr Workshops f\u00fcr LEGO\u00ae SERIOUS PLAY\u00ae finden\",\"item\":\"https:\\\/\\\/www.leansp.com\\\/de\\\/lego-serious-play-moderator\\\/finden-marktplatz\\\/\"},{\"@type\":\"ListItem\",\"position\":4,\"name\":\"Jens Br\u00fcnink\"}]},{\"@type\":\"WebSite\",\"@id\":\"https:\\\/\\\/www.leansp.com\\\/de\\\/#website\",\"url\":\"https:\\\/\\\/www.leansp.com\\\/de\\\/\",\"name\":\"Verleih LEGO\u00ae SERIOUS PLAY\u00ae LSP-Material\",\"description\":\"LSP-Moderationskoffer LEGO\u00ae SERIOUS PLAY\u00ae leihen inkl. Versand vom Profi. Vorsortiert. Identity &amp; Landscape Set, Connections Kit, Window Bags.\",\"publisher\":{\"@id\":\"https:\\\/\\\/www.leansp.com\\\/de\\\/#organization\"},\"potentialAction\":[{\"@type\":\"SearchAction\",\"target\":{\"@type\":\"EntryPoint\",\"urlTemplate\":\"https:\\\/\\\/www.leansp.com\\\/de\\\/?s={search_term_string}\"},\"query-input\":{\"@type\":\"PropertyValueSpecification\",\"valueRequired\":true,\"valueName\":\"search_term_string\"}}],\"inLanguage\":\"de\"},{\"@type\":\"Organization\",\"@id\":\"https:\\\/\\\/www.leansp.com\\\/de\\\/#organization\",\"name\":\"LeanSP\",\"url\":\"https:\\\/\\\/www.leansp.com\\\/de\\\/\",\"logo\":{\"@type\":\"ImageObject\",\"inLanguage\":\"de\",\"@id\":\"https:\\\/\\\/www.leansp.com\\\/de\\\/#\\\/schema\\\/logo\\\/image\\\/\",\"url\":\"https:\\\/\\\/www.leansp.com\\\/de\\\/wp-content\\\/uploads\\\/sites\\\/2\\\/2026\\\/03\\\/logo-clean.png\",\"contentUrl\":\"https:\\\/\\\/www.leansp.com\\\/de\\\/wp-content\\\/uploads\\\/sites\\\/2\\\/2026\\\/03\\\/logo-clean.png\",\"width\":506,\"height\":168,\"caption\":\"LeanSP\"},\"image\":{\"@id\":\"https:\\\/\\\/www.leansp.com\\\/de\\\/#\\\/schema\\\/logo\\\/image\\\/\"}}]}<\/script>\n<!-- \/ Yoast SEO plugin. -->","yoast_head_json":{"title":"Jens Br\u00fcnink - Verleih LEGO\u00ae SERIOUS PLAY\u00ae LSP-Material","robots":{"index":"index","follow":"follow","max-snippet":"max-snippet:-1","max-image-preview":"max-image-preview:large","max-video-preview":"max-video-preview:-1"},"canonical":"https:\/\/www.leansp.com\/de\/lego-serious-play-moderator\/finden-marktplatz\/jens-bruenink\/","og_locale":"de_DE","og_type":"article","og_title":"Jens Br\u00fcnink - Verleih LEGO\u00ae SERIOUS PLAY\u00ae LSP-Material","og_description":"&nbsp; &nbsp; Weitere Moderatoren anzeigen","og_url":"https:\/\/www.leansp.com\/de\/lego-serious-play-moderator\/finden-marktplatz\/jens-bruenink\/","og_site_name":"Verleih LEGO\u00ae SERIOUS PLAY\u00ae LSP-Material","article_modified_time":"2026-01-22T11:58:15+00:00","og_image":[{"url":"https:\/\/www.leansp.com\/de\/wp-content\/uploads\/sites\/2\/2026\/01\/jens-bruenink.jpg","type":"","width":"","height":""}],"twitter_card":"summary_large_image","twitter_misc":{"Gesch\u00e4tzte Lesezeit":"2\u00a0Minuten"},"schema":{"@context":"https:\/\/schema.org","@graph":[{"@type":"WebPage","@id":"https:\/\/www.leansp.com\/de\/lego-serious-play-moderator\/finden-marktplatz\/jens-bruenink\/","url":"https:\/\/www.leansp.com\/de\/lego-serious-play-moderator\/finden-marktplatz\/jens-bruenink\/","name":"Jens Br\u00fcnink - Verleih LEGO\u00ae SERIOUS PLAY\u00ae LSP-Material","isPartOf":{"@id":"https:\/\/www.leansp.com\/de\/#website"},"primaryImageOfPage":{"@id":"https:\/\/www.leansp.com\/de\/lego-serious-play-moderator\/finden-marktplatz\/jens-bruenink\/#primaryimage"},"image":{"@id":"https:\/\/www.leansp.com\/de\/lego-serious-play-moderator\/finden-marktplatz\/jens-bruenink\/#primaryimage"},"thumbnailUrl":"https:\/\/www.leansp.com\/de\/wp-content\/uploads\/sites\/2\/2026\/01\/jens-bruenink.jpg","datePublished":"2026-01-22T11:58:14+00:00","dateModified":"2026-01-22T11:58:15+00:00","breadcrumb":{"@id":"https:\/\/www.leansp.com\/de\/lego-serious-play-moderator\/finden-marktplatz\/jens-bruenink\/#breadcrumb"},"inLanguage":"de","potentialAction":[{"@type":"ReadAction","target":["https:\/\/www.leansp.com\/de\/lego-serious-play-moderator\/finden-marktplatz\/jens-bruenink\/"]}]},{"@type":"ImageObject","inLanguage":"de","@id":"https:\/\/www.leansp.com\/de\/lego-serious-play-moderator\/finden-marktplatz\/jens-bruenink\/#primaryimage","url":"https:\/\/www.leansp.com\/de\/wp-content\/uploads\/sites\/2\/2026\/01\/jens-bruenink.jpg","contentUrl":"https:\/\/www.leansp.com\/de\/wp-content\/uploads\/sites\/2\/2026\/01\/jens-bruenink.jpg","width":2218,"height":2218},{"@type":"BreadcrumbList","@id":"https:\/\/www.leansp.com\/de\/lego-serious-play-moderator\/finden-marktplatz\/jens-bruenink\/#breadcrumb","itemListElement":[{"@type":"ListItem","position":1,"name":"Home","item":"https:\/\/www.leansp.com\/de\/"},{"@type":"ListItem","position":2,"name":"Moderatoren f\u00fcr Workshops mit LEGO\u00ae SERIOUS PLAY\u00ae","item":"https:\/\/www.leansp.com\/de\/lego-serious-play-moderator\/"},{"@type":"ListItem","position":3,"name":"Den passenden Moderator f\u00fcr Workshops f\u00fcr LEGO\u00ae SERIOUS PLAY\u00ae finden","item":"https:\/\/www.leansp.com\/de\/lego-serious-play-moderator\/finden-marktplatz\/"},{"@type":"ListItem","position":4,"name":"Jens Br\u00fcnink"}]},{"@type":"WebSite","@id":"https:\/\/www.leansp.com\/de\/#website","url":"https:\/\/www.leansp.com\/de\/","name":"Verleih LEGO\u00ae SERIOUS PLAY\u00ae LSP-Material","description":"LSP-Moderationskoffer LEGO\u00ae SERIOUS PLAY\u00ae leihen inkl. Versand vom Profi. Vorsortiert. Identity &amp; Landscape Set, Connections Kit, Window Bags.","publisher":{"@id":"https:\/\/www.leansp.com\/de\/#organization"},"potentialAction":[{"@type":"SearchAction","target":{"@type":"EntryPoint","urlTemplate":"https:\/\/www.leansp.com\/de\/?s={search_term_string}"},"query-input":{"@type":"PropertyValueSpecification","valueRequired":true,"valueName":"search_term_string"}}],"inLanguage":"de"},{"@type":"Organization","@id":"https:\/\/www.leansp.com\/de\/#organization","name":"LeanSP","url":"https:\/\/www.leansp.com\/de\/","logo":{"@type":"ImageObject","inLanguage":"de","@id":"https:\/\/www.leansp.com\/de\/#\/schema\/logo\/image\/","url":"https:\/\/www.leansp.com\/de\/wp-content\/uploads\/sites\/2\/2026\/03\/logo-clean.png","contentUrl":"https:\/\/www.leansp.com\/de\/wp-content\/uploads\/sites\/2\/2026\/03\/logo-clean.png","width":506,"height":168,"caption":"LeanSP"},"image":{"@id":"https:\/\/www.leansp.com\/de\/#\/schema\/logo\/image\/"}}]}},"_links":{"self":[{"href":"https:\/\/www.leansp.com\/de\/wp-json\/wp\/v2\/pages\/1454","targetHints":{"allow":["GET"]}}],"collection":[{"href":"https:\/\/www.leansp.com\/de\/wp-json\/wp\/v2\/pages"}],"about":[{"href":"https:\/\/www.leansp.com\/de\/wp-json\/wp\/v2\/types\/page"}],"author":[{"embeddable":true,"href":"https:\/\/www.leansp.com\/de\/wp-json\/wp\/v2\/users\/1"}],"replies":[{"embeddable":true,"href":"https:\/\/www.leansp.com\/de\/wp-json\/wp\/v2\/comments?post=1454"}],"version-history":[{"count":1,"href":"https:\/\/www.leansp.com\/de\/wp-json\/wp\/v2\/pages\/1454\/revisions"}],"predecessor-version":[{"id":1455,"href":"https:\/\/www.leansp.com\/de\/wp-json\/wp\/v2\/pages\/1454\/revisions\/1455"}],"up":[{"embeddable":true,"href":"https:\/\/www.leansp.com\/de\/wp-json\/wp\/v2\/pages\/33"}],"wp:attachment":[{"href":"https:\/\/www.leansp.com\/de\/wp-json\/wp\/v2\/media?parent=1454"}],"curies":[{"name":"wp","href":"https:\/\/api.w.org\/{rel}","templated":true}]}}