{"id":1459,"date":"2026-01-28T11:23:38","date_gmt":"2026-01-28T10:23:38","guid":{"rendered":"https:\/\/www.leansp.com\/de\/?page_id=1459"},"modified":"2026-01-28T11:24:30","modified_gmt":"2026-01-28T10:24:30","slug":"torsten-huith","status":"publish","type":"page","link":"https:\/\/www.leansp.com\/de\/lego-serious-play-moderator\/finden-marktplatz\/torsten-huith\/","title":{"rendered":"Torsten Huith"},"content":{"rendered":"<p><div class=\"row \"><div class=\" col-md-4 col-xs-12 col-sm-12\" ><img loading=\"lazy\" decoding=\"async\" class=\"alignnone size-full wp-image-120\" src=\"https:\/\/www.leansp.com\/de\/wp-content\/uploads\/sites\/2\/2026\/01\/torsten-huith.jpeg\" alt=\"\" width=\"1024\" height=\"1024\" \/><\/div>\n<div class=\" col-md-8 col-xs-12 col-sm-12\" >\nStruktur trifft Kreativit\u00e4t: Begeisternde, partizipative Workshops, in denen wir Komplexit\u00e4t sichtbar machen, gemeinsame Modelle bauen und z\u00fcgig zu belastbaren Entscheidungen kommen \u2013 statt endloser Diskussionen.<\/p>\n<p>Mein Name ist Torsten Huith, Senior Consultant aus Dortmund, Gesch\u00e4ftsf\u00fchrer von \u201e8i \u2013 F\u00fcr Marken mit Haltung&#8221; und \u201eBrick Solutions Certified Partner&#8221;. Seit 2002 begleite ich F\u00fchrungskr\u00e4fte, Teams und Organisationen in Strategie, Kommunikation und Kreativit\u00e4t.<\/p>\n<p>Mein Ansatz: strukturierte Kreativit\u00e4t mit klarem Prozess \u2013 hierarchie\u00fcbergreifend auf Augenh\u00f6he, damit alle Perspektiven sichtbar werden und tragf\u00e4hige Entscheidungen getroffen werden k\u00f6nnen. Ich gestalte daf\u00fcr den passenden Rahmen mit wirkungsvollen Methoden, einer individuellen Struktur und pragmatischer Umsetzungsorientierung.<\/p>\n<p>LEGO\u00ae SERIOUS PLAY\u00ae steht dabei f\u00fcr Partizipation und kreative Vielfalt: von intensiven Formaten mit 4-8 Personen bis zu Gro\u00dfgruppen mit ca. 140 Teilnehmenden. Die Methode l\u00e4sst sich nahtlos in Strategie-, Kultur- und Leadership-Prozesse integrieren.<\/p>\n<p>Im deutschsprachigen Raum unterwegs \u2013 mit regionalem Schwerpunkt Rhein\/Ruhr.<\/p>\n<p><a class=\"btn btn-large uppercase btn-default btn-tomato btn-No color-white\" href=\"https:\/\/xpand.one\/de\/gmbh\/angebot\/lego-serious-play\/\">Ausf\u00fchrliches Profil <i class=\"glyphicon glyphicon glyphicon-chevron-right\" style=\"color: #ffffff;\"><\/i> <\/a><\/div>\n<\/div><br \/>\n&nbsp;<br \/>\n&nbsp;<\/p>\n<p class=\"text-right\"><a href=\"\/de\/lego-serious-play-moderator\/finden-marktplatz\/\">Weitere Moderatoren anzeigen <i class=\"glyphicon glyphicon glyphicon-chevron-right\"><\/i><\/a><\/p>\n","protected":false},"excerpt":{"rendered":"<p>&nbsp; &nbsp; Weitere Moderatoren anzeigen<\/p>\n","protected":false},"author":1,"featured_media":0,"parent":33,"menu_order":0,"comment_status":"closed","ping_status":"closed","template":"","meta":{"footnotes":""},"class_list":["post-1459","page","type-page","status-publish","hentry"],"yoast_head":"<!-- This site is optimized with the Yoast SEO plugin v27.5 - https:\/\/yoast.com\/product\/yoast-seo-wordpress\/ -->\n<title>Torsten Huith - Verleih LEGO\u00ae SERIOUS PLAY\u00ae LSP-Material<\/title>\n<meta name=\"robots\" content=\"index, follow, max-snippet:-1, max-image-preview:large, max-video-preview:-1\" \/>\n<link rel=\"canonical\" href=\"https:\/\/www.leansp.com\/de\/lego-serious-play-moderator\/finden-marktplatz\/torsten-huith\/\" \/>\n<meta property=\"og:locale\" content=\"de_DE\" \/>\n<meta property=\"og:type\" content=\"article\" \/>\n<meta property=\"og:title\" content=\"Torsten Huith - Verleih LEGO\u00ae SERIOUS PLAY\u00ae LSP-Material\" \/>\n<meta property=\"og:description\" content=\"&nbsp; &nbsp; Weitere Moderatoren anzeigen\" \/>\n<meta property=\"og:url\" content=\"https:\/\/www.leansp.com\/de\/lego-serious-play-moderator\/finden-marktplatz\/torsten-huith\/\" \/>\n<meta property=\"og:site_name\" content=\"Verleih LEGO\u00ae SERIOUS PLAY\u00ae LSP-Material\" \/>\n<meta property=\"article:modified_time\" content=\"2026-01-28T10:24:30+00:00\" \/>\n<meta property=\"og:image\" content=\"https:\/\/www.leansp.com\/de\/wp-content\/uploads\/sites\/2\/2026\/01\/torsten-huith.jpeg\" \/>\n<meta name=\"twitter:card\" content=\"summary_large_image\" \/>\n<meta name=\"twitter:label1\" content=\"Gesch\u00e4tzte Lesezeit\" \/>\n\t<meta name=\"twitter:data1\" content=\"2\u00a0Minuten\" \/>\n<script type=\"application\/ld+json\" class=\"yoast-schema-graph\">{\"@context\":\"https:\\\/\\\/schema.org\",\"@graph\":[{\"@type\":\"WebPage\",\"@id\":\"https:\\\/\\\/www.leansp.com\\\/de\\\/lego-serious-play-moderator\\\/finden-marktplatz\\\/torsten-huith\\\/\",\"url\":\"https:\\\/\\\/www.leansp.com\\\/de\\\/lego-serious-play-moderator\\\/finden-marktplatz\\\/torsten-huith\\\/\",\"name\":\"Torsten Huith - Verleih LEGO\u00ae SERIOUS PLAY\u00ae LSP-Material\",\"isPartOf\":{\"@id\":\"https:\\\/\\\/www.leansp.com\\\/de\\\/#website\"},\"primaryImageOfPage\":{\"@id\":\"https:\\\/\\\/www.leansp.com\\\/de\\\/lego-serious-play-moderator\\\/finden-marktplatz\\\/torsten-huith\\\/#primaryimage\"},\"image\":{\"@id\":\"https:\\\/\\\/www.leansp.com\\\/de\\\/lego-serious-play-moderator\\\/finden-marktplatz\\\/torsten-huith\\\/#primaryimage\"},\"thumbnailUrl\":\"https:\\\/\\\/www.leansp.com\\\/de\\\/wp-content\\\/uploads\\\/sites\\\/2\\\/2026\\\/01\\\/torsten-huith.jpeg\",\"datePublished\":\"2026-01-28T10:23:38+00:00\",\"dateModified\":\"2026-01-28T10:24:30+00:00\",\"breadcrumb\":{\"@id\":\"https:\\\/\\\/www.leansp.com\\\/de\\\/lego-serious-play-moderator\\\/finden-marktplatz\\\/torsten-huith\\\/#breadcrumb\"},\"inLanguage\":\"de\",\"potentialAction\":[{\"@type\":\"ReadAction\",\"target\":[\"https:\\\/\\\/www.leansp.com\\\/de\\\/lego-serious-play-moderator\\\/finden-marktplatz\\\/torsten-huith\\\/\"]}]},{\"@type\":\"ImageObject\",\"inLanguage\":\"de\",\"@id\":\"https:\\\/\\\/www.leansp.com\\\/de\\\/lego-serious-play-moderator\\\/finden-marktplatz\\\/torsten-huith\\\/#primaryimage\",\"url\":\"https:\\\/\\\/www.leansp.com\\\/de\\\/wp-content\\\/uploads\\\/sites\\\/2\\\/2026\\\/01\\\/torsten-huith-scaled.jpeg\",\"contentUrl\":\"https:\\\/\\\/www.leansp.com\\\/de\\\/wp-content\\\/uploads\\\/sites\\\/2\\\/2026\\\/01\\\/torsten-huith-scaled.jpeg\",\"width\":2560,\"height\":2560},{\"@type\":\"BreadcrumbList\",\"@id\":\"https:\\\/\\\/www.leansp.com\\\/de\\\/lego-serious-play-moderator\\\/finden-marktplatz\\\/torsten-huith\\\/#breadcrumb\",\"itemListElement\":[{\"@type\":\"ListItem\",\"position\":1,\"name\":\"Home\",\"item\":\"https:\\\/\\\/www.leansp.com\\\/de\\\/\"},{\"@type\":\"ListItem\",\"position\":2,\"name\":\"Moderatoren f\u00fcr Workshops mit LEGO\u00ae SERIOUS PLAY\u00ae\",\"item\":\"https:\\\/\\\/www.leansp.com\\\/de\\\/lego-serious-play-moderator\\\/\"},{\"@type\":\"ListItem\",\"position\":3,\"name\":\"Den passenden Moderator f\u00fcr Workshops f\u00fcr LEGO\u00ae SERIOUS PLAY\u00ae finden\",\"item\":\"https:\\\/\\\/www.leansp.com\\\/de\\\/lego-serious-play-moderator\\\/finden-marktplatz\\\/\"},{\"@type\":\"ListItem\",\"position\":4,\"name\":\"Torsten Huith\"}]},{\"@type\":\"WebSite\",\"@id\":\"https:\\\/\\\/www.leansp.com\\\/de\\\/#website\",\"url\":\"https:\\\/\\\/www.leansp.com\\\/de\\\/\",\"name\":\"Verleih LEGO\u00ae SERIOUS PLAY\u00ae LSP-Material\",\"description\":\"LSP-Moderationskoffer LEGO\u00ae SERIOUS PLAY\u00ae leihen inkl. Versand vom Profi. Vorsortiert. Identity &amp; Landscape Set, Connections Kit, Window Bags.\",\"publisher\":{\"@id\":\"https:\\\/\\\/www.leansp.com\\\/de\\\/#organization\"},\"potentialAction\":[{\"@type\":\"SearchAction\",\"target\":{\"@type\":\"EntryPoint\",\"urlTemplate\":\"https:\\\/\\\/www.leansp.com\\\/de\\\/?s={search_term_string}\"},\"query-input\":{\"@type\":\"PropertyValueSpecification\",\"valueRequired\":true,\"valueName\":\"search_term_string\"}}],\"inLanguage\":\"de\"},{\"@type\":\"Organization\",\"@id\":\"https:\\\/\\\/www.leansp.com\\\/de\\\/#organization\",\"name\":\"LeanSP\",\"url\":\"https:\\\/\\\/www.leansp.com\\\/de\\\/\",\"logo\":{\"@type\":\"ImageObject\",\"inLanguage\":\"de\",\"@id\":\"https:\\\/\\\/www.leansp.com\\\/de\\\/#\\\/schema\\\/logo\\\/image\\\/\",\"url\":\"https:\\\/\\\/www.leansp.com\\\/de\\\/wp-content\\\/uploads\\\/sites\\\/2\\\/2026\\\/03\\\/logo-clean.png\",\"contentUrl\":\"https:\\\/\\\/www.leansp.com\\\/de\\\/wp-content\\\/uploads\\\/sites\\\/2\\\/2026\\\/03\\\/logo-clean.png\",\"width\":506,\"height\":168,\"caption\":\"LeanSP\"},\"image\":{\"@id\":\"https:\\\/\\\/www.leansp.com\\\/de\\\/#\\\/schema\\\/logo\\\/image\\\/\"}}]}<\/script>\n<!-- \/ Yoast SEO plugin. -->","yoast_head_json":{"title":"Torsten Huith - Verleih LEGO\u00ae SERIOUS PLAY\u00ae LSP-Material","robots":{"index":"index","follow":"follow","max-snippet":"max-snippet:-1","max-image-preview":"max-image-preview:large","max-video-preview":"max-video-preview:-1"},"canonical":"https:\/\/www.leansp.com\/de\/lego-serious-play-moderator\/finden-marktplatz\/torsten-huith\/","og_locale":"de_DE","og_type":"article","og_title":"Torsten Huith - Verleih LEGO\u00ae SERIOUS PLAY\u00ae LSP-Material","og_description":"&nbsp; &nbsp; Weitere Moderatoren anzeigen","og_url":"https:\/\/www.leansp.com\/de\/lego-serious-play-moderator\/finden-marktplatz\/torsten-huith\/","og_site_name":"Verleih LEGO\u00ae SERIOUS PLAY\u00ae LSP-Material","article_modified_time":"2026-01-28T10:24:30+00:00","og_image":[{"url":"https:\/\/www.leansp.com\/de\/wp-content\/uploads\/sites\/2\/2026\/01\/torsten-huith.jpeg","type":"","width":"","height":""}],"twitter_card":"summary_large_image","twitter_misc":{"Gesch\u00e4tzte Lesezeit":"2\u00a0Minuten"},"schema":{"@context":"https:\/\/schema.org","@graph":[{"@type":"WebPage","@id":"https:\/\/www.leansp.com\/de\/lego-serious-play-moderator\/finden-marktplatz\/torsten-huith\/","url":"https:\/\/www.leansp.com\/de\/lego-serious-play-moderator\/finden-marktplatz\/torsten-huith\/","name":"Torsten Huith - Verleih LEGO\u00ae SERIOUS PLAY\u00ae LSP-Material","isPartOf":{"@id":"https:\/\/www.leansp.com\/de\/#website"},"primaryImageOfPage":{"@id":"https:\/\/www.leansp.com\/de\/lego-serious-play-moderator\/finden-marktplatz\/torsten-huith\/#primaryimage"},"image":{"@id":"https:\/\/www.leansp.com\/de\/lego-serious-play-moderator\/finden-marktplatz\/torsten-huith\/#primaryimage"},"thumbnailUrl":"https:\/\/www.leansp.com\/de\/wp-content\/uploads\/sites\/2\/2026\/01\/torsten-huith.jpeg","datePublished":"2026-01-28T10:23:38+00:00","dateModified":"2026-01-28T10:24:30+00:00","breadcrumb":{"@id":"https:\/\/www.leansp.com\/de\/lego-serious-play-moderator\/finden-marktplatz\/torsten-huith\/#breadcrumb"},"inLanguage":"de","potentialAction":[{"@type":"ReadAction","target":["https:\/\/www.leansp.com\/de\/lego-serious-play-moderator\/finden-marktplatz\/torsten-huith\/"]}]},{"@type":"ImageObject","inLanguage":"de","@id":"https:\/\/www.leansp.com\/de\/lego-serious-play-moderator\/finden-marktplatz\/torsten-huith\/#primaryimage","url":"https:\/\/www.leansp.com\/de\/wp-content\/uploads\/sites\/2\/2026\/01\/torsten-huith-scaled.jpeg","contentUrl":"https:\/\/www.leansp.com\/de\/wp-content\/uploads\/sites\/2\/2026\/01\/torsten-huith-scaled.jpeg","width":2560,"height":2560},{"@type":"BreadcrumbList","@id":"https:\/\/www.leansp.com\/de\/lego-serious-play-moderator\/finden-marktplatz\/torsten-huith\/#breadcrumb","itemListElement":[{"@type":"ListItem","position":1,"name":"Home","item":"https:\/\/www.leansp.com\/de\/"},{"@type":"ListItem","position":2,"name":"Moderatoren f\u00fcr Workshops mit LEGO\u00ae SERIOUS PLAY\u00ae","item":"https:\/\/www.leansp.com\/de\/lego-serious-play-moderator\/"},{"@type":"ListItem","position":3,"name":"Den passenden Moderator f\u00fcr Workshops f\u00fcr LEGO\u00ae SERIOUS PLAY\u00ae finden","item":"https:\/\/www.leansp.com\/de\/lego-serious-play-moderator\/finden-marktplatz\/"},{"@type":"ListItem","position":4,"name":"Torsten Huith"}]},{"@type":"WebSite","@id":"https:\/\/www.leansp.com\/de\/#website","url":"https:\/\/www.leansp.com\/de\/","name":"Verleih LEGO\u00ae SERIOUS PLAY\u00ae LSP-Material","description":"LSP-Moderationskoffer LEGO\u00ae SERIOUS PLAY\u00ae leihen inkl. Versand vom Profi. Vorsortiert. Identity &amp; Landscape Set, Connections Kit, Window Bags.","publisher":{"@id":"https:\/\/www.leansp.com\/de\/#organization"},"potentialAction":[{"@type":"SearchAction","target":{"@type":"EntryPoint","urlTemplate":"https:\/\/www.leansp.com\/de\/?s={search_term_string}"},"query-input":{"@type":"PropertyValueSpecification","valueRequired":true,"valueName":"search_term_string"}}],"inLanguage":"de"},{"@type":"Organization","@id":"https:\/\/www.leansp.com\/de\/#organization","name":"LeanSP","url":"https:\/\/www.leansp.com\/de\/","logo":{"@type":"ImageObject","inLanguage":"de","@id":"https:\/\/www.leansp.com\/de\/#\/schema\/logo\/image\/","url":"https:\/\/www.leansp.com\/de\/wp-content\/uploads\/sites\/2\/2026\/03\/logo-clean.png","contentUrl":"https:\/\/www.leansp.com\/de\/wp-content\/uploads\/sites\/2\/2026\/03\/logo-clean.png","width":506,"height":168,"caption":"LeanSP"},"image":{"@id":"https:\/\/www.leansp.com\/de\/#\/schema\/logo\/image\/"}}]}},"_links":{"self":[{"href":"https:\/\/www.leansp.com\/de\/wp-json\/wp\/v2\/pages\/1459","targetHints":{"allow":["GET"]}}],"collection":[{"href":"https:\/\/www.leansp.com\/de\/wp-json\/wp\/v2\/pages"}],"about":[{"href":"https:\/\/www.leansp.com\/de\/wp-json\/wp\/v2\/types\/page"}],"author":[{"embeddable":true,"href":"https:\/\/www.leansp.com\/de\/wp-json\/wp\/v2\/users\/1"}],"replies":[{"embeddable":true,"href":"https:\/\/www.leansp.com\/de\/wp-json\/wp\/v2\/comments?post=1459"}],"version-history":[{"count":2,"href":"https:\/\/www.leansp.com\/de\/wp-json\/wp\/v2\/pages\/1459\/revisions"}],"predecessor-version":[{"id":1462,"href":"https:\/\/www.leansp.com\/de\/wp-json\/wp\/v2\/pages\/1459\/revisions\/1462"}],"up":[{"embeddable":true,"href":"https:\/\/www.leansp.com\/de\/wp-json\/wp\/v2\/pages\/33"}],"wp:attachment":[{"href":"https:\/\/www.leansp.com\/de\/wp-json\/wp\/v2\/media?parent=1459"}],"curies":[{"name":"wp","href":"https:\/\/api.w.org\/{rel}","templated":true}]}}