{"id":17,"date":"2017-05-02T13:32:17","date_gmt":"2017-05-02T13:32:17","guid":{"rendered":"https:\/\/www.leansp.com\/de\/?page_id=17"},"modified":"2023-10-10T12:24:19","modified_gmt":"2023-10-10T11:24:19","slug":"ressourcen-literatur","status":"publish","type":"page","link":"https:\/\/www.leansp.com\/de\/lego-serious-play-einsteiger\/ressourcen-literatur\/","title":{"rendered":"Ressourcen &#038; Literatur"},"content":{"rendered":"<div class=\"row\">\n<div class=\"col-lg-4 col-md-12 col-xs-12 col-sm-12\"><a href=\"https:\/\/amzn.to\/3wjpo7Q\"><img decoding=\"async\" class=\"wp-image-84 alignleft\" src=\"https:\/\/images-na.ssl-images-amazon.com\/images\/I\/91zIiXlVOBS.jpg\" alt=\"\" width=\"300\"><\/a><\/div>\n<div class=\"col-lg-8 col-md-12 col-xs-12 col-sm-12\">\n<p><strong>Buch: PLAY! Der unverzichtbare LEGO\u00a9 SERIOUS PLAY\u00a9 Praxis-Guide f\u00fcr Trainer, Coaches und Moderatoren: Inklusive Online-Guide<\/strong><br \/>\nDavid Hillmer, 2021<\/p>\n<p>Innovative Probleml\u00f6sung und Teambuilding mit LEGO\u00ae SERIOUS PLAY\u00ae<\/p>\n<p class=\"text-right\"><a class=\"btn uppercase btn-default btn-tomato btn-No color-white\" href=\"https:\/\/amzn.to\/3wjpo7Q\">Kaufen <i class=\"glyphicon glyphicon glyphicon-chevron-right\" style=\"color: #ffffff;\"><\/i><\/a><\/p>\n<\/div>\n<\/div>\n<div class=\"row\">\n<div class=\"col-lg-4 col-md-12 col-xs-12 col-sm-12\"><a href=\"https:\/\/www.leansp.com\/blog\/lego-serious-play-master-thesis-julia-trebbin\/\"><img loading=\"lazy\" decoding=\"async\" class=\"wp-image-84 alignleft\" src=\"https:\/\/www.leansp.com\/de\/wp-content\/uploads\/sites\/2\/2017\/05\/Screen-Shot-2017-08-20-at-15.18.51-300x213.png\" alt=\"\" width=\"300\" height=\"213\"><\/a><\/div>\n<div class=\"col-lg-8 col-md-12 col-xs-12 col-sm-12\">\n<p><strong>Gaining Insights Through LEGO\u00ae SERIOUS PLAY\u00ae as a Brand Research Tool \u2013 LET IT CLICK WITH THE BRICK<\/strong><br \/>\nJulia Trebbin, 2016<\/p>\n<p><i>Sehr gute Forschungsarbeit mit praktischem Bezug. St\u00e4rken, Schw\u00e4chen und N\u00fctzlichkeit von LSP wurden mit alternativen Methoden verglichen.<\/i><\/p>\n<p>The thesis at hand has the aim to find out if the management method LEGO SERIOUS PLAY (LSP) is applicable for brand research. LSP facilitators are interviewed as experts to investigate the potential of the method for application in marketing and brand research, as well as identifying success factors of the method.<\/p>\n<p class=\"text-right\"><a class=\"btn uppercase btn-default btn-tomato btn-No color-white\" href=\"https:\/\/www.leansp.com\/blog\/lego-serious-play-master-thesis-julia-trebbin\/\">Lesen <i class=\"glyphicon glyphicon glyphicon-chevron-right\" style=\"color: #ffffff;\"><\/i><\/a><\/p>\n<\/div>\n<\/div>\n<div class=\"row\">\n<div class=\"col-lg-4 col-md-12 col-xs-12 col-sm-12\"><a href=\"https:\/\/www.lego.com\/en-us\/seriousplay\/background\/\" target=\"_blank\" rel=\"noopener noreferrer\"><img loading=\"lazy\" decoding=\"async\" src=\"https:\/\/www.leansp.com\/de\/wp-content\/uploads\/sites\/2\/2017\/05\/lego-serious-play-introduction-open-source-300x212.png\" alt=\"\" width=\"300\" height=\"212\" class=\"alignnone size-medium wp-image-476\" srcset=\"https:\/\/www.leansp.com\/de\/wp-content\/uploads\/sites\/2\/2017\/05\/lego-serious-play-introduction-open-source-300x212.png 300w, https:\/\/www.leansp.com\/de\/wp-content\/uploads\/sites\/2\/2017\/05\/lego-serious-play-introduction-open-source-768x542.png 768w, https:\/\/www.leansp.com\/de\/wp-content\/uploads\/sites\/2\/2017\/05\/lego-serious-play-introduction-open-source-1024x722.png 1024w, https:\/\/www.leansp.com\/de\/wp-content\/uploads\/sites\/2\/2017\/05\/lego-serious-play-introduction-open-source-142x100.png 142w, https:\/\/www.leansp.com\/de\/wp-content\/uploads\/sites\/2\/2017\/05\/lego-serious-play-introduction-open-source-50x35.png 50w, https:\/\/www.leansp.com\/de\/wp-content\/uploads\/sites\/2\/2017\/05\/lego-serious-play-introduction-open-source-75x53.png 75w, https:\/\/www.leansp.com\/de\/wp-content\/uploads\/sites\/2\/2017\/05\/lego-serious-play-introduction-open-source.png 1676w\" sizes=\"auto, (max-width: 300px) 100vw, 300px\" \/><\/a><\/div>\n<div class=\"col-lg-8 col-md-12 col-xs-12 col-sm-12\">\n<p><strong>The Origins of the LEGO\u00ae SERIOUS PLAY\u00ae methodology<\/strong><br \/>\nLEGO\u00ae, 2010<\/p>\n<p><i>Die offizielle Einf\u00fchrung in SERIOUS PLAY\u00ae von LEGO\u00ae. Erkl\u00e4rt die grundlegenden Schritte und gibt Anwendungsbeispiele.<\/i><\/p>\n<p>The LEGO\u00ae SERIOUS PLAY\u00ae methodology is built upon a process which stems from the heart of LEGO elements and the LEGO building system. In 2010 the LEGO Group decided to offer the LEGO\u00ae SERIOUS PLAY\u00ae Methodology as a community based model under the Creative Commons License Deed.<\/p>\n<p class=\"text-right\"><a class=\"btn uppercase btn-default btn-tomato btn-No color-white\" href=\"https:\/\/www.lego.com\/en-de\/themes\/serious-play\/background\" target=\"_blank\" rel=\"noopener noreferrer\">Weiter <i class=\"glyphicon glyphicon glyphicon-chevron-right\" style=\"color: #ffffff;\"><\/i><\/a><\/p>\n<\/div>\n<\/div>\n<div class=\"row\">\n<div class=\"col-lg-4 col-md-12 col-xs-12 col-sm-12\"><a href=\"https:\/\/www.amazon.de\/gp\/product\/1118832450\/ref=as_li_qf_sp_asin_il_tl?ie=UTF8&amp;tag=ishenkdikochs-21&amp;camp=1638&amp;creative=6742&amp;linkCode=as2&amp;creativeASIN=1118832450&amp;linkId=b2bb45ffa491b5bb17749262a5cee9e8\"><img loading=\"lazy\" decoding=\"async\" class=\"wp-image-84 alignleft\" src=\"https:\/\/www.leansp.com\/de\/wp-content\/uploads\/sites\/2\/2017\/05\/lsp-book-300x300.jpg\" alt=\"\" width=\"300\" height=\"300\"><\/a><\/div>\n<div class=\"col-lg-8 col-md-12 col-xs-12 col-sm-12\">\n<p><strong>Building a Better Business Using the Lego Serious Play Method<\/strong><br \/>\nPer Kristiansen, Robert Rasmussen, 2014<\/p>\n<p><i>Das Buch erkl\u00e4rt die Entstehungsgeschichte von LSP und den neurowissenschaftlichen Hintergrund, sowie liefert Beispiele. Das Buch erkl\u00e4rt zwar die Methode, hat jedoch nicht das Ziel als Anleitung zum Erlernen der Methode zu dienen.<\/i><\/p>\n<p>Building a Better Business Using the LEGO\u00ae SERIOUS PLAY\u00ae Method delivers a creative approach to enhancing innovation and improving business performance, with the focus on unleashing play. Written by the two original Master Trainers for LEGO SERIOUS PLAY (LSP).<\/p>\n<p class=\"text-right\"><a class=\"btn uppercase btn-default btn-tomato btn-No color-white\" href=\"https:\/\/www.amazon.de\/gp\/product\/1118832450\/ref=as_li_qf_sp_asin_il_tl?ie=UTF8&amp;tag=ishenkdikochs-21&amp;camp=1638&amp;creative=6742&amp;linkCode=as2&amp;creativeASIN=1118832450&amp;linkId=b2bb45ffa491b5bb17749262a5cee9e8\">Kaufen <i class=\"glyphicon glyphicon glyphicon-chevron-right\" style=\"color: #ffffff;\"><\/i><\/a><\/p>\n<\/div>\n<\/div>\n<div class=\"row\">\n<div class=\"col-lg-4 col-md-12 col-xs-12 col-sm-12\"><a href=\"https:\/\/www.amazon.de\/gp\/product\/3800659573\/ref=as_li_qf_sp_asin_il_tl?ie=UTF8&amp;tag=ishenkdikochs-21&amp;camp=1638&amp;creative=6742&amp;linkCode=as2&amp;creativeASIN=0995664706&amp;linkId=2bf077cbafd83f2ef246bb5910c68dcc\"><img loading=\"lazy\" decoding=\"async\" class=\"wp-image-84 alignleft\" src=\"https:\/\/www.leansp.com\/de\/wp-content\/uploads\/sites\/2\/2019\/01\/lsp-book-de.jpg\" alt=\"\" width=\"300\" height=\"300\"><\/a><\/div>\n<div class=\"col-lg-8 col-md-12 col-xs-12 col-sm-12\">\n<p><strong>Serious Work: Meetings und Workshops mit der Lego Serious Play-Methode moderieren<\/strong><br \/>\nSean Blair, Marko Rillo, Jens Dr\u00f6ge, 2019<\/p>\n<p><i>Ein gelungener Versuch die Methode als Buch, mit vielen Beispielen, zu erkl\u00e4ren. Deutsche \u00dcbersetzung.<\/i><\/p>\n<p>Das 256-seitige Buch enth\u00e4lt praktische Tipps sowie Ratschl\u00e4ge der Autoren und von LEGO\u00ae SERIOUS PLAY\u00ae-Trainern aus der ganzen Welt. Detaillierte Drehb\u00fccher, die kostenlos heruntergeladen werden k\u00f6nnen, geben Hinweise f\u00fcr typische Workshopsitutationen. Zudem werden die Grundfertigkeiten erkl\u00e4rt, die die LEGO\u00ae SERIOUS PLAY\u00ae-Methode so einzigartig machen und zeigt, wie man diese entwickelt.<\/p>\n<p class=\"text-right\"><a class=\"btn uppercase btn-default btn-tomato btn-No color-white\" href=\"https:\/\/www.amazon.de\/gp\/product\/3800659573\/ref=as_li_qf_sp_asin_il_tl?ie=UTF8&amp;tag=ishenkdikochs-21&amp;camp=1638&amp;creative=6742&amp;linkCode=as2&amp;creativeASIN=0995664706&amp;linkId=2bf077cbafd83f2ef246bb5910c68dcc\">Kaufen <i class=\"glyphicon glyphicon glyphicon-chevron-right\" style=\"color: #ffffff;\"><\/i><\/a><\/p>\n<\/div>\n<\/div>\n<div class=\"row\">\n<div class=\"col-lg-4 col-md-12 col-xs-12 col-sm-12\"><a href=\"https:\/\/www.mecabricks.com\/en\/user\/stephendann\/models\"><img loading=\"lazy\" decoding=\"async\" src=\"https:\/\/www.leansp.com\/eu\/wp-content\/uploads\/sites\/5\/2018\/08\/lego-serious-play-skillsbuilding-example-model-window-exploration-bag-300x163.png\" alt=\"\" width=\"300\" height=\"163\" class=\"alignnone size-medium wp-image-588\"><\/a><\/div>\n<div class=\"col-lg-8 col-md-12 col-xs-12 col-sm-12\">\n<p><strong>Metaphern und Anleitungen f\u00fcr das Skillsbuilding mit den Window Exploration Bags<\/strong><br \/>\nDr. Stephen Dann<\/p>\n<p>Stephen hat einige 3D Modelle mit Bauanleitungen erstellt, um das Skillsbuilding mit den Window Exploration Bags zu unterst\u00fctzen.<\/p>\n<p class=\"text-right\"><a class=\"btn uppercase btn-default btn-tomato btn-No color-white\" href=\"https:\/\/www.mecabricks.com\/en\/user\/stephendann\/models\">Ansehen <i class=\"glyphicon glyphicon glyphicon-chevron-right\" style=\"color: #ffffff;\"><\/i><\/a><\/p>\n<\/div>\n<\/div>\n<p>&nbsp;<\/p>\n<p><a name=\"materialkaufen\"><\/a><\/p>\n<h2 class=\"text-center\">Material kaufen<\/h2>\n<div class=\"row\">\n<div class=\"col-lg-4 col-md-12 col-xs-12 col-sm-12\"><a href=\"https:\/\/www.leansp.com\/de\/lego-serious-play-experten\/verleih-material-mieten-leihen\/\"><img loading=\"lazy\" decoding=\"async\" class=\"wp-image-84 alignleft\" src=\"https:\/\/www.leansp.com\/de\/wp-content\/uploads\/sites\/2\/2017\/05\/lego-serious-play-material-kaufen-leihen-mieten-1024x700.jpg\" alt=\"\" width=\"300\" height=\"205\"><\/a><\/div>\n<div class=\"col-lg-8 col-md-12 col-xs-12 col-sm-12\">\n<p>Um den LSP Prozess anwenden zu k\u00f6nnen <b>ben\u00f6tigen Sie die offiziellen LSP Kits, Bags und Sets<\/b> mit speziellen Steinen, Figuren und Verbindungsst\u00fccken. Diese Sets bestehen gr\u00f6\u00dftenteils aus tausenden Teilen und kosten bis zu 700 \u20ac pro Box. F\u00fcr einen Workshop mit 8 Teilnehmern brauchen Sie beispielsweise f\u00fcr jeden Teilnehmer einen <a href=\"https:\/\/track.webgains.com\/click.html?wgcampaignid=1351955&amp;wgprogramid=267995&amp;wgtarget=https:\/\/shop.lego.com\/de-DE\/LEGO-SERIOUS-PLAY-Window-Exploration-Bag-2000409\" target=\"_blank\" rel=\"noopener noreferrer\">Exploration Bag<\/a> (ca. 360 \u20ac f\u00fcr 100 Beutel) und pro 8-k\u00f6pfigen Team das <a href=\"https:\/\/track.webgains.com\/click.html?wgcampaignid=1351955&amp;wgprogramid=267995&amp;wgtarget=https:\/\/shop.lego.com\/de-DE\/product\/LEGO-SERIOUS-PLAY-Identity-and-Landscape-Set-2000430\" target=\"_blank\" rel=\"noopener noreferrer\">Identity and Landscape Set<\/a> (ca. 700 \u20ac). M\u00f6chten Sie Gesch\u00e4ftsmodelle und Prozesse modellieren, so brauchen Sie f\u00fcr jedes Team zus\u00e4tzlich das <a href=\"https:\/\/track.webgains.com\/click.html?wgcampaignid=1351955&amp;wgprogramid=267995&amp;wgtarget=https:\/\/shop.lego.com\/de-DE\/LEGO-SERIOUS-PLAY-Connections-Kit-2000431\" target=\"_blank\" rel=\"noopener noreferrer\">Connections Kit<\/a> (ca. 560 \u20ac). Und vielleicht m\u00f6chten Sie jedem Teilnehmer noch ein pers\u00f6nliches <a href=\"https:\/\/www.leansp.com\/de\/lego-serious-play-experten\/kauf-starter-set-mit-box\/\">Starter Set<\/a> zur Verf\u00fcgung stellen?<\/p>\n<p>So kommen als Erstinvestition schnell \u00fcber 1.800 \u20ac zusammen.<br \/>\n<strong>Alternativ k\u00f6nnen Sie das Material bei LeanSP leihen.<\/strong><\/p>\n<p class=\"text-right\"><a class=\"btn uppercase btn-default btn-tomato btn-No color-white\" href=\"https:\/\/www.leansp.com\/de\/lego-serious-play-experten\/verleih-material-mieten-leihen\/\">Zum Verleih <i class=\"glyphicon glyphicon glyphicon-chevron-right\" style=\"color: #ffffff;\"><\/i><\/a><\/p>\n<\/div>\n<\/div>\n","protected":false},"excerpt":{"rendered":"<p>Buch: PLAY! Der unverzichtbare LEGO\u00a9 SERIOUS PLAY\u00a9 Praxis-Guide f\u00fcr Trainer, Coaches und Moderatoren: Inklusive Online-Guide David Hillmer, 2021 Innovative Probleml\u00f6sung und Teambuilding mit LEGO\u00ae SERIOUS PLAY\u00ae Kaufen Gaining Insights Through LEGO\u00ae SERIOUS PLAY\u00ae as a Brand Research Tool \u2013 LET IT CLICK WITH THE BRICK Julia Trebbin, 2016 Sehr gute Forschungsarbeit mit praktischem Bezug. St\u00e4rken, [&hellip;]<\/p>\n","protected":false},"author":1,"featured_media":0,"parent":11,"menu_order":0,"comment_status":"closed","ping_status":"closed","template":"","meta":{"footnotes":""},"class_list":["post-17","page","type-page","status-publish","hentry"],"yoast_head":"<!-- This site is optimized with the Yoast SEO plugin v27.5 - https:\/\/yoast.com\/product\/yoast-seo-wordpress\/ -->\n<title>Ressourcen &amp; Literatur - Verleih LEGO\u00ae SERIOUS PLAY\u00ae LSP-Material<\/title>\n<meta name=\"robots\" content=\"index, follow, max-snippet:-1, max-image-preview:large, max-video-preview:-1\" \/>\n<link rel=\"canonical\" href=\"https:\/\/www.leansp.com\/de\/lego-serious-play-einsteiger\/ressourcen-literatur\/\" \/>\n<meta property=\"og:locale\" content=\"de_DE\" \/>\n<meta property=\"og:type\" content=\"article\" \/>\n<meta property=\"og:title\" content=\"Ressourcen &amp; Literatur - Verleih LEGO\u00ae SERIOUS PLAY\u00ae LSP-Material\" \/>\n<meta property=\"og:description\" content=\"Buch: PLAY! Der unverzichtbare LEGO\u00a9 SERIOUS PLAY\u00a9 Praxis-Guide f\u00fcr Trainer, Coaches und Moderatoren: Inklusive Online-Guide David Hillmer, 2021 Innovative Probleml\u00f6sung und Teambuilding mit LEGO\u00ae SERIOUS PLAY\u00ae Kaufen Gaining Insights Through LEGO\u00ae SERIOUS PLAY\u00ae as a Brand Research Tool \u2013 LET IT CLICK WITH THE BRICK Julia Trebbin, 2016 Sehr gute Forschungsarbeit mit praktischem Bezug. St\u00e4rken, [&hellip;]\" \/>\n<meta property=\"og:url\" content=\"https:\/\/www.leansp.com\/de\/lego-serious-play-einsteiger\/ressourcen-literatur\/\" \/>\n<meta property=\"og:site_name\" content=\"Verleih LEGO\u00ae SERIOUS PLAY\u00ae LSP-Material\" \/>\n<meta property=\"article:modified_time\" content=\"2023-10-10T11:24:19+00:00\" \/>\n<meta property=\"og:image\" content=\"https:\/\/images-na.ssl-images-amazon.com\/images\/I\/91zIiXlVOBS.jpg\" \/>\n<meta name=\"twitter:card\" content=\"summary_large_image\" \/>\n<meta name=\"twitter:label1\" content=\"Gesch\u00e4tzte Lesezeit\" \/>\n\t<meta name=\"twitter:data1\" content=\"4\u00a0Minuten\" \/>\n<script type=\"application\/ld+json\" class=\"yoast-schema-graph\">{\"@context\":\"https:\\\/\\\/schema.org\",\"@graph\":[{\"@type\":\"WebPage\",\"@id\":\"https:\\\/\\\/www.leansp.com\\\/de\\\/lego-serious-play-einsteiger\\\/ressourcen-literatur\\\/\",\"url\":\"https:\\\/\\\/www.leansp.com\\\/de\\\/lego-serious-play-einsteiger\\\/ressourcen-literatur\\\/\",\"name\":\"Ressourcen & Literatur - Verleih LEGO\u00ae SERIOUS PLAY\u00ae LSP-Material\",\"isPartOf\":{\"@id\":\"https:\\\/\\\/www.leansp.com\\\/de\\\/#website\"},\"primaryImageOfPage\":{\"@id\":\"https:\\\/\\\/www.leansp.com\\\/de\\\/lego-serious-play-einsteiger\\\/ressourcen-literatur\\\/#primaryimage\"},\"image\":{\"@id\":\"https:\\\/\\\/www.leansp.com\\\/de\\\/lego-serious-play-einsteiger\\\/ressourcen-literatur\\\/#primaryimage\"},\"thumbnailUrl\":\"https:\\\/\\\/images-na.ssl-images-amazon.com\\\/images\\\/I\\\/91zIiXlVOBS.jpg\",\"datePublished\":\"2017-05-02T13:32:17+00:00\",\"dateModified\":\"2023-10-10T11:24:19+00:00\",\"breadcrumb\":{\"@id\":\"https:\\\/\\\/www.leansp.com\\\/de\\\/lego-serious-play-einsteiger\\\/ressourcen-literatur\\\/#breadcrumb\"},\"inLanguage\":\"de\",\"potentialAction\":[{\"@type\":\"ReadAction\",\"target\":[\"https:\\\/\\\/www.leansp.com\\\/de\\\/lego-serious-play-einsteiger\\\/ressourcen-literatur\\\/\"]}]},{\"@type\":\"ImageObject\",\"inLanguage\":\"de\",\"@id\":\"https:\\\/\\\/www.leansp.com\\\/de\\\/lego-serious-play-einsteiger\\\/ressourcen-literatur\\\/#primaryimage\",\"url\":\"https:\\\/\\\/images-na.ssl-images-amazon.com\\\/images\\\/I\\\/91zIiXlVOBS.jpg\",\"contentUrl\":\"https:\\\/\\\/images-na.ssl-images-amazon.com\\\/images\\\/I\\\/91zIiXlVOBS.jpg\"},{\"@type\":\"BreadcrumbList\",\"@id\":\"https:\\\/\\\/www.leansp.com\\\/de\\\/lego-serious-play-einsteiger\\\/ressourcen-literatur\\\/#breadcrumb\",\"itemListElement\":[{\"@type\":\"ListItem\",\"position\":1,\"name\":\"Home\",\"item\":\"https:\\\/\\\/www.leansp.com\\\/de\\\/\"},{\"@type\":\"ListItem\",\"position\":2,\"name\":\"Was ist LEGO\u00ae SERIOUS PLAY\u00ae und wie kann es helfen?\",\"item\":\"https:\\\/\\\/www.leansp.com\\\/de\\\/lego-serious-play-einsteiger\\\/\"},{\"@type\":\"ListItem\",\"position\":3,\"name\":\"Ressourcen &#038; Literatur\"}]},{\"@type\":\"WebSite\",\"@id\":\"https:\\\/\\\/www.leansp.com\\\/de\\\/#website\",\"url\":\"https:\\\/\\\/www.leansp.com\\\/de\\\/\",\"name\":\"Verleih LEGO\u00ae SERIOUS PLAY\u00ae LSP-Material\",\"description\":\"LSP-Moderationskoffer LEGO\u00ae SERIOUS PLAY\u00ae leihen inkl. Versand vom Profi. Vorsortiert. Identity &amp; Landscape Set, Connections Kit, Window Bags.\",\"publisher\":{\"@id\":\"https:\\\/\\\/www.leansp.com\\\/de\\\/#organization\"},\"potentialAction\":[{\"@type\":\"SearchAction\",\"target\":{\"@type\":\"EntryPoint\",\"urlTemplate\":\"https:\\\/\\\/www.leansp.com\\\/de\\\/?s={search_term_string}\"},\"query-input\":{\"@type\":\"PropertyValueSpecification\",\"valueRequired\":true,\"valueName\":\"search_term_string\"}}],\"inLanguage\":\"de\"},{\"@type\":\"Organization\",\"@id\":\"https:\\\/\\\/www.leansp.com\\\/de\\\/#organization\",\"name\":\"LeanSP\",\"url\":\"https:\\\/\\\/www.leansp.com\\\/de\\\/\",\"logo\":{\"@type\":\"ImageObject\",\"inLanguage\":\"de\",\"@id\":\"https:\\\/\\\/www.leansp.com\\\/de\\\/#\\\/schema\\\/logo\\\/image\\\/\",\"url\":\"https:\\\/\\\/www.leansp.com\\\/de\\\/wp-content\\\/uploads\\\/sites\\\/2\\\/2026\\\/03\\\/logo-clean.png\",\"contentUrl\":\"https:\\\/\\\/www.leansp.com\\\/de\\\/wp-content\\\/uploads\\\/sites\\\/2\\\/2026\\\/03\\\/logo-clean.png\",\"width\":506,\"height\":168,\"caption\":\"LeanSP\"},\"image\":{\"@id\":\"https:\\\/\\\/www.leansp.com\\\/de\\\/#\\\/schema\\\/logo\\\/image\\\/\"}}]}<\/script>\n<!-- \/ Yoast SEO plugin. -->","yoast_head_json":{"title":"Ressourcen & Literatur - Verleih LEGO\u00ae SERIOUS PLAY\u00ae LSP-Material","robots":{"index":"index","follow":"follow","max-snippet":"max-snippet:-1","max-image-preview":"max-image-preview:large","max-video-preview":"max-video-preview:-1"},"canonical":"https:\/\/www.leansp.com\/de\/lego-serious-play-einsteiger\/ressourcen-literatur\/","og_locale":"de_DE","og_type":"article","og_title":"Ressourcen & Literatur - Verleih LEGO\u00ae SERIOUS PLAY\u00ae LSP-Material","og_description":"Buch: PLAY! Der unverzichtbare LEGO\u00a9 SERIOUS PLAY\u00a9 Praxis-Guide f\u00fcr Trainer, Coaches und Moderatoren: Inklusive Online-Guide David Hillmer, 2021 Innovative Probleml\u00f6sung und Teambuilding mit LEGO\u00ae SERIOUS PLAY\u00ae Kaufen Gaining Insights Through LEGO\u00ae SERIOUS PLAY\u00ae as a Brand Research Tool \u2013 LET IT CLICK WITH THE BRICK Julia Trebbin, 2016 Sehr gute Forschungsarbeit mit praktischem Bezug. St\u00e4rken, [&hellip;]","og_url":"https:\/\/www.leansp.com\/de\/lego-serious-play-einsteiger\/ressourcen-literatur\/","og_site_name":"Verleih LEGO\u00ae SERIOUS PLAY\u00ae LSP-Material","article_modified_time":"2023-10-10T11:24:19+00:00","og_image":[{"url":"https:\/\/images-na.ssl-images-amazon.com\/images\/I\/91zIiXlVOBS.jpg","type":"","width":"","height":""}],"twitter_card":"summary_large_image","twitter_misc":{"Gesch\u00e4tzte Lesezeit":"4\u00a0Minuten"},"schema":{"@context":"https:\/\/schema.org","@graph":[{"@type":"WebPage","@id":"https:\/\/www.leansp.com\/de\/lego-serious-play-einsteiger\/ressourcen-literatur\/","url":"https:\/\/www.leansp.com\/de\/lego-serious-play-einsteiger\/ressourcen-literatur\/","name":"Ressourcen & Literatur - Verleih LEGO\u00ae SERIOUS PLAY\u00ae LSP-Material","isPartOf":{"@id":"https:\/\/www.leansp.com\/de\/#website"},"primaryImageOfPage":{"@id":"https:\/\/www.leansp.com\/de\/lego-serious-play-einsteiger\/ressourcen-literatur\/#primaryimage"},"image":{"@id":"https:\/\/www.leansp.com\/de\/lego-serious-play-einsteiger\/ressourcen-literatur\/#primaryimage"},"thumbnailUrl":"https:\/\/images-na.ssl-images-amazon.com\/images\/I\/91zIiXlVOBS.jpg","datePublished":"2017-05-02T13:32:17+00:00","dateModified":"2023-10-10T11:24:19+00:00","breadcrumb":{"@id":"https:\/\/www.leansp.com\/de\/lego-serious-play-einsteiger\/ressourcen-literatur\/#breadcrumb"},"inLanguage":"de","potentialAction":[{"@type":"ReadAction","target":["https:\/\/www.leansp.com\/de\/lego-serious-play-einsteiger\/ressourcen-literatur\/"]}]},{"@type":"ImageObject","inLanguage":"de","@id":"https:\/\/www.leansp.com\/de\/lego-serious-play-einsteiger\/ressourcen-literatur\/#primaryimage","url":"https:\/\/images-na.ssl-images-amazon.com\/images\/I\/91zIiXlVOBS.jpg","contentUrl":"https:\/\/images-na.ssl-images-amazon.com\/images\/I\/91zIiXlVOBS.jpg"},{"@type":"BreadcrumbList","@id":"https:\/\/www.leansp.com\/de\/lego-serious-play-einsteiger\/ressourcen-literatur\/#breadcrumb","itemListElement":[{"@type":"ListItem","position":1,"name":"Home","item":"https:\/\/www.leansp.com\/de\/"},{"@type":"ListItem","position":2,"name":"Was ist LEGO\u00ae SERIOUS PLAY\u00ae und wie kann es helfen?","item":"https:\/\/www.leansp.com\/de\/lego-serious-play-einsteiger\/"},{"@type":"ListItem","position":3,"name":"Ressourcen &#038; Literatur"}]},{"@type":"WebSite","@id":"https:\/\/www.leansp.com\/de\/#website","url":"https:\/\/www.leansp.com\/de\/","name":"Verleih LEGO\u00ae SERIOUS PLAY\u00ae LSP-Material","description":"LSP-Moderationskoffer LEGO\u00ae SERIOUS PLAY\u00ae leihen inkl. Versand vom Profi. Vorsortiert. Identity &amp; Landscape Set, Connections Kit, Window Bags.","publisher":{"@id":"https:\/\/www.leansp.com\/de\/#organization"},"potentialAction":[{"@type":"SearchAction","target":{"@type":"EntryPoint","urlTemplate":"https:\/\/www.leansp.com\/de\/?s={search_term_string}"},"query-input":{"@type":"PropertyValueSpecification","valueRequired":true,"valueName":"search_term_string"}}],"inLanguage":"de"},{"@type":"Organization","@id":"https:\/\/www.leansp.com\/de\/#organization","name":"LeanSP","url":"https:\/\/www.leansp.com\/de\/","logo":{"@type":"ImageObject","inLanguage":"de","@id":"https:\/\/www.leansp.com\/de\/#\/schema\/logo\/image\/","url":"https:\/\/www.leansp.com\/de\/wp-content\/uploads\/sites\/2\/2026\/03\/logo-clean.png","contentUrl":"https:\/\/www.leansp.com\/de\/wp-content\/uploads\/sites\/2\/2026\/03\/logo-clean.png","width":506,"height":168,"caption":"LeanSP"},"image":{"@id":"https:\/\/www.leansp.com\/de\/#\/schema\/logo\/image\/"}}]}},"_links":{"self":[{"href":"https:\/\/www.leansp.com\/de\/wp-json\/wp\/v2\/pages\/17","targetHints":{"allow":["GET"]}}],"collection":[{"href":"https:\/\/www.leansp.com\/de\/wp-json\/wp\/v2\/pages"}],"about":[{"href":"https:\/\/www.leansp.com\/de\/wp-json\/wp\/v2\/types\/page"}],"author":[{"embeddable":true,"href":"https:\/\/www.leansp.com\/de\/wp-json\/wp\/v2\/users\/1"}],"replies":[{"embeddable":true,"href":"https:\/\/www.leansp.com\/de\/wp-json\/wp\/v2\/comments?post=17"}],"version-history":[{"count":46,"href":"https:\/\/www.leansp.com\/de\/wp-json\/wp\/v2\/pages\/17\/revisions"}],"predecessor-version":[{"id":1292,"href":"https:\/\/www.leansp.com\/de\/wp-json\/wp\/v2\/pages\/17\/revisions\/1292"}],"up":[{"embeddable":true,"href":"https:\/\/www.leansp.com\/de\/wp-json\/wp\/v2\/pages\/11"}],"wp:attachment":[{"href":"https:\/\/www.leansp.com\/de\/wp-json\/wp\/v2\/media?parent=17"}],"curies":[{"name":"wp","href":"https:\/\/api.w.org\/{rel}","templated":true}]}}