{"id":29,"date":"2017-05-02T13:34:34","date_gmt":"2017-05-02T13:34:34","guid":{"rendered":"https:\/\/www.leansp.com\/de\/?page_id=29"},"modified":"2022-10-01T19:40:33","modified_gmt":"2022-10-01T18:40:33","slug":"viel-lego-leihen","status":"publish","type":"page","link":"https:\/\/www.leansp.com\/de\/lego-serious-play-experten\/viel-lego-leihen\/","title":{"rendered":"Viel LEGO\u00ae leihen ab 189 \u20ac. Kiloweise Legosteine f\u00fcr Messe, Kongress oder Event mieten."},"content":{"rendered":"<h3 style=\"text-align: center;\" class=\"hidden-xs hidden-sm hidden-md\">So einfach funktioniert\u2019s<\/h3>\n<div class=\"row hidden-xs hidden-sm hidden-md\" style=\"background-color: #2ecc71; padding-top: 6px; padding-bottom: 0px;\">\n<div class=\"col-xs-12\" style=\"padding:0;\">\n<style>#crumbs{text-align:center}#crumbs ul{list-style:none;display:inline-table;margin-bottom:6px!important;padding:0!important}#crumbs ul li{display:inline}#crumbs ul li a{display:block;float:left;height:80px;background:#fff;text-align:center;padding:18px 20px 0 60px;position:relative;margin:0 10px 0 0;font-size:18px;text-decoration:none;color:#fd6740;}#crumbs ul li a:after{content:\"\";border-top:40px solid transparent;border-bottom:40px solid transparent;border-left:40px solid #fff;position:absolute;right:-40px;top:0;z-index:1}#crumbs ul li a:before{content:\"\";border-top:40px solid transparent;border-bottom:40px solid transparent;border-left:40px solid #2ecc71;position:absolute;left:0;top:0}#crumbs ul li:first-child a{border-top-left-radius:10px;border-bottom-left-radius:10px;padding-left:30px}#crumbs ul li:first-child a:before{display:none}#crumbs ul li:last-child a{padding-right:30px;border-top-right-radius:10px;border-bottom-right-radius:10px}#crumbs ul li:last-child a:after{display:none}#crumbs ul li a:hover{background:#fff}#crumbs ul li a:hover:after{border-left-color:#fff}<\/style>\n<div class=\"white\" id=\"crumbs\">\n<ul>\n<li><a href=\"#weiter\"><span class=\"label label-success\" style=\"margin:0; padding: 3px 6px 3px 6px; background-color: #fd6740; position:absolute; top: 4px; left:5px;\">1<\/span>Koffer<br \/>\nw\u00e4hlen<\/a><\/li>\n<li><a href=\"#weiter\"><span class=\"label label-success\" style=\"margin:0; padding: 3px 6px 3px 6px; background-color: #fd6740; position:absolute; top: 4px; left:29px;\">2<\/span>Bestellen zum<br \/>\nWunschtermin<\/a><\/li>\n<li><a href=\"#weiter\"><span class=\"label label-success\" style=\"margin:0; padding: 3px 6px 3px 6px; background-color: #fd6740; position:absolute; top: 4px; left:29px;\">3<\/span>Versand mit<br \/>\nTracking-Link<\/a><\/li>\n<li><a href=\"#weiter\"><span class=\"label label-success\" style=\"margin:0; padding: 3px 6px 3px 6px; background-color: #fd6740; position:absolute; top: 4px; left:29px;\">4<\/span>P\u00fcnktlich<br \/>\nempfangen<\/a><\/li>\n<li><a href=\"#weiter\"><span class=\"label label-success\" style=\"margin:0; padding: 3px 6px 3px 6px; background-color: #fd6740; position:absolute; top: 4px; left:29px;\">5<\/span>Erfolgreiche<br \/>\nVeranstaltung<\/a><\/li>\n<li><a href=\"#weiter\"><span style=\"margin:0; padding: 2px 2px 2px 2px; background-color: #2ebb71; position:absolute; top: 4px; left:29px;\" class=\"label label-success\"><i class=\"fa fa-check\"><\/i><\/span>Unsortiert<br \/>\nzur\u00fccksenden<\/a><\/li>\n<\/ul>\n<\/div>\n<\/div>\n<\/div>\n<p class=\"hidden-xs hidden-sm hidden-md\">&nbsp;<\/p>\n<p><a name=\"weiter\"><\/a><\/p>\n<div class=\"row\">\n<div class=\"col-lg-4 col-md-12 col-xs-12 col-sm-12\"><a href=\"https:\/\/www.leansp.com\/de\/wp-content\/uploads\/sites\/2\/2019\/03\/lego-mix.jpg\"><img loading=\"lazy\" decoding=\"async\" src=\"https:\/\/www.leansp.com\/de\/wp-content\/uploads\/sites\/2\/2019\/03\/lego-mix-1024x843.jpg\" alt=\"\" width=\"1024\" height=\"843\" class=\"alignnone size-large wp-image-561\"><\/a><\/div>\n<div class=\"col-lg-8 col-md-12 col-xs-12 col-sm-12\">\n<p><strong>Unser beliebtestes Angebot sind die Mix-Koffer mit gut 12 kg Lego- und Duplomaterial bunt gemischt. Wir versenden das Material in einem stabilen Rollkoffer.<\/strong><br \/>\nImmer dabei sind mindestens viele Lego System Bausteine mit Basic- und Sonderteilen, sowie einige Duplo Figuren, Tiere und Fahrzeuge. Das Material wird nach jedem Verleih auf Qualit\u00e4t gepr\u00fcft, besch\u00e4digte oder verschmutzte Teile tauschen wir aus. Exkl. Reinigungskosten f\u00fcr besondere Verschmutzungen (Kekskr\u00fcmel, Orangensaft, Konfetti etc.). Ein Schwund von maximal 1 % bei Kleinteilen ist einkalkuliert.<\/p>\n<p>Nur <span style=\"font-size: 150%;\">189,00 \u20ac pro Koffer<\/span> (exkl. MwSt.)<br \/>\nLeihgeb\u00fchr pro Veranstaltungstag. Inkl. Hin- und R\u00fcckversand in DE.<br \/>\n<small>Sie erhalten die Koffer i.d.R. 1-2 Werktage vor Ihrer Veranstaltung und senden diese sp\u00e4testens am folgenden Werktag mit dem vorfrankierten R\u00fccksendeschein im gleichen Paket an uns zur\u00fcck.<\/small><\/p>\n<p><a class=\"btn btn-small btn-default btn-tomato btn-No color-white\" href=\"https:\/\/renteniq.typeform.com\/to\/WIyOBs\" target=\"_blank\" rel=\"noopener noreferrer\">Ausleihen <i class=\"glyphicon glyphicon glyphicon-chevron-right\" style=\"color: #ffffff;\"><\/i><\/a><br \/>\n<small><br \/>\nBezahlung per <img decoding=\"async\" src=\"https:\/\/www.leansp.com\/de\/wp-content\/uploads\/sites\/2\/2018\/11\/sepa_3x.png\" alt=\"SEPA\" class=\"alignnone wp-image-687\" style=\"height:22px; width:36px;\"> Rechnung oder <img loading=\"lazy\" decoding=\"async\" width=\"108\" height=\"66\" class=\"alignnone wp-image-688\" style=\"height: 22px; width: 36px;\" src=\"https:\/\/www.leansp.com\/de\/wp-content\/uploads\/sites\/2\/2018\/06\/visa_3x.png\" alt=\"VISA\" srcset=\"https:\/\/www.leansp.com\/de\/wp-content\/uploads\/sites\/2\/2018\/06\/visa_3x.png 108w, https:\/\/www.leansp.com\/de\/wp-content\/uploads\/sites\/2\/2018\/06\/visa_3x-50x31.png 50w, https:\/\/www.leansp.com\/de\/wp-content\/uploads\/sites\/2\/2018\/06\/visa_3x-75x46.png 75w\" sizes=\"auto, (max-width: 108px) 100vw, 108px\" \/> <img loading=\"lazy\" decoding=\"async\" width=\"108\" height=\"66\" class=\"alignnone wp-image-686\" style=\"height: 22px; width: 36px;\" src=\"https:\/\/www.leansp.com\/de\/wp-content\/uploads\/sites\/2\/2018\/06\/mastercard_3x.png\" alt=\"Mastercard\" srcset=\"https:\/\/www.leansp.com\/de\/wp-content\/uploads\/sites\/2\/2018\/06\/mastercard_3x.png 108w, https:\/\/www.leansp.com\/de\/wp-content\/uploads\/sites\/2\/2018\/06\/mastercard_3x-50x31.png 50w, https:\/\/www.leansp.com\/de\/wp-content\/uploads\/sites\/2\/2018\/06\/mastercard_3x-75x46.png 75w\" sizes=\"auto, (max-width: 108px) 100vw, 108px\" \/><\/small><\/p>\n<\/div>\n<\/div>\n<p>&nbsp;<\/p>\n<p class=\"text-center\"><sup>*<\/sup> Rabatte ab dem 2. Veranstaltungstag m\u00f6glich; Preise zzgl. MwSt.; \u00c4nderungen vorbehalten; Verf\u00fcgbarkeit begrenzt \u2013 bitte reservieren.<br \/>\n<i>Pssst:<\/i> F\u00fcr die Anwendung der LSP-Methode brauchen Sie die <a href=\"https:\/\/www.leansp.com\/de\/lego-serious-play-experten\/verleih-material-mieten-leihen\/\/\">Moderationskoffer<\/a>.<\/p>\n<p>&nbsp;<br \/>\n&nbsp;<\/p>\n<div class=\"row\">\n<div class=\"col-lg-6 col-md-6 col-xs-12 col-sm-6\">\n<div class=\"row\">\n<div class=\"col-lg-2 col-md-2 col-xs-2 col-sm-2\" style=\"padding-left:0;\"><img loading=\"lazy\" decoding=\"async\" src=\"https:\/\/www.leansp.com\/de\/wp-content\/uploads\/sites\/2\/2018\/03\/ups-carbon-neutral.png\" alt=\"\" width=\"100\" height=\"188\" class=\"alignnone size-full wp-image-654\" srcset=\"https:\/\/www.leansp.com\/de\/wp-content\/uploads\/sites\/2\/2018\/03\/ups-carbon-neutral.png 100w, https:\/\/www.leansp.com\/de\/wp-content\/uploads\/sites\/2\/2018\/03\/ups-carbon-neutral-53x100.png 53w, https:\/\/www.leansp.com\/de\/wp-content\/uploads\/sites\/2\/2018\/03\/ups-carbon-neutral-27x50.png 27w, https:\/\/www.leansp.com\/de\/wp-content\/uploads\/sites\/2\/2018\/03\/ups-carbon-neutral-40x75.png 40w\" sizes=\"auto, (max-width: 100px) 100vw, 100px\" \/><\/div>\n<div class=\"col-lg-2 col-md-2 col-xs-2 col-sm-2\" style=\"padding-left:0; padding-right:0;\"><a href=\"https:\/\/www.provenexpert.com\/leansp-koepernick-gmbh\/?utm_source=Widget&amp;utm_medium=Widget&amp;utm_campaign=Widget\" title=\"Erfahrungen &amp; Bewertungen zu LeanSP, K\u00f6pernick GmbH anzeigen\" target=\"_blank\" style=\"text-decoration:none;\" rel=\"noopener noreferrer\"><img loading=\"lazy\" decoding=\"async\" src=\"https:\/\/images.provenexpert.com\/88\/09\/8ab95e04c554577911a8bcb6d2d4\/widget_portrait_180_de_0.png\" alt=\"Erfahrungen &amp; Bewertungen zu LeanSP, K\u00f6pernick GmbH\" width=\"180\" height=\"216\" style=\"border:0\"><\/a><\/div>\n<div class=\"col-lg-8 col-md-8 col-xs-8 col-sm-8\"><small>Hunderte zufriedene Kunden in Deutschland und Europa. Bei uns leihen Event-Agenturen, Konzerne, Hochschulen etc. Referenzen auf Anfrage.<\/small><\/div>\n<\/div>\n<\/div>\n<div class=\"col-lg-6 col-md-6 col-xs-12 col-sm-6\">\n<div class=\"row\">\n<div class=\"col-lg-2 col-md-2 col-xs-2 col-sm-2\"><img loading=\"lazy\" decoding=\"async\" class=\"aligncenter size-medium wp-image-501\" src=\"https:\/\/www.leansp.com\/de\/wp-content\/uploads\/sites\/2\/2017\/08\/lego-serious-play-facilitator-berlin-munich-moderator-muenchen-lsp-150x150.jpg\" alt=\"\" width=\"248\" height=\"300\"><\/div>\n<div class=\"col-lg-6 col-md-6 col-xs-6 col-sm-6\"><strong>Support &amp; Beratung<\/strong><br \/>\n<small><i>Christoph K\u00f6pernick:<\/i> Gr\u00fcnder von LeanSP und zertifizierter Moderator der LEGO\u00ae SERIOUS PLAY\u00ae Methode und Materialien.<\/small><\/div>\n<div class=\"col-lg-4 col-md-4 col-xs-12 col-sm-4\"><a class=\"btn btn-small btn-default btn-tomato btn-No color-white\" href=\"https:\/\/www.leansp.com\/de\/kontakt\/\">Kontakt <i class=\"glyphicon glyphicon glyphicon-chevron-right\" style=\"color: #ffffff;\"><\/i> <\/a><\/div>\n<\/div>\n<\/div>\n<\/div>\n","protected":false},"excerpt":{"rendered":"<p>So einfach funktioniert\u2019s 1Koffer w\u00e4hlen 2Bestellen zum Wunschtermin 3Versand mit Tracking-Link 4P\u00fcnktlich empfangen 5Erfolgreiche Veranstaltung Unsortiert zur\u00fccksenden &nbsp; Unser beliebtestes Angebot sind die Mix-Koffer mit gut 12 kg Lego- und Duplomaterial bunt gemischt. Wir versenden das Material in einem stabilen Rollkoffer. Immer dabei sind mindestens viele Lego System Bausteine mit Basic- und Sonderteilen, sowie einige [&hellip;]<\/p>\n","protected":false},"author":1,"featured_media":959,"parent":21,"menu_order":0,"comment_status":"closed","ping_status":"closed","template":"","meta":{"footnotes":""},"class_list":["post-29","page","type-page","status-publish","has-post-thumbnail","hentry"],"yoast_head":"<!-- This site is optimized with the Yoast SEO plugin v27.4 - https:\/\/yoast.com\/product\/yoast-seo-wordpress\/ -->\n<title>Viel LEGO\u00ae leihen ab 189 \u20ac. Kiloweise Legosteine f\u00fcr Messe, Kongress oder Event mieten. - Verleih LEGO\u00ae SERIOUS PLAY\u00ae LSP-Material<\/title>\n<meta name=\"robots\" content=\"index, follow, max-snippet:-1, max-image-preview:large, max-video-preview:-1\" \/>\n<link rel=\"canonical\" href=\"https:\/\/www.leansp.com\/de\/lego-serious-play-experten\/viel-lego-leihen\/\" \/>\n<meta property=\"og:locale\" content=\"de_DE\" \/>\n<meta property=\"og:type\" content=\"article\" \/>\n<meta property=\"og:title\" content=\"Viel LEGO\u00ae leihen ab 189 \u20ac. Kiloweise Legosteine f\u00fcr Messe, Kongress oder Event mieten. - Verleih LEGO\u00ae SERIOUS PLAY\u00ae LSP-Material\" \/>\n<meta property=\"og:description\" content=\"So einfach funktioniert\u2019s 1Koffer w\u00e4hlen 2Bestellen zum Wunschtermin 3Versand mit Tracking-Link 4P\u00fcnktlich empfangen 5Erfolgreiche Veranstaltung Unsortiert zur\u00fccksenden &nbsp; Unser beliebtestes Angebot sind die Mix-Koffer mit gut 12 kg Lego- und Duplomaterial bunt gemischt. Wir versenden das Material in einem stabilen Rollkoffer. Immer dabei sind mindestens viele Lego System Bausteine mit Basic- und Sonderteilen, sowie einige [&hellip;]\" \/>\n<meta property=\"og:url\" content=\"https:\/\/www.leansp.com\/de\/lego-serious-play-experten\/viel-lego-leihen\/\" \/>\n<meta property=\"og:site_name\" content=\"Verleih LEGO\u00ae SERIOUS PLAY\u00ae LSP-Material\" \/>\n<meta property=\"article:modified_time\" content=\"2022-10-01T18:40:33+00:00\" \/>\n<meta property=\"og:image\" content=\"https:\/\/www.leansp.com\/de\/wp-content\/uploads\/sites\/2\/2019\/03\/lego-mix.jpg\" \/>\n\t<meta property=\"og:image:width\" content=\"3242\" \/>\n\t<meta property=\"og:image:height\" content=\"2668\" \/>\n\t<meta property=\"og:image:type\" content=\"image\/jpeg\" \/>\n<meta name=\"twitter:card\" content=\"summary_large_image\" \/>\n<meta name=\"twitter:label1\" content=\"Gesch\u00e4tzte Lesezeit\" \/>\n\t<meta name=\"twitter:data1\" content=\"3\u00a0Minuten\" \/>\n<script type=\"application\/ld+json\" class=\"yoast-schema-graph\">{\"@context\":\"https:\\\/\\\/schema.org\",\"@graph\":[{\"@type\":\"WebPage\",\"@id\":\"https:\\\/\\\/www.leansp.com\\\/de\\\/lego-serious-play-experten\\\/viel-lego-leihen\\\/\",\"url\":\"https:\\\/\\\/www.leansp.com\\\/de\\\/lego-serious-play-experten\\\/viel-lego-leihen\\\/\",\"name\":\"Viel LEGO\u00ae leihen ab 189 \u20ac. Kiloweise Legosteine f\u00fcr Messe, Kongress oder Event mieten. - Verleih LEGO\u00ae SERIOUS PLAY\u00ae LSP-Material\",\"isPartOf\":{\"@id\":\"https:\\\/\\\/www.leansp.com\\\/de\\\/#website\"},\"primaryImageOfPage\":{\"@id\":\"https:\\\/\\\/www.leansp.com\\\/de\\\/lego-serious-play-experten\\\/viel-lego-leihen\\\/#primaryimage\"},\"image\":{\"@id\":\"https:\\\/\\\/www.leansp.com\\\/de\\\/lego-serious-play-experten\\\/viel-lego-leihen\\\/#primaryimage\"},\"thumbnailUrl\":\"https:\\\/\\\/www.leansp.com\\\/de\\\/wp-content\\\/uploads\\\/sites\\\/2\\\/2019\\\/03\\\/lego-mix.jpg\",\"datePublished\":\"2017-05-02T13:34:34+00:00\",\"dateModified\":\"2022-10-01T18:40:33+00:00\",\"breadcrumb\":{\"@id\":\"https:\\\/\\\/www.leansp.com\\\/de\\\/lego-serious-play-experten\\\/viel-lego-leihen\\\/#breadcrumb\"},\"inLanguage\":\"de\",\"potentialAction\":[{\"@type\":\"ReadAction\",\"target\":[\"https:\\\/\\\/www.leansp.com\\\/de\\\/lego-serious-play-experten\\\/viel-lego-leihen\\\/\"]}]},{\"@type\":\"ImageObject\",\"inLanguage\":\"de\",\"@id\":\"https:\\\/\\\/www.leansp.com\\\/de\\\/lego-serious-play-experten\\\/viel-lego-leihen\\\/#primaryimage\",\"url\":\"https:\\\/\\\/www.leansp.com\\\/de\\\/wp-content\\\/uploads\\\/sites\\\/2\\\/2019\\\/03\\\/lego-mix.jpg\",\"contentUrl\":\"https:\\\/\\\/www.leansp.com\\\/de\\\/wp-content\\\/uploads\\\/sites\\\/2\\\/2019\\\/03\\\/lego-mix.jpg\",\"width\":3242,\"height\":2668},{\"@type\":\"BreadcrumbList\",\"@id\":\"https:\\\/\\\/www.leansp.com\\\/de\\\/lego-serious-play-experten\\\/viel-lego-leihen\\\/#breadcrumb\",\"itemListElement\":[{\"@type\":\"ListItem\",\"position\":1,\"name\":\"Home\",\"item\":\"https:\\\/\\\/www.leansp.com\\\/de\\\/\"},{\"@type\":\"ListItem\",\"position\":2,\"name\":\"Verleih und Tools f\u00fcr LEGO\u00ae SERIOUS PLAY\u00ae Experten\",\"item\":\"https:\\\/\\\/www.leansp.com\\\/de\\\/lego-serious-play-experten\\\/\"},{\"@type\":\"ListItem\",\"position\":3,\"name\":\"Viel LEGO\u00ae leihen ab 189 \u20ac. Kiloweise Legosteine f\u00fcr Messe, Kongress oder Event mieten.\"}]},{\"@type\":\"WebSite\",\"@id\":\"https:\\\/\\\/www.leansp.com\\\/de\\\/#website\",\"url\":\"https:\\\/\\\/www.leansp.com\\\/de\\\/\",\"name\":\"Verleih LEGO\u00ae SERIOUS PLAY\u00ae LSP-Material\",\"description\":\"LSP-Moderationskoffer LEGO\u00ae SERIOUS PLAY\u00ae leihen inkl. Versand vom Profi. Vorsortiert. Identity &amp; Landscape Set, Connections Kit, Window Bags.\",\"publisher\":{\"@id\":\"https:\\\/\\\/www.leansp.com\\\/de\\\/#organization\"},\"potentialAction\":[{\"@type\":\"SearchAction\",\"target\":{\"@type\":\"EntryPoint\",\"urlTemplate\":\"https:\\\/\\\/www.leansp.com\\\/de\\\/?s={search_term_string}\"},\"query-input\":{\"@type\":\"PropertyValueSpecification\",\"valueRequired\":true,\"valueName\":\"search_term_string\"}}],\"inLanguage\":\"de\"},{\"@type\":\"Organization\",\"@id\":\"https:\\\/\\\/www.leansp.com\\\/de\\\/#organization\",\"name\":\"LeanSP\",\"url\":\"https:\\\/\\\/www.leansp.com\\\/de\\\/\",\"logo\":{\"@type\":\"ImageObject\",\"inLanguage\":\"de\",\"@id\":\"https:\\\/\\\/www.leansp.com\\\/de\\\/#\\\/schema\\\/logo\\\/image\\\/\",\"url\":\"https:\\\/\\\/www.leansp.com\\\/de\\\/wp-content\\\/uploads\\\/sites\\\/2\\\/2026\\\/03\\\/logo-clean.png\",\"contentUrl\":\"https:\\\/\\\/www.leansp.com\\\/de\\\/wp-content\\\/uploads\\\/sites\\\/2\\\/2026\\\/03\\\/logo-clean.png\",\"width\":506,\"height\":168,\"caption\":\"LeanSP\"},\"image\":{\"@id\":\"https:\\\/\\\/www.leansp.com\\\/de\\\/#\\\/schema\\\/logo\\\/image\\\/\"}}]}<\/script>\n<!-- \/ Yoast SEO plugin. -->","yoast_head_json":{"title":"Viel LEGO\u00ae leihen ab 189 \u20ac. Kiloweise Legosteine f\u00fcr Messe, Kongress oder Event mieten. - Verleih LEGO\u00ae SERIOUS PLAY\u00ae LSP-Material","robots":{"index":"index","follow":"follow","max-snippet":"max-snippet:-1","max-image-preview":"max-image-preview:large","max-video-preview":"max-video-preview:-1"},"canonical":"https:\/\/www.leansp.com\/de\/lego-serious-play-experten\/viel-lego-leihen\/","og_locale":"de_DE","og_type":"article","og_title":"Viel LEGO\u00ae leihen ab 189 \u20ac. Kiloweise Legosteine f\u00fcr Messe, Kongress oder Event mieten. - Verleih LEGO\u00ae SERIOUS PLAY\u00ae LSP-Material","og_description":"So einfach funktioniert\u2019s 1Koffer w\u00e4hlen 2Bestellen zum Wunschtermin 3Versand mit Tracking-Link 4P\u00fcnktlich empfangen 5Erfolgreiche Veranstaltung Unsortiert zur\u00fccksenden &nbsp; Unser beliebtestes Angebot sind die Mix-Koffer mit gut 12 kg Lego- und Duplomaterial bunt gemischt. Wir versenden das Material in einem stabilen Rollkoffer. Immer dabei sind mindestens viele Lego System Bausteine mit Basic- und Sonderteilen, sowie einige [&hellip;]","og_url":"https:\/\/www.leansp.com\/de\/lego-serious-play-experten\/viel-lego-leihen\/","og_site_name":"Verleih LEGO\u00ae SERIOUS PLAY\u00ae LSP-Material","article_modified_time":"2022-10-01T18:40:33+00:00","og_image":[{"width":3242,"height":2668,"url":"https:\/\/www.leansp.com\/de\/wp-content\/uploads\/sites\/2\/2019\/03\/lego-mix.jpg","type":"image\/jpeg"}],"twitter_card":"summary_large_image","twitter_misc":{"Gesch\u00e4tzte Lesezeit":"3\u00a0Minuten"},"schema":{"@context":"https:\/\/schema.org","@graph":[{"@type":"WebPage","@id":"https:\/\/www.leansp.com\/de\/lego-serious-play-experten\/viel-lego-leihen\/","url":"https:\/\/www.leansp.com\/de\/lego-serious-play-experten\/viel-lego-leihen\/","name":"Viel LEGO\u00ae leihen ab 189 \u20ac. Kiloweise Legosteine f\u00fcr Messe, Kongress oder Event mieten. - Verleih LEGO\u00ae SERIOUS PLAY\u00ae LSP-Material","isPartOf":{"@id":"https:\/\/www.leansp.com\/de\/#website"},"primaryImageOfPage":{"@id":"https:\/\/www.leansp.com\/de\/lego-serious-play-experten\/viel-lego-leihen\/#primaryimage"},"image":{"@id":"https:\/\/www.leansp.com\/de\/lego-serious-play-experten\/viel-lego-leihen\/#primaryimage"},"thumbnailUrl":"https:\/\/www.leansp.com\/de\/wp-content\/uploads\/sites\/2\/2019\/03\/lego-mix.jpg","datePublished":"2017-05-02T13:34:34+00:00","dateModified":"2022-10-01T18:40:33+00:00","breadcrumb":{"@id":"https:\/\/www.leansp.com\/de\/lego-serious-play-experten\/viel-lego-leihen\/#breadcrumb"},"inLanguage":"de","potentialAction":[{"@type":"ReadAction","target":["https:\/\/www.leansp.com\/de\/lego-serious-play-experten\/viel-lego-leihen\/"]}]},{"@type":"ImageObject","inLanguage":"de","@id":"https:\/\/www.leansp.com\/de\/lego-serious-play-experten\/viel-lego-leihen\/#primaryimage","url":"https:\/\/www.leansp.com\/de\/wp-content\/uploads\/sites\/2\/2019\/03\/lego-mix.jpg","contentUrl":"https:\/\/www.leansp.com\/de\/wp-content\/uploads\/sites\/2\/2019\/03\/lego-mix.jpg","width":3242,"height":2668},{"@type":"BreadcrumbList","@id":"https:\/\/www.leansp.com\/de\/lego-serious-play-experten\/viel-lego-leihen\/#breadcrumb","itemListElement":[{"@type":"ListItem","position":1,"name":"Home","item":"https:\/\/www.leansp.com\/de\/"},{"@type":"ListItem","position":2,"name":"Verleih und Tools f\u00fcr LEGO\u00ae SERIOUS PLAY\u00ae Experten","item":"https:\/\/www.leansp.com\/de\/lego-serious-play-experten\/"},{"@type":"ListItem","position":3,"name":"Viel LEGO\u00ae leihen ab 189 \u20ac. Kiloweise Legosteine f\u00fcr Messe, Kongress oder Event mieten."}]},{"@type":"WebSite","@id":"https:\/\/www.leansp.com\/de\/#website","url":"https:\/\/www.leansp.com\/de\/","name":"Verleih LEGO\u00ae SERIOUS PLAY\u00ae LSP-Material","description":"LSP-Moderationskoffer LEGO\u00ae SERIOUS PLAY\u00ae leihen inkl. Versand vom Profi. Vorsortiert. Identity &amp; Landscape Set, Connections Kit, Window Bags.","publisher":{"@id":"https:\/\/www.leansp.com\/de\/#organization"},"potentialAction":[{"@type":"SearchAction","target":{"@type":"EntryPoint","urlTemplate":"https:\/\/www.leansp.com\/de\/?s={search_term_string}"},"query-input":{"@type":"PropertyValueSpecification","valueRequired":true,"valueName":"search_term_string"}}],"inLanguage":"de"},{"@type":"Organization","@id":"https:\/\/www.leansp.com\/de\/#organization","name":"LeanSP","url":"https:\/\/www.leansp.com\/de\/","logo":{"@type":"ImageObject","inLanguage":"de","@id":"https:\/\/www.leansp.com\/de\/#\/schema\/logo\/image\/","url":"https:\/\/www.leansp.com\/de\/wp-content\/uploads\/sites\/2\/2026\/03\/logo-clean.png","contentUrl":"https:\/\/www.leansp.com\/de\/wp-content\/uploads\/sites\/2\/2026\/03\/logo-clean.png","width":506,"height":168,"caption":"LeanSP"},"image":{"@id":"https:\/\/www.leansp.com\/de\/#\/schema\/logo\/image\/"}}]}},"_links":{"self":[{"href":"https:\/\/www.leansp.com\/de\/wp-json\/wp\/v2\/pages\/29","targetHints":{"allow":["GET"]}}],"collection":[{"href":"https:\/\/www.leansp.com\/de\/wp-json\/wp\/v2\/pages"}],"about":[{"href":"https:\/\/www.leansp.com\/de\/wp-json\/wp\/v2\/types\/page"}],"author":[{"embeddable":true,"href":"https:\/\/www.leansp.com\/de\/wp-json\/wp\/v2\/users\/1"}],"replies":[{"embeddable":true,"href":"https:\/\/www.leansp.com\/de\/wp-json\/wp\/v2\/comments?post=29"}],"version-history":[{"count":55,"href":"https:\/\/www.leansp.com\/de\/wp-json\/wp\/v2\/pages\/29\/revisions"}],"predecessor-version":[{"id":1233,"href":"https:\/\/www.leansp.com\/de\/wp-json\/wp\/v2\/pages\/29\/revisions\/1233"}],"up":[{"embeddable":true,"href":"https:\/\/www.leansp.com\/de\/wp-json\/wp\/v2\/pages\/21"}],"wp:featuredmedia":[{"embeddable":true,"href":"https:\/\/www.leansp.com\/de\/wp-json\/wp\/v2\/media\/959"}],"wp:attachment":[{"href":"https:\/\/www.leansp.com\/de\/wp-json\/wp\/v2\/media?parent=29"}],"curies":[{"name":"wp","href":"https:\/\/api.w.org\/{rel}","templated":true}]}}