{"id":442,"date":"2017-09-04T22:08:14","date_gmt":"2017-09-04T21:08:14","guid":{"rendered":"https:\/\/www.leansp.com\/de\/?page_id=442"},"modified":"2020-09-15T22:12:53","modified_gmt":"2020-09-15T21:12:53","slug":"agb","status":"publish","type":"page","link":"https:\/\/www.leansp.com\/de\/agb\/","title":{"rendered":"Allgemeine Gesch\u00e4ftsbedingungen"},"content":{"rendered":"<p><strong>Unser Verleih und Verkauf richtet sich ausschlie\u00dflich an Gewerbekunden und Moderatoren, die die LEGO\u00ae SERIOUS PLAY\u00ae Methode korrekt anwenden, sowie f\u00fcr den Gebrauch bei Workshops. Der Verleih von LEGO\u00ae Kiloware f\u00fcr Messen und andere Events, ist f\u00fcr alle Gewerbekunden m\u00f6glich.<\/strong><\/p>\n<p>LEGO, SERIOUS PLAY, IMAGINOPEDIA, the Minifigure and the Brick and Knob configurations are trademarks of the LEGO Group, which does not sponsor, authorize or endorse this website.<\/p>\n<h3>Vertragspartner<\/h3>\n<p>Auf Grundlage dieser Allgemeinen Gesch\u00e4ftsbedingungen (AGB) kommt zwischen dem Kunden und<br \/>\nK\u00f6pernick GmbH<br \/>\nVertreten durch Christoph K\u00f6pernick<br \/>\nAdresse: Hamburger Str. 1, 14662 Friesack<br \/>\nTel: +491714527999<br \/>\nE-Mail-Adresse: christoph@leansp.com<\/p>\n<p>Handelsregister: Amtsgericht Berlin Charlottenburg<br \/>\nHandelsregisternummer: HRB 19382<br \/>\nUmsatzsteuer-Identifikationsnummer: DE 136 695 458<br \/>\n, nachfolgend Anbieter genannt, der Vertrag zustande.<\/p>\n<h3>Vertragsgegenstand<\/h3>\n<p>Durch diesen Vertrag wird der Verkauf von neuen und gebrauchten Waren sowie Dienstleistungen aus dem Bereich\/den Bereichen Verleih und Verkauf von gebrauchten LEGO\u00ae SERIOUS PLAY\u00ae (LSP) Material in sortierten Moderationskoffern f\u00fcr Moderatoren, die die LSP-Methode korrekt anwenden wollen, sowie die Erbringung von Beratungsleistungen zu Innovations- und Kreativit\u00e4tstechniken, deren Unterst\u00fctzung mittels Software-Anwendungen, unverbindlichen Ratgebern und auch pers\u00f6nlicher oder fernm\u00fcndlicher Beratung &#8211; es werden ausschlie\u00dflich erlaubnisfreie T\u00e4tigkeiten angeboten, \u00fcber den Online-Shop des Anbieters geregelt. Wegen der Details des jeweiligen Angebotes wird auf die Produktbeschreibung der Angebotsseite verwiesen.<\/p>\n<h3>Vertragsschluss<\/h3>\n<p>Der Vertrag kommt im elektronischen Gesch\u00e4ftsverkehr \u00fcber das Shop-System oder \u00fcber andere Fernkommunikationsmittel wie Telefon und E-Mail zustande. Dabei stellen die dargestellten Angebote eine unverbindliche Aufforderung zur Abgabe eines Angebots durch die Kundenbestellung dar, das der Anbieter dann annehmen kann.<\/p>\n<p>Der Bestellvorgang zum Vertragsschluss umfasst im Shop-System folgende Schritte:<\/p>\n<ul>\n<li>Auswahl des Angebots in der gew\u00fcnschten Spezifikation (Set\/Moderationskoffers bzw. Material, Anzahl)<\/li>\n<li>Bet\u00e4tigen des Buttons &#8216;ausleihen&#8217; bzw. &#8216;kaufen&#8217;<\/li>\n<li>Eingabe der Rechnungs- und Lieferadresse<\/li>\n<li>Bet\u00e4tigen des Buttons &#8216;kostenpflichtig bestellen&#8217;<\/li>\n<li>Best\u00e4tigungsmail, dass Bestellung eingegangen ist<\/li>\n<li>\u00dcberpr\u00fcfung und Bearbeitung der Bestellung und aller Eingaben<\/li>\n<li>Nach erfolgreicher Pr\u00fcfung Bestellannahme, Einleitung Versand \/ Rechnungsstellung<\/li>\n<\/ul>\n<p>Bestellungen k\u00f6nnen neben dem Shop-System auch \u00fcber Fernkommunikationsmittel (Telefon\/E-Mail) aufgegeben werden, wodurch der Bestellvorgang zum Vertragsschluss folgende Schritte umfasst:<\/p>\n<ul>\n<li>Anruf bei der Bestellhotline \/ \u00dcbersendung der Bestellmail<\/li>\n<li>Best\u00e4tigungsmail, dass Bestellung eingegangen ist<\/li>\n<li>\u00dcberpr\u00fcfung und Bearbeitung der Bestellung und aller Eingaben<\/li>\n<li>Nach erfolgreicher Pr\u00fcfung Bestellannahme, Einleitung Versand \/ Rechnungsstellung<\/li>\n<\/ul>\n<p>Mit der Zusendung einer Auftragsbest\u00e4tigung kommt der Vertrag zustande. Die automatisch erstellte und versandte Bestellbest\u00e4tigung stellt keine entsprechende rechtsverbindliche Erkl\u00e4rung dar. Der Vertrag kommt auch durch die Zusendung der Ware oder Erbringung der Dienstleistung zustande.<\/p>\n<h3>Vertragsdauer<\/h3>\n<p>Der Vertrag hat vorbehaltlich einer K\u00fcndigung eine Laufzeit von 1 Lieferungen. Der Gesamtpreis errechnet sich aus den folgenden Komponenten: Der Gesamtpreis ergibt sich aus der Anzahl der bestellten Artikel und evtl. Versandkosten. Einzelpreise und Versandkosten sind exkl. MwSt. Die Preise werden im jeweiligen Bestellprozess dargestellt. Eine Summierung der Einzelpreise, je nach Anzahl der bestellten Artikel, ist durch den Besteller vorzunehmen.<\/p>\n<h3>Eigentumsvorbehalt<\/h3>\n<p>Bei Kauf: Bis zur vollst\u00e4ndigen Bezahlung bleibt die gelieferte Ware im Eigentum des Anbieters.<\/p>\n<h3>Vorbehalte<\/h3>\n<p>Der Anbieter beh\u00e4lt sich vor, eine in Qualit\u00e4t und Preis gleichwertige Leistung zu erbringen. Die im Shop dargestellte Leistung ist beispielhaft und nicht die individuelle, vertragsgegenst\u00e4ndliche Leistung. Der Anbieter beh\u00e4lt sich vor, im Falle der Nichtverf\u00fcgbarkeit der versprochenen Leistung diese nicht zu erbringen.<\/p>\n<h3>Preise, Versandkosten, R\u00fccksendekosten<\/h3>\n<p>Alle Preise sind exkl. der gesetzlichen Umsatzsteuer. Neben den Preisen fallen je nach Versandart weitere Kosten an, die vor Versendung der Bestellung angezeigt oder abgestimmt werden. Besteht ein Widerrufsrecht und wird von diesem Gebraucht gemacht, tr\u00e4gt der Kunde die Kosten der R\u00fccksendung.<\/p>\n<h3>Zahlungsbedingungen<\/h3>\n<p>Der Kunde hat ausschlie\u00dflich folgende M\u00f6glichkeiten zur Zahlung: Rechnung bei Lieferung, Zahlungsdienstleister (PayPal). Weitere Zahlungsarten werden nicht angeboten und werden zur\u00fcckgewiesen.<br \/>\nDer Rechnungsbetrag ist nach Zugang der Rechnung, die alle Angaben f\u00fcr die \u00dcberweisung enth\u00e4lt und mit der Lieferung verschickt wird, auf das dort angegebene Konto vorab zu \u00fcberweisen. Bei Verwendung eines Treuhandservice\/ Zahlungsdienstleisters erm\u00f6glicht es dieser dem Anbieter und Kunden, die Zahlung untereinander abzuwickeln. Dabei leitet der Treuhandservice\/ Zahlungsdienstleister die Zahlung des Kunden an den Anbieter weiter. Weitere Informationen erhalten Sie auf der Internetseite des jeweiligen Treuhandservices\/ Zahlungsdienstleisters. Der Kunde ist verpflichtet innerhalb von 14 Tagen nach Erhalt der Rechnung den ausgewiesenen Betrag auf das auf der Rechnung angegebene Konto einzuzahlen oder zu \u00fcberweisen. Die Zahlung ist ab Rechnungsdatum ohne Abzug f\u00e4llig. Nach Ablauf der Zahlungsfrist, die somit kalenderm\u00e4\u00dfig bestimmt ist, kommt der Kunde auch ohne Mahnung in Verzug. Ein Zur\u00fcckbehaltungsrecht des Kunden, welches nicht auf demselben Vertragsverh\u00e4ltnis beruht, wird ausgeschlossen. Die Aufrechnung mit Forderungen des Kunden ist ausgeschlossen, es sei denn diese sind unbestritten oder rechtskr\u00e4ftig festgestellt.<\/p>\n<h3>Lieferbedingungen<\/h3>\n<p>Im Falle eines Kaufs, wird die Ware umgehend nach best\u00e4tigtem Zahlungseingang versandt. Der Versand erfolgt durchschnittlich sp\u00e4testens nach 2 Tagen. Der Unternehmer verpflichtet sich zur Lieferung am 14. Tag nach Bestelleingang. Die Regellieferzeit betr\u00e4gt 5 Tage, wenn in der Artikelbeschreibung nichts anderes angegeben ist. Im Falle eines Verleihs, ergibt sich die Lieferung aus dem gew\u00fcnschten Workshop-Datum bzw. einem Werktag vorher. Der Anbieter versendet die Bestellung aus eigenem Lager, sobald die gesamte Bestellung dort vorr\u00e4tig ist.<\/p>\n<h3>Gew\u00e4hrleistung<\/h3>\n<p>Ist der Kunde Unternehmer, wird f\u00fcr Neuwaren die Gew\u00e4hrleistungsfrist auf ein Jahr beschr\u00e4nkt. Dem Anbieter wird zuerkannt, dass er bei einer Nacherf\u00fcllung selbst zwischen Reparatur oder Neulieferung w\u00e4hlen kann, wenn es sich bei der Ware um Neuware handelt und der Kunde Unternehmer ist. Ist der Kunde Unternehmer, wird f\u00fcr Gebrauchtwaren die Gew\u00e4hrleistung ausgeschlossen. Dies gilt nicht f\u00fcr Schadensersatzanspr\u00fcche des Kunden wegen Verletzung des Lebens, des K\u00f6rpers, der Gesundheit oder wesentlicher Vertragspflichten, welche zur Erreichung des Vertragszieles notwendigerweise erf\u00fcllt werden m\u00fcssen. Ebenso gilt dies nicht f\u00fcr Schadensersatzanspr\u00fcche nach grob fahrl\u00e4ssiger oder vors\u00e4tzlicher Pflichtverletzung des Anbieters oder seines gesetzlichen Vertreters oder Erf\u00fcllungsgehilfen. Im \u00dcbrigen gelten die gesetzlichen Regelungen.<\/p>\n<h3>Vertragsgestaltung<\/h3>\n<p>Ist der Kunde Unternehmer, so geht die Gefahr des zuf\u00e4lligen Untergangs und\/ oder der zuf\u00e4lligen Verschlechterung der Ware mit der \u00dcbergabe, bei Versendung mit der Auslieferung der Ware an den ausgew\u00e4hlten Dienstleister hierf\u00fcr auf den Kunden \u00fcber. Der Kunde hat keine M\u00f6glichkeit selbst direkt auf den gespeicherten Vertragstext zuzugreifen. Der Kunde kann Fehler in der Eingabe w\u00e4hrend des Bestellvorganges korrigieren. Hierzu kann er folgenderma\u00dfen vorgehen: Sie k\u00f6nnen Ihre Angaben vor dem Absenden einer Bestellung jederzeit im Bestellformular \u00e4ndern.<\/p>\n<h3>Widerrufsrecht und Kundendienst<\/h3>\n<p>Auf die Kunden, die Unternehmer sind, sind die Vorschriften f\u00fcr Fernabsatzvertr\u00e4ge nicht anwendbar. Daher steht diesen Kunden kein entsprechendes Widerrufsrecht wegen Fernabsatzvertrag zu. Der Anbieter r\u00e4umt ein solches auch nicht ein. Sie erreichen unseren Kundendienst zu folgenden Zeiten unter: K\u00f6pernick GmbH, Christoph K\u00f6pernick, Sachtlebenstr. 53a, 14165 Berlin, +491714527999, christoph@koepernick.de, \u00d6ffnungszeiten:<br \/>\nTelefonisch und per E-Mail: Mo-Fr 10:00 &#8211; 18:00 (au\u00dfer gesetzliche Feiertage), kein Ladengesch\u00e4ft.<\/p>\n<h3>Haftungsausschluss<\/h3>\n<p>Schadensersatzanspr\u00fcche des Kunden sind ausgeschlossen, soweit sich aus den nachfolgenden Gr\u00fcnden nicht etwas anderes ergibt. Dies gilt auch f\u00fcr den Vertreter und Erf\u00fcllungsgehilfen des Anbieters, falls der Kunde gegen diese Anspr\u00fcche auf Schadensersatz erhebt. Ausgenommen sind Schadensersatzanspr\u00fcche des Kunden wegen Verletzung des Lebens, des K\u00f6rpers, der Gesundheit oder wesentlicher Vertragspflichten, welche zur Erreichung des Vertragszieles notwendigerweise erf\u00fcllt werden m\u00fcssen. Ebenso gilt dies nicht f\u00fcr Schadensersatzanspr\u00fcche nach grob fahrl\u00e4ssiger oder vors\u00e4tzlicher Pflichtverletzung des Anbieters oder seines gesetzlichen Vertreters oder Erf\u00fcllungsgehilfen.<\/p>\n<h3>Abtretungs- und Verpf\u00e4ndungsverbot<\/h3>\n<p>Anspr\u00fcche oder Rechte des Kunden gegen den Anbieter d\u00fcrfen ohne dessen Zustimmung nicht abgetreten oder verpf\u00e4ndet werden, es sei denn der Kunde hat ein berechtigtes Interesse an der Abtretung oder Verpf\u00e4ndung nachgewiesen.<\/p>\n<h3>Beauftragung Dritter, Rechtsnachfolge<\/h3>\n<p>K\u00f6pernick GmbH ist berechtigt, die nach diesem Vertrag geschuldeten Dienstleistungen ganz oder teilweise durch Dritte erbringen zu lassen. K\u00f6pernick GmbH ist berechtigt, s\u00e4mtliche Rechte aus diesem Vertrag ganz oder teilweise auf Dritte zu \u00fcbertragen. Eine Haftung f\u00fcr Erf\u00fcllungsgehilfen kommt nur insoweit in Betracht, als sich diese im Rahmen der von K\u00f6pernick GmbH \u00fcbernommenen Leistungspflichten bewegen.<\/p>\n<h3>Sprache, Gerichtsstand und anzuwendendes Recht<\/h3>\n<p>Der Vertrag wird in Deutsch abgefasst. Die weitere Durchf\u00fchrung der Vertragsbeziehung erfolgt in Deutsch. Es findet ausschlie\u00dflich das Recht der Bundesrepublik Deutschland Anwendung. Gerichtsstand ist bei Streitigkeiten mit Kunden, die kein Verbraucher, juristische Person des \u00f6ffentlichen Rechts oder \u00f6ffentlich-rechtliches Sonderverm\u00f6gen sind, Sitz des Anbieters.<\/p>\n<h3>Salvatorische Klausel<\/h3>\n<p>Die Unwirksamkeit einer Bestimmung dieser AGB hat keine Auswirkungen auf die Wirksamkeit der sonstigen Bestimmungen.<\/p>\n<p><strong>Bitte beachten Sie auch unsere <a href=\"https:\/\/www.leansp.com\/de\/datenschutz\/\">Datenschutzerkl\u00e4rung<\/a><\/strong><\/p>\n<p>Stand: Dezember 2017<\/p>\n<p><small><a style=\"color: rgba(34,42,49,.7);\" href=\"http:\/\/www.deutsche-anwaltshotline.de\/recht-auf-ihrer-website\/agb-generator\" rel=\"nofollow\"> AGB erstellt<\/a> \u00fcber den Generator der Deutschen Anwaltshotline AG<\/small><\/p>\n","protected":false},"excerpt":{"rendered":"<p>Unser Verleih und Verkauf richtet sich ausschlie\u00dflich an Gewerbekunden und Moderatoren, die die LEGO\u00ae SERIOUS PLAY\u00ae Methode korrekt anwenden, sowie f\u00fcr den Gebrauch bei Workshops. Der Verleih von LEGO\u00ae Kiloware f\u00fcr Messen und andere Events, ist f\u00fcr alle Gewerbekunden m\u00f6glich. LEGO, SERIOUS PLAY, IMAGINOPEDIA, the Minifigure and the Brick and Knob configurations are trademarks of [&hellip;]<\/p>\n","protected":false},"author":1,"featured_media":0,"parent":0,"menu_order":0,"comment_status":"closed","ping_status":"closed","template":"","meta":{"footnotes":""},"class_list":["post-442","page","type-page","status-publish","hentry"],"yoast_head":"<!-- This site is optimized with the Yoast SEO plugin v27.4 - https:\/\/yoast.com\/product\/yoast-seo-wordpress\/ -->\n<title>Allgemeine Gesch\u00e4ftsbedingungen - Verleih LEGO\u00ae SERIOUS PLAY\u00ae LSP-Material<\/title>\n<meta name=\"robots\" content=\"noindex, nofollow\" \/>\n<meta property=\"og:locale\" content=\"de_DE\" \/>\n<meta property=\"og:type\" content=\"article\" \/>\n<meta property=\"og:title\" content=\"Allgemeine Gesch\u00e4ftsbedingungen - Verleih LEGO\u00ae SERIOUS PLAY\u00ae LSP-Material\" \/>\n<meta property=\"og:description\" content=\"Unser Verleih und Verkauf richtet sich ausschlie\u00dflich an Gewerbekunden und Moderatoren, die die LEGO\u00ae SERIOUS PLAY\u00ae Methode korrekt anwenden, sowie f\u00fcr den Gebrauch bei Workshops. Der Verleih von LEGO\u00ae Kiloware f\u00fcr Messen und andere Events, ist f\u00fcr alle Gewerbekunden m\u00f6glich. LEGO, SERIOUS PLAY, IMAGINOPEDIA, the Minifigure and the Brick and Knob configurations are trademarks of [&hellip;]\" \/>\n<meta property=\"og:url\" content=\"https:\/\/www.leansp.com\/de\/agb\/\" \/>\n<meta property=\"og:site_name\" content=\"Verleih LEGO\u00ae SERIOUS PLAY\u00ae LSP-Material\" \/>\n<meta property=\"article:modified_time\" content=\"2020-09-15T21:12:53+00:00\" \/>\n<meta name=\"twitter:card\" content=\"summary_large_image\" \/>\n<meta name=\"twitter:label1\" content=\"Gesch\u00e4tzte Lesezeit\" \/>\n\t<meta name=\"twitter:data1\" content=\"7\u00a0Minuten\" \/>\n<script type=\"application\/ld+json\" class=\"yoast-schema-graph\">{\"@context\":\"https:\\\/\\\/schema.org\",\"@graph\":[{\"@type\":\"WebPage\",\"@id\":\"https:\\\/\\\/www.leansp.com\\\/de\\\/agb\\\/\",\"url\":\"https:\\\/\\\/www.leansp.com\\\/de\\\/agb\\\/\",\"name\":\"Allgemeine Gesch\u00e4ftsbedingungen - Verleih LEGO\u00ae SERIOUS PLAY\u00ae LSP-Material\",\"isPartOf\":{\"@id\":\"https:\\\/\\\/www.leansp.com\\\/de\\\/#website\"},\"datePublished\":\"2017-09-04T21:08:14+00:00\",\"dateModified\":\"2020-09-15T21:12:53+00:00\",\"breadcrumb\":{\"@id\":\"https:\\\/\\\/www.leansp.com\\\/de\\\/agb\\\/#breadcrumb\"},\"inLanguage\":\"de\",\"potentialAction\":[{\"@type\":\"ReadAction\",\"target\":[\"https:\\\/\\\/www.leansp.com\\\/de\\\/agb\\\/\"]}]},{\"@type\":\"BreadcrumbList\",\"@id\":\"https:\\\/\\\/www.leansp.com\\\/de\\\/agb\\\/#breadcrumb\",\"itemListElement\":[{\"@type\":\"ListItem\",\"position\":1,\"name\":\"Home\",\"item\":\"https:\\\/\\\/www.leansp.com\\\/de\\\/\"},{\"@type\":\"ListItem\",\"position\":2,\"name\":\"Allgemeine Gesch\u00e4ftsbedingungen\"}]},{\"@type\":\"WebSite\",\"@id\":\"https:\\\/\\\/www.leansp.com\\\/de\\\/#website\",\"url\":\"https:\\\/\\\/www.leansp.com\\\/de\\\/\",\"name\":\"Verleih LEGO\u00ae SERIOUS PLAY\u00ae LSP-Material\",\"description\":\"LSP-Moderationskoffer LEGO\u00ae SERIOUS PLAY\u00ae leihen inkl. Versand vom Profi. Vorsortiert. Identity &amp; Landscape Set, Connections Kit, Window Bags.\",\"publisher\":{\"@id\":\"https:\\\/\\\/www.leansp.com\\\/de\\\/#organization\"},\"potentialAction\":[{\"@type\":\"SearchAction\",\"target\":{\"@type\":\"EntryPoint\",\"urlTemplate\":\"https:\\\/\\\/www.leansp.com\\\/de\\\/?s={search_term_string}\"},\"query-input\":{\"@type\":\"PropertyValueSpecification\",\"valueRequired\":true,\"valueName\":\"search_term_string\"}}],\"inLanguage\":\"de\"},{\"@type\":\"Organization\",\"@id\":\"https:\\\/\\\/www.leansp.com\\\/de\\\/#organization\",\"name\":\"LeanSP\",\"url\":\"https:\\\/\\\/www.leansp.com\\\/de\\\/\",\"logo\":{\"@type\":\"ImageObject\",\"inLanguage\":\"de\",\"@id\":\"https:\\\/\\\/www.leansp.com\\\/de\\\/#\\\/schema\\\/logo\\\/image\\\/\",\"url\":\"https:\\\/\\\/www.leansp.com\\\/de\\\/wp-content\\\/uploads\\\/sites\\\/2\\\/2026\\\/03\\\/logo-clean.png\",\"contentUrl\":\"https:\\\/\\\/www.leansp.com\\\/de\\\/wp-content\\\/uploads\\\/sites\\\/2\\\/2026\\\/03\\\/logo-clean.png\",\"width\":506,\"height\":168,\"caption\":\"LeanSP\"},\"image\":{\"@id\":\"https:\\\/\\\/www.leansp.com\\\/de\\\/#\\\/schema\\\/logo\\\/image\\\/\"}}]}<\/script>\n<!-- \/ Yoast SEO plugin. -->","yoast_head_json":{"title":"Allgemeine Gesch\u00e4ftsbedingungen - Verleih LEGO\u00ae SERIOUS PLAY\u00ae LSP-Material","robots":{"index":"noindex","follow":"nofollow"},"og_locale":"de_DE","og_type":"article","og_title":"Allgemeine Gesch\u00e4ftsbedingungen - Verleih LEGO\u00ae SERIOUS PLAY\u00ae LSP-Material","og_description":"Unser Verleih und Verkauf richtet sich ausschlie\u00dflich an Gewerbekunden und Moderatoren, die die LEGO\u00ae SERIOUS PLAY\u00ae Methode korrekt anwenden, sowie f\u00fcr den Gebrauch bei Workshops. Der Verleih von LEGO\u00ae Kiloware f\u00fcr Messen und andere Events, ist f\u00fcr alle Gewerbekunden m\u00f6glich. LEGO, SERIOUS PLAY, IMAGINOPEDIA, the Minifigure and the Brick and Knob configurations are trademarks of [&hellip;]","og_url":"https:\/\/www.leansp.com\/de\/agb\/","og_site_name":"Verleih LEGO\u00ae SERIOUS PLAY\u00ae LSP-Material","article_modified_time":"2020-09-15T21:12:53+00:00","twitter_card":"summary_large_image","twitter_misc":{"Gesch\u00e4tzte Lesezeit":"7\u00a0Minuten"},"schema":{"@context":"https:\/\/schema.org","@graph":[{"@type":"WebPage","@id":"https:\/\/www.leansp.com\/de\/agb\/","url":"https:\/\/www.leansp.com\/de\/agb\/","name":"Allgemeine Gesch\u00e4ftsbedingungen - Verleih LEGO\u00ae SERIOUS PLAY\u00ae LSP-Material","isPartOf":{"@id":"https:\/\/www.leansp.com\/de\/#website"},"datePublished":"2017-09-04T21:08:14+00:00","dateModified":"2020-09-15T21:12:53+00:00","breadcrumb":{"@id":"https:\/\/www.leansp.com\/de\/agb\/#breadcrumb"},"inLanguage":"de","potentialAction":[{"@type":"ReadAction","target":["https:\/\/www.leansp.com\/de\/agb\/"]}]},{"@type":"BreadcrumbList","@id":"https:\/\/www.leansp.com\/de\/agb\/#breadcrumb","itemListElement":[{"@type":"ListItem","position":1,"name":"Home","item":"https:\/\/www.leansp.com\/de\/"},{"@type":"ListItem","position":2,"name":"Allgemeine Gesch\u00e4ftsbedingungen"}]},{"@type":"WebSite","@id":"https:\/\/www.leansp.com\/de\/#website","url":"https:\/\/www.leansp.com\/de\/","name":"Verleih LEGO\u00ae SERIOUS PLAY\u00ae LSP-Material","description":"LSP-Moderationskoffer LEGO\u00ae SERIOUS PLAY\u00ae leihen inkl. Versand vom Profi. Vorsortiert. Identity &amp; Landscape Set, Connections Kit, Window Bags.","publisher":{"@id":"https:\/\/www.leansp.com\/de\/#organization"},"potentialAction":[{"@type":"SearchAction","target":{"@type":"EntryPoint","urlTemplate":"https:\/\/www.leansp.com\/de\/?s={search_term_string}"},"query-input":{"@type":"PropertyValueSpecification","valueRequired":true,"valueName":"search_term_string"}}],"inLanguage":"de"},{"@type":"Organization","@id":"https:\/\/www.leansp.com\/de\/#organization","name":"LeanSP","url":"https:\/\/www.leansp.com\/de\/","logo":{"@type":"ImageObject","inLanguage":"de","@id":"https:\/\/www.leansp.com\/de\/#\/schema\/logo\/image\/","url":"https:\/\/www.leansp.com\/de\/wp-content\/uploads\/sites\/2\/2026\/03\/logo-clean.png","contentUrl":"https:\/\/www.leansp.com\/de\/wp-content\/uploads\/sites\/2\/2026\/03\/logo-clean.png","width":506,"height":168,"caption":"LeanSP"},"image":{"@id":"https:\/\/www.leansp.com\/de\/#\/schema\/logo\/image\/"}}]}},"_links":{"self":[{"href":"https:\/\/www.leansp.com\/de\/wp-json\/wp\/v2\/pages\/442","targetHints":{"allow":["GET"]}}],"collection":[{"href":"https:\/\/www.leansp.com\/de\/wp-json\/wp\/v2\/pages"}],"about":[{"href":"https:\/\/www.leansp.com\/de\/wp-json\/wp\/v2\/types\/page"}],"author":[{"embeddable":true,"href":"https:\/\/www.leansp.com\/de\/wp-json\/wp\/v2\/users\/1"}],"replies":[{"embeddable":true,"href":"https:\/\/www.leansp.com\/de\/wp-json\/wp\/v2\/comments?post=442"}],"version-history":[{"count":28,"href":"https:\/\/www.leansp.com\/de\/wp-json\/wp\/v2\/pages\/442\/revisions"}],"predecessor-version":[{"id":1131,"href":"https:\/\/www.leansp.com\/de\/wp-json\/wp\/v2\/pages\/442\/revisions\/1131"}],"wp:attachment":[{"href":"https:\/\/www.leansp.com\/de\/wp-json\/wp\/v2\/media?parent=442"}],"curies":[{"name":"wp","href":"https:\/\/api.w.org\/{rel}","templated":true}]}}