{"id":920,"date":"2019-01-21T18:29:30","date_gmt":"2019-01-21T17:29:30","guid":{"rendered":"https:\/\/www.leansp.com\/de\/?page_id=920"},"modified":"2019-01-21T18:33:23","modified_gmt":"2019-01-21T17:33:23","slug":"jens-droege","status":"publish","type":"page","link":"https:\/\/www.leansp.com\/de\/lego-serious-play-moderator\/finden-marktplatz\/jens-droege\/","title":{"rendered":"Jens Dr\u00f6ge"},"content":{"rendered":"<p>Was z\u00e4hlt sind Ergebnisse. Als \u00dcbersetzter von SERIOUSWORK, Ausbilder und Trainer in der Methode kombiniere ich daher LSP mit anderen klassischen Tools und Elementen \u2026<\/p>\n<p><strong>Ergebnisse und Strategien mit Substanz \u2013<br \/>\nMeine Kompetenz basiert auf meiner Erfahrung als F\u00fchrungskraft bei Porsche Consulting, PwC, KPMG und im Mittelstand. Ich kenne Ihre Herausforderungen: Als Berater, als Beteiligter, aber vor allem: als Mensch!<\/strong><\/p>\n<p>Mit mir erreichen Sie \u2026<\/p>\n<p><b><span style=\"color: #2ecc71;\">\u2713<\/span><\/b> schnell und effizient Ihr Ziel &#8211; mit konkretem Nutzen<br \/>\n<b><span style=\"color: #2ecc71;\">\u2713<\/span><\/b> dass alle Teilnehmer vom ersten Moment an zu 100% beteiligt sind<br \/>\n<b><span style=\"color: #2ecc71;\">\u2713<\/span><\/b> eine Workshopatmosph\u00e4re, in der auch kritische Themen sachlich angesprochen werden k\u00f6nnen<br \/>\n<b><span style=\"color: #2ecc71;\">\u2713<\/span><\/b> neue Ideen, tiefergehende und unerwartete Erkenntnis<br \/>\n<b><span style=\"color: #2ecc71;\">\u2713<\/span><\/b> Erkenntnisse in Echtzeit dar\u00fcber, was auf Ihr Unternehmen und Ihre Strategie einwirkt und was Sie dagegen machen k\u00f6nnen<br \/>\n<b><span style=\"color: #2ecc71;\">\u2713<\/span><\/b> eine hohe Verbindlichkeit und Verantwortlichkeitsgef\u00fchl der Teilnehmer<\/p>\n<p>2-fach zertifizierter Moderator mit LEGO\u00ae SERIOUS PLAY\u00ae im gesamtdeutschen und englischsprachigen Raum, \u00dcbersetzer des Buches \u201eSERIOUSWORK \u2013 Meetings und Workshops mit der LEGO\u00ae SERIOUS PLAY &#8211; Methode moderieren\u201c, Ausbilder in der Methode in Deutschland, \u00d6sterreich, Schweiz und deutschsprachigen Luxemburg<\/p>\n<p>Jens Dr\u00f6ge:<\/p>\n<div class=\"row \"><div class=\" col-md-4 col-xs-12 col-sm-12\" ><img loading=\"lazy\" decoding=\"async\" class=\"alignnone size-large wp-image-910\" src=\"https:\/\/www.leansp.com\/de\/wp-content\/uploads\/sites\/2\/2019\/01\/jens-droege.jpg\" alt=\"\" width=\"1024\" height=\"1024\"><\/div>\n<div class=\" col-md-8 col-xs-12 col-sm-12\" ><\/p>\n<p>In meiner Rolle als Coach, Change Manager und Trainer verbinde ich mehr als 10 Jahre F\u00fchrungserfahrung in der Industrie mit dem Know-how aus Top-Unternehmensberatungen, u.a. bei Porsche Consulting. Ich unterhalte Lehrauftr\u00e4ge f\u00fcr Unternehmensf\u00fchrung an der Hochschule Landshut und der Karlshochschule International University. Meine Spezialisierung liegt im Change Management, der Team- und F\u00fchrungskr\u00e4fteentwicklung, der Strategieentwicklung, der Digitalen Transformation. Als zweifach zertifizierter Trainer kombiniere ich in meinen Trainings und Workshops LEGO\u00ae SERIOUS PLAY\u00ae mit klassischen Methoden und Tools.<\/p>\n<p><a class=\"btn btn-large uppercase btn-default btn-tomato btn-No color-white\" href=\"http:\/\/www.jensdroege.de\/\" rel=\"nofollow\">Ausf\u00fchrliches Profil <i class=\"glyphicon glyphicon glyphicon-chevron-right\" style=\"color: #ffffff;\"><\/i> <\/a><\/p>\n<p><\/div>\n<\/div>\n<p class=\"text-right\"><a href=\"\/de\/lego-serious-play-moderator\/finden-marktplatz\/\">Weitere Moderatoren anzeigen <i class=\"glyphicon glyphicon glyphicon-chevron-right\"><\/i><\/a><\/p>\n","protected":false},"excerpt":{"rendered":"<p>Was z\u00e4hlt sind Ergebnisse. Als \u00dcbersetzter von SERIOUSWORK, Ausbilder und Trainer in der Methode kombiniere ich daher LSP mit anderen klassischen Tools und Elementen \u2026 Ergebnisse und Strategien mit Substanz \u2013 Meine Kompetenz basiert auf meiner Erfahrung als F\u00fchrungskraft bei Porsche Consulting, PwC, KPMG und im Mittelstand. Ich kenne Ihre Herausforderungen: Als Berater, als Beteiligter, [&hellip;]<\/p>\n","protected":false},"author":1,"featured_media":0,"parent":33,"menu_order":0,"comment_status":"closed","ping_status":"closed","template":"","meta":{"footnotes":""},"class_list":["post-920","page","type-page","status-publish","hentry"],"yoast_head":"<!-- This site is optimized with the Yoast SEO plugin v27.5 - https:\/\/yoast.com\/product\/yoast-seo-wordpress\/ -->\n<title>Jens Dr\u00f6ge - Verleih LEGO\u00ae SERIOUS PLAY\u00ae LSP-Material<\/title>\n<meta name=\"robots\" content=\"index, follow, max-snippet:-1, max-image-preview:large, max-video-preview:-1\" \/>\n<link rel=\"canonical\" href=\"https:\/\/www.leansp.com\/de\/lego-serious-play-moderator\/finden-marktplatz\/jens-droege\/\" \/>\n<meta property=\"og:locale\" content=\"de_DE\" \/>\n<meta property=\"og:type\" content=\"article\" \/>\n<meta property=\"og:title\" content=\"Jens Dr\u00f6ge - Verleih LEGO\u00ae SERIOUS PLAY\u00ae LSP-Material\" \/>\n<meta property=\"og:description\" content=\"Was z\u00e4hlt sind Ergebnisse. Als \u00dcbersetzter von SERIOUSWORK, Ausbilder und Trainer in der Methode kombiniere ich daher LSP mit anderen klassischen Tools und Elementen \u2026 Ergebnisse und Strategien mit Substanz \u2013 Meine Kompetenz basiert auf meiner Erfahrung als F\u00fchrungskraft bei Porsche Consulting, PwC, KPMG und im Mittelstand. Ich kenne Ihre Herausforderungen: Als Berater, als Beteiligter, [&hellip;]\" \/>\n<meta property=\"og:url\" content=\"https:\/\/www.leansp.com\/de\/lego-serious-play-moderator\/finden-marktplatz\/jens-droege\/\" \/>\n<meta property=\"og:site_name\" content=\"Verleih LEGO\u00ae SERIOUS PLAY\u00ae LSP-Material\" \/>\n<meta property=\"article:modified_time\" content=\"2019-01-21T17:33:23+00:00\" \/>\n<meta property=\"og:image\" content=\"https:\/\/www.leansp.com\/de\/wp-content\/uploads\/sites\/2\/2019\/01\/jens-droege.jpg\" \/>\n<meta name=\"twitter:card\" content=\"summary_large_image\" \/>\n<meta name=\"twitter:label1\" content=\"Gesch\u00e4tzte Lesezeit\" \/>\n\t<meta name=\"twitter:data1\" content=\"1\u00a0Minute\" \/>\n<script type=\"application\/ld+json\" class=\"yoast-schema-graph\">{\"@context\":\"https:\\\/\\\/schema.org\",\"@graph\":[{\"@type\":\"WebPage\",\"@id\":\"https:\\\/\\\/www.leansp.com\\\/de\\\/lego-serious-play-moderator\\\/finden-marktplatz\\\/jens-droege\\\/\",\"url\":\"https:\\\/\\\/www.leansp.com\\\/de\\\/lego-serious-play-moderator\\\/finden-marktplatz\\\/jens-droege\\\/\",\"name\":\"Jens Dr\u00f6ge - Verleih LEGO\u00ae SERIOUS PLAY\u00ae LSP-Material\",\"isPartOf\":{\"@id\":\"https:\\\/\\\/www.leansp.com\\\/de\\\/#website\"},\"primaryImageOfPage\":{\"@id\":\"https:\\\/\\\/www.leansp.com\\\/de\\\/lego-serious-play-moderator\\\/finden-marktplatz\\\/jens-droege\\\/#primaryimage\"},\"image\":{\"@id\":\"https:\\\/\\\/www.leansp.com\\\/de\\\/lego-serious-play-moderator\\\/finden-marktplatz\\\/jens-droege\\\/#primaryimage\"},\"thumbnailUrl\":\"https:\\\/\\\/www.leansp.com\\\/de\\\/wp-content\\\/uploads\\\/sites\\\/2\\\/2019\\\/01\\\/jens-droege.jpg\",\"datePublished\":\"2019-01-21T17:29:30+00:00\",\"dateModified\":\"2019-01-21T17:33:23+00:00\",\"breadcrumb\":{\"@id\":\"https:\\\/\\\/www.leansp.com\\\/de\\\/lego-serious-play-moderator\\\/finden-marktplatz\\\/jens-droege\\\/#breadcrumb\"},\"inLanguage\":\"de\",\"potentialAction\":[{\"@type\":\"ReadAction\",\"target\":[\"https:\\\/\\\/www.leansp.com\\\/de\\\/lego-serious-play-moderator\\\/finden-marktplatz\\\/jens-droege\\\/\"]}]},{\"@type\":\"ImageObject\",\"inLanguage\":\"de\",\"@id\":\"https:\\\/\\\/www.leansp.com\\\/de\\\/lego-serious-play-moderator\\\/finden-marktplatz\\\/jens-droege\\\/#primaryimage\",\"url\":\"https:\\\/\\\/www.leansp.com\\\/de\\\/wp-content\\\/uploads\\\/sites\\\/2\\\/2019\\\/01\\\/jens-droege.jpg\",\"contentUrl\":\"https:\\\/\\\/www.leansp.com\\\/de\\\/wp-content\\\/uploads\\\/sites\\\/2\\\/2019\\\/01\\\/jens-droege.jpg\",\"width\":1179,\"height\":1180},{\"@type\":\"BreadcrumbList\",\"@id\":\"https:\\\/\\\/www.leansp.com\\\/de\\\/lego-serious-play-moderator\\\/finden-marktplatz\\\/jens-droege\\\/#breadcrumb\",\"itemListElement\":[{\"@type\":\"ListItem\",\"position\":1,\"name\":\"Home\",\"item\":\"https:\\\/\\\/www.leansp.com\\\/de\\\/\"},{\"@type\":\"ListItem\",\"position\":2,\"name\":\"Moderatoren f\u00fcr Workshops mit LEGO\u00ae SERIOUS PLAY\u00ae\",\"item\":\"https:\\\/\\\/www.leansp.com\\\/de\\\/lego-serious-play-moderator\\\/\"},{\"@type\":\"ListItem\",\"position\":3,\"name\":\"Den passenden Moderator f\u00fcr Workshops f\u00fcr LEGO\u00ae SERIOUS PLAY\u00ae finden\",\"item\":\"https:\\\/\\\/www.leansp.com\\\/de\\\/lego-serious-play-moderator\\\/finden-marktplatz\\\/\"},{\"@type\":\"ListItem\",\"position\":4,\"name\":\"Jens Dr\u00f6ge\"}]},{\"@type\":\"WebSite\",\"@id\":\"https:\\\/\\\/www.leansp.com\\\/de\\\/#website\",\"url\":\"https:\\\/\\\/www.leansp.com\\\/de\\\/\",\"name\":\"Verleih LEGO\u00ae SERIOUS PLAY\u00ae LSP-Material\",\"description\":\"LSP-Moderationskoffer LEGO\u00ae SERIOUS PLAY\u00ae leihen inkl. Versand vom Profi. Vorsortiert. Identity &amp; Landscape Set, Connections Kit, Window Bags.\",\"publisher\":{\"@id\":\"https:\\\/\\\/www.leansp.com\\\/de\\\/#organization\"},\"potentialAction\":[{\"@type\":\"SearchAction\",\"target\":{\"@type\":\"EntryPoint\",\"urlTemplate\":\"https:\\\/\\\/www.leansp.com\\\/de\\\/?s={search_term_string}\"},\"query-input\":{\"@type\":\"PropertyValueSpecification\",\"valueRequired\":true,\"valueName\":\"search_term_string\"}}],\"inLanguage\":\"de\"},{\"@type\":\"Organization\",\"@id\":\"https:\\\/\\\/www.leansp.com\\\/de\\\/#organization\",\"name\":\"LeanSP\",\"url\":\"https:\\\/\\\/www.leansp.com\\\/de\\\/\",\"logo\":{\"@type\":\"ImageObject\",\"inLanguage\":\"de\",\"@id\":\"https:\\\/\\\/www.leansp.com\\\/de\\\/#\\\/schema\\\/logo\\\/image\\\/\",\"url\":\"https:\\\/\\\/www.leansp.com\\\/de\\\/wp-content\\\/uploads\\\/sites\\\/2\\\/2026\\\/03\\\/logo-clean.png\",\"contentUrl\":\"https:\\\/\\\/www.leansp.com\\\/de\\\/wp-content\\\/uploads\\\/sites\\\/2\\\/2026\\\/03\\\/logo-clean.png\",\"width\":506,\"height\":168,\"caption\":\"LeanSP\"},\"image\":{\"@id\":\"https:\\\/\\\/www.leansp.com\\\/de\\\/#\\\/schema\\\/logo\\\/image\\\/\"}}]}<\/script>\n<!-- \/ Yoast SEO plugin. -->","yoast_head_json":{"title":"Jens Dr\u00f6ge - Verleih LEGO\u00ae SERIOUS PLAY\u00ae LSP-Material","robots":{"index":"index","follow":"follow","max-snippet":"max-snippet:-1","max-image-preview":"max-image-preview:large","max-video-preview":"max-video-preview:-1"},"canonical":"https:\/\/www.leansp.com\/de\/lego-serious-play-moderator\/finden-marktplatz\/jens-droege\/","og_locale":"de_DE","og_type":"article","og_title":"Jens Dr\u00f6ge - Verleih LEGO\u00ae SERIOUS PLAY\u00ae LSP-Material","og_description":"Was z\u00e4hlt sind Ergebnisse. Als \u00dcbersetzter von SERIOUSWORK, Ausbilder und Trainer in der Methode kombiniere ich daher LSP mit anderen klassischen Tools und Elementen \u2026 Ergebnisse und Strategien mit Substanz \u2013 Meine Kompetenz basiert auf meiner Erfahrung als F\u00fchrungskraft bei Porsche Consulting, PwC, KPMG und im Mittelstand. Ich kenne Ihre Herausforderungen: Als Berater, als Beteiligter, [&hellip;]","og_url":"https:\/\/www.leansp.com\/de\/lego-serious-play-moderator\/finden-marktplatz\/jens-droege\/","og_site_name":"Verleih LEGO\u00ae SERIOUS PLAY\u00ae LSP-Material","article_modified_time":"2019-01-21T17:33:23+00:00","og_image":[{"url":"https:\/\/www.leansp.com\/de\/wp-content\/uploads\/sites\/2\/2019\/01\/jens-droege.jpg","type":"","width":"","height":""}],"twitter_card":"summary_large_image","twitter_misc":{"Gesch\u00e4tzte Lesezeit":"1\u00a0Minute"},"schema":{"@context":"https:\/\/schema.org","@graph":[{"@type":"WebPage","@id":"https:\/\/www.leansp.com\/de\/lego-serious-play-moderator\/finden-marktplatz\/jens-droege\/","url":"https:\/\/www.leansp.com\/de\/lego-serious-play-moderator\/finden-marktplatz\/jens-droege\/","name":"Jens Dr\u00f6ge - Verleih LEGO\u00ae SERIOUS PLAY\u00ae LSP-Material","isPartOf":{"@id":"https:\/\/www.leansp.com\/de\/#website"},"primaryImageOfPage":{"@id":"https:\/\/www.leansp.com\/de\/lego-serious-play-moderator\/finden-marktplatz\/jens-droege\/#primaryimage"},"image":{"@id":"https:\/\/www.leansp.com\/de\/lego-serious-play-moderator\/finden-marktplatz\/jens-droege\/#primaryimage"},"thumbnailUrl":"https:\/\/www.leansp.com\/de\/wp-content\/uploads\/sites\/2\/2019\/01\/jens-droege.jpg","datePublished":"2019-01-21T17:29:30+00:00","dateModified":"2019-01-21T17:33:23+00:00","breadcrumb":{"@id":"https:\/\/www.leansp.com\/de\/lego-serious-play-moderator\/finden-marktplatz\/jens-droege\/#breadcrumb"},"inLanguage":"de","potentialAction":[{"@type":"ReadAction","target":["https:\/\/www.leansp.com\/de\/lego-serious-play-moderator\/finden-marktplatz\/jens-droege\/"]}]},{"@type":"ImageObject","inLanguage":"de","@id":"https:\/\/www.leansp.com\/de\/lego-serious-play-moderator\/finden-marktplatz\/jens-droege\/#primaryimage","url":"https:\/\/www.leansp.com\/de\/wp-content\/uploads\/sites\/2\/2019\/01\/jens-droege.jpg","contentUrl":"https:\/\/www.leansp.com\/de\/wp-content\/uploads\/sites\/2\/2019\/01\/jens-droege.jpg","width":1179,"height":1180},{"@type":"BreadcrumbList","@id":"https:\/\/www.leansp.com\/de\/lego-serious-play-moderator\/finden-marktplatz\/jens-droege\/#breadcrumb","itemListElement":[{"@type":"ListItem","position":1,"name":"Home","item":"https:\/\/www.leansp.com\/de\/"},{"@type":"ListItem","position":2,"name":"Moderatoren f\u00fcr Workshops mit LEGO\u00ae SERIOUS PLAY\u00ae","item":"https:\/\/www.leansp.com\/de\/lego-serious-play-moderator\/"},{"@type":"ListItem","position":3,"name":"Den passenden Moderator f\u00fcr Workshops f\u00fcr LEGO\u00ae SERIOUS PLAY\u00ae finden","item":"https:\/\/www.leansp.com\/de\/lego-serious-play-moderator\/finden-marktplatz\/"},{"@type":"ListItem","position":4,"name":"Jens Dr\u00f6ge"}]},{"@type":"WebSite","@id":"https:\/\/www.leansp.com\/de\/#website","url":"https:\/\/www.leansp.com\/de\/","name":"Verleih LEGO\u00ae SERIOUS PLAY\u00ae LSP-Material","description":"LSP-Moderationskoffer LEGO\u00ae SERIOUS PLAY\u00ae leihen inkl. Versand vom Profi. Vorsortiert. Identity &amp; Landscape Set, Connections Kit, Window Bags.","publisher":{"@id":"https:\/\/www.leansp.com\/de\/#organization"},"potentialAction":[{"@type":"SearchAction","target":{"@type":"EntryPoint","urlTemplate":"https:\/\/www.leansp.com\/de\/?s={search_term_string}"},"query-input":{"@type":"PropertyValueSpecification","valueRequired":true,"valueName":"search_term_string"}}],"inLanguage":"de"},{"@type":"Organization","@id":"https:\/\/www.leansp.com\/de\/#organization","name":"LeanSP","url":"https:\/\/www.leansp.com\/de\/","logo":{"@type":"ImageObject","inLanguage":"de","@id":"https:\/\/www.leansp.com\/de\/#\/schema\/logo\/image\/","url":"https:\/\/www.leansp.com\/de\/wp-content\/uploads\/sites\/2\/2026\/03\/logo-clean.png","contentUrl":"https:\/\/www.leansp.com\/de\/wp-content\/uploads\/sites\/2\/2026\/03\/logo-clean.png","width":506,"height":168,"caption":"LeanSP"},"image":{"@id":"https:\/\/www.leansp.com\/de\/#\/schema\/logo\/image\/"}}]}},"_links":{"self":[{"href":"https:\/\/www.leansp.com\/de\/wp-json\/wp\/v2\/pages\/920","targetHints":{"allow":["GET"]}}],"collection":[{"href":"https:\/\/www.leansp.com\/de\/wp-json\/wp\/v2\/pages"}],"about":[{"href":"https:\/\/www.leansp.com\/de\/wp-json\/wp\/v2\/types\/page"}],"author":[{"embeddable":true,"href":"https:\/\/www.leansp.com\/de\/wp-json\/wp\/v2\/users\/1"}],"replies":[{"embeddable":true,"href":"https:\/\/www.leansp.com\/de\/wp-json\/wp\/v2\/comments?post=920"}],"version-history":[{"count":3,"href":"https:\/\/www.leansp.com\/de\/wp-json\/wp\/v2\/pages\/920\/revisions"}],"predecessor-version":[{"id":924,"href":"https:\/\/www.leansp.com\/de\/wp-json\/wp\/v2\/pages\/920\/revisions\/924"}],"up":[{"embeddable":true,"href":"https:\/\/www.leansp.com\/de\/wp-json\/wp\/v2\/pages\/33"}],"wp:attachment":[{"href":"https:\/\/www.leansp.com\/de\/wp-json\/wp\/v2\/media?parent=920"}],"curies":[{"name":"wp","href":"https:\/\/api.w.org\/{rel}","templated":true}]}}