{"id":996,"date":"2019-04-25T14:45:24","date_gmt":"2019-04-25T13:45:24","guid":{"rendered":"https:\/\/www.leansp.com\/de\/?page_id=996"},"modified":"2023-03-02T19:40:17","modified_gmt":"2023-03-02T18:40:17","slug":"aufbewahrungsloesung-lego-serious-play-material-koffer","status":"publish","type":"page","link":"https:\/\/www.leansp.com\/de\/lego-serious-play-experten\/aufbewahrungsloesung-lego-serious-play-material-koffer\/","title":{"rendered":"Aufbewahrungsl\u00f6sungen f\u00fcr LEGO\u00ae SERIOUS PLAY\u00ae Material"},"content":{"rendered":"<h3>Aufbewahrungsl\u00f6sung f\u00fcr das LEGO\u00ae SERIOUS PLAY\u00ae Identity and Landscape Set<\/h3>\n<div class=\"row\">\n<div class=\"col-sm-8\">\nUm das Material zu lagern und zu transportieren. Die originalen orange \/ wei\u00dfe Sortiertabletts von Lego werden \u00fcberfl\u00fcssig. Robuste L\u00f6sung mit ausreichend Platz f\u00fcr zus\u00e4tzliches Material (bis zu 25 Window Exploration Bags oder 4 Starter Sets, je nach Sortierung). Die originale 48\u00d748-Grundplatte passt wenn sie leicht gebogen wird.<br \/>\n&nbsp;<br \/>\n<strong>Contents<\/strong><br \/>\n<b><span style=\"color: #2ecc71;\">\u2713<\/span><\/b> 1x schwarzer Trolley-Koffer: wetterfest, staubdicht, mit R\u00e4dern und Griff, ca. 41 x 61 x 34 cm.<br \/>\n<b><span style=\"color: #2ecc71;\">\u2713<\/span><\/b> 3x rote Sortierk\u00e4sten: transparenter Deckel, 3 feste Unterteilungen, ca. 29 x 36 x 10 cm.<br \/>\n<b><span style=\"color: #2ecc71;\">\u2713<\/span><\/b> 3x transparente Sortierboxen<br \/>\n<b><span style=\"color: #2ecc71;\">\u2713<\/span><\/b> 2x rote Rei\u00dfverschlussbeutel: lichtdurchl\u00e4ssig mit roter Kante, ca. 18 x 22 cm.<br \/>\n<b><span style=\"color: #2ecc71;\">\u2713<\/span><\/b> 2x blaue Rei\u00dfverschlussbeutel: lichtdurchl\u00e4ssig mit blauer Kante, ca. 26 x 35 cm.<br \/>\n&nbsp;<br \/>\nGewicht der Aufbewahrungsl\u00f6sung (ohne Lego-Materialien) ca. 8 kg. Die Transportl\u00f6sung wird in einem passgenauen Karton geliefert. Trolley ist f\u00fcr aufgegebenes Gep\u00e4ck geeignet (m\u00f6glicherweise gelten Vorschriften).<br \/>\n&nbsp;<br \/>\nNur <span style=\"font-size: 150%;\">419,00 \u20ac pro Set<\/span> (exkl. MwSt.)<br \/>\nKostenloser Versand innerhalb Deutschland und EU.<br \/>\n&nbsp;<\/div>\n<div class=\"col-sm-4\">\n<a href=\"https:\/\/www.leansp.com\/de\/wp-content\/uploads\/sites\/2\/2017\/05\/lsp-rentals-lego-serious-play-mieten-verleih-1024x700.jpg\"><img loading=\"lazy\" decoding=\"async\" class=\"alignnone wp-image-339 size-large\" src=\"https:\/\/www.leansp.com\/de\/wp-content\/uploads\/sites\/2\/2017\/05\/lsp-rentals-lego-serious-play-mieten-verleih-1024x700.jpg\" alt=\"\" width=\"1024\" height=\"700\" srcset=\"https:\/\/www.leansp.com\/de\/wp-content\/uploads\/sites\/2\/2017\/05\/lsp-rentals-lego-serious-play-mieten-verleih-1024x700.jpg 1024w, https:\/\/www.leansp.com\/de\/wp-content\/uploads\/sites\/2\/2017\/05\/lsp-rentals-lego-serious-play-mieten-verleih-300x205.jpg 300w, https:\/\/www.leansp.com\/de\/wp-content\/uploads\/sites\/2\/2017\/05\/lsp-rentals-lego-serious-play-mieten-verleih-768x525.jpg 768w, https:\/\/www.leansp.com\/de\/wp-content\/uploads\/sites\/2\/2017\/05\/lsp-rentals-lego-serious-play-mieten-verleih-146x100.jpg 146w, https:\/\/www.leansp.com\/de\/wp-content\/uploads\/sites\/2\/2017\/05\/lsp-rentals-lego-serious-play-mieten-verleih-50x34.jpg 50w, https:\/\/www.leansp.com\/de\/wp-content\/uploads\/sites\/2\/2017\/05\/lsp-rentals-lego-serious-play-mieten-verleih-75x51.jpg 75w, https:\/\/www.leansp.com\/de\/wp-content\/uploads\/sites\/2\/2017\/05\/lsp-rentals-lego-serious-play-mieten-verleih.jpg 2048w\" sizes=\"auto, (max-width: 1024px) 100vw, 1024px\" \/><\/a><br \/>\n&nbsp;<br \/>\n<a class=\"btn btn-large uppercase btn-default btn-tomato btn-No color-white\" href=\"https:\/\/www.leansp.com\/de\/kontakt\/\">Angebot anfragen <i class=\"glyphicon glyphicon glyphicon-chevron-right\" style=\"color: #ffffff;\"><\/i> <\/a><\/div>\n<\/div>\n<p>&nbsp;<br \/>\n&nbsp;<\/p>\n<h3>Klappbare 48&#215;48 Grundplatte<\/h3>\n<div class=\"row\">\n<div class=\"col-sm-8\">\nDie originale 48\u00d748-Grundplatte von LEGO\u00ae, halbiert und zusammengef\u00fcgt. Sie kann in der Mitte \u00e4hnlich einem Spielbrett gefaltet werden. Dies reduziert das Packma\u00df. Und Sie haben mehr Platz im Trolley-Koffer, wenn Sie das Material nach Ihrem Workshop unsortiert einf\u00fcllen.<br \/>\n&nbsp;<br \/>\nNur <span style=\"font-size: 150%;\">24,90 \u20ac pro Grundplatte<\/span> (exkl. MwSt.)<br \/>\n&nbsp;<\/div>\n<div class=\"col-sm-4\">\n<a href=\"https:\/\/www.leansp.com\/de\/wp-content\/uploads\/sites\/2\/2018\/08\/lsp-verleih-lego-serious-play-mieten-leihen.jpg\"><img loading=\"lazy\" decoding=\"async\" class=\"alignnone size-large wp-image-737\" src=\"https:\/\/www.leansp.com\/de\/wp-content\/uploads\/sites\/2\/2018\/08\/lsp-verleih-lego-serious-play-mieten-leihen-1024x700.jpg\" alt=\"\" width=\"1024\" height=\"700\" srcset=\"https:\/\/www.leansp.com\/de\/wp-content\/uploads\/sites\/2\/2018\/08\/lsp-verleih-lego-serious-play-mieten-leihen-1024x700.jpg 1024w, https:\/\/www.leansp.com\/de\/wp-content\/uploads\/sites\/2\/2018\/08\/lsp-verleih-lego-serious-play-mieten-leihen-300x205.jpg 300w, https:\/\/www.leansp.com\/de\/wp-content\/uploads\/sites\/2\/2018\/08\/lsp-verleih-lego-serious-play-mieten-leihen-768x525.jpg 768w, https:\/\/www.leansp.com\/de\/wp-content\/uploads\/sites\/2\/2018\/08\/lsp-verleih-lego-serious-play-mieten-leihen-146x100.jpg 146w, https:\/\/www.leansp.com\/de\/wp-content\/uploads\/sites\/2\/2018\/08\/lsp-verleih-lego-serious-play-mieten-leihen-50x34.jpg 50w, https:\/\/www.leansp.com\/de\/wp-content\/uploads\/sites\/2\/2018\/08\/lsp-verleih-lego-serious-play-mieten-leihen-75x51.jpg 75w\" sizes=\"auto, (max-width: 1024px) 100vw, 1024px\" \/><\/a><br \/>\n&nbsp;<br \/>\n<a class=\"btn btn-large uppercase btn-default btn-tomato btn-No color-white\" href=\"https:\/\/www.leansp.com\/de\/kontakt\/\">Angebot anfragen <i class=\"glyphicon glyphicon glyphicon-chevron-right\" style=\"color: #ffffff;\"><\/i> <\/a><\/div>\n<\/div>\n<p>&nbsp;<br \/>\n&nbsp;<\/p>\n<h3>Aufbewahrungsl\u00f6sung f\u00fcr das LEGO\u00ae SERIOUS PLAY\u00ae Connections Kit<\/h3>\n<div class=\"row\">\n<div class=\"col-sm-8\">\nUm das Material zu lagern und zu transportieren. Die originalen orange \/ wei\u00dfe Sortiertabletts von Lego werden \u00fcberfl\u00fcssig. Robuste L\u00f6sung mit ausreichend Platz f\u00fcr zus\u00e4tzliches Material (bis zu 35 Window Exploration Bags oder 8 Starter Sets, je nach Sortierung).<br \/>\n&nbsp;<br \/>\n<strong>Contents<\/strong><br \/>\n<b><span style=\"color: #2ecc71;\">\u2713<\/span><\/b> 1x schwarzer Trolley-Koffer: wetterfest, staubdicht, mit R\u00e4dern und Griff, ca. 41 x 61 x 34 cm.<br \/>\n<b><span style=\"color: #2ecc71;\">\u2713<\/span><\/b> 3x rote Sortierk\u00e4sten: transparenter Deckel, 3 feste Unterteilungen, ca. 29 x 36 x 10 cm.<br \/>\n<b><span style=\"color: #2ecc71;\">\u2713<\/span><\/b> 4x transparente Sortierboxen<br \/>\n<b><span style=\"color: #2ecc71;\">\u2713<\/span><\/b> 2x roter Rei\u00dfverschlussbeutel: lichtdurchl\u00e4ssig mit roter Kante, ca. 18 x 22 cm.<br \/>\n&nbsp;<br \/>\nGewicht der Aufbewahrungsl\u00f6sung (ohne Lego-Materialien) ca. 8 kg. Die Transportl\u00f6sung wird in einem passgenauen Karton geliefert. Trolley ist f\u00fcr aufgegebenes Gep\u00e4ck geeignet (m\u00f6glicherweise gelten Vorschriften).<br \/>\n&nbsp;<br \/>\nNur <span style=\"font-size: 150%;\">409,00 \u20ac pro Set<\/span> (exkl. MwSt.)<br \/>\nKostenloser Versand innerhalb Deutschland und EU.<br \/>\n&nbsp;<\/div>\n<div class=\"col-sm-4\">\n<a href=\"https:\/\/www.leansp.com\/de\/wp-content\/uploads\/sites\/2\/2017\/05\/lsp-rentals-lego-serious-play-mieten-verleih-1024x700.jpg\"><img loading=\"lazy\" decoding=\"async\" class=\"alignnone wp-image-339 size-large\" src=\"https:\/\/www.leansp.com\/de\/wp-content\/uploads\/sites\/2\/2017\/05\/lsp-rentals-lego-serious-play-mieten-verleih-1024x700.jpg\" alt=\"\" width=\"1024\" height=\"700\" srcset=\"https:\/\/www.leansp.com\/de\/wp-content\/uploads\/sites\/2\/2017\/05\/lsp-rentals-lego-serious-play-mieten-verleih-1024x700.jpg 1024w, https:\/\/www.leansp.com\/de\/wp-content\/uploads\/sites\/2\/2017\/05\/lsp-rentals-lego-serious-play-mieten-verleih-300x205.jpg 300w, https:\/\/www.leansp.com\/de\/wp-content\/uploads\/sites\/2\/2017\/05\/lsp-rentals-lego-serious-play-mieten-verleih-768x525.jpg 768w, https:\/\/www.leansp.com\/de\/wp-content\/uploads\/sites\/2\/2017\/05\/lsp-rentals-lego-serious-play-mieten-verleih-146x100.jpg 146w, https:\/\/www.leansp.com\/de\/wp-content\/uploads\/sites\/2\/2017\/05\/lsp-rentals-lego-serious-play-mieten-verleih-50x34.jpg 50w, https:\/\/www.leansp.com\/de\/wp-content\/uploads\/sites\/2\/2017\/05\/lsp-rentals-lego-serious-play-mieten-verleih-75x51.jpg 75w, https:\/\/www.leansp.com\/de\/wp-content\/uploads\/sites\/2\/2017\/05\/lsp-rentals-lego-serious-play-mieten-verleih.jpg 2048w\" sizes=\"auto, (max-width: 1024px) 100vw, 1024px\" \/><\/a><br \/>\n&nbsp;<br \/>\n<a class=\"btn btn-large uppercase btn-default btn-tomato btn-No color-white\" href=\"https:\/\/www.leansp.com\/de\/kontakt\/\">Angebot anfragen <i class=\"glyphicon glyphicon glyphicon-chevron-right\" style=\"color: #ffffff;\"><\/i> <\/a><\/div>\n<\/div>\n<p>&nbsp;<br \/>\n&nbsp;<\/p>\n<h3>Schwarzer Trolley-Koffer: Aufbewahrungsl\u00f6sung f\u00fcr LEGO\u00ae SERIOUS PLAY\u00ae Materialien<\/h3>\n<div class=\"row\">\n<div class=\"col-sm-8\">\nWetterfest, staubdicht, mit R\u00e4dern und Griff, ca. 41 x 61 x 34 cm.<br \/>\n&nbsp;<br \/>\nGewicht der Aufbewahrungsl\u00f6sung (ohne Lego-Materialien) ca. 7 kg. Die Transportl\u00f6sung wird in einem passgenauen Karton geliefert. Trolley ist f\u00fcr aufgegebenes Gep\u00e4ck geeignet (m\u00f6glicherweise gelten Vorschriften).<br \/>\n&nbsp;<br \/>\nNur <span style=\"font-size: 150%;\">329,00 \u20ac pro Trolley<\/span> (exkl. MwSt.)<br \/>\nKostenloser Versand innerhalb Deutschland und EU.<br \/>\n&nbsp;<\/div>\n<div class=\"col-sm-4\">\n<a href=\"https:\/\/www.leansp.com\/de\/wp-content\/uploads\/sites\/2\/2017\/05\/lego-serious-play-verleih-sortierte-moderationskoffer-transport-bahn-1024x700.jpg\"><img loading=\"lazy\" decoding=\"async\" class=\"alignnone wp-image-305 size-large\" src=\"https:\/\/www.leansp.com\/de\/wp-content\/uploads\/sites\/2\/2017\/05\/lego-serious-play-verleih-sortierte-moderationskoffer-transport-bahn-1024x700.jpg\" alt=\"\" width=\"1024\" height=\"700\" srcset=\"https:\/\/www.leansp.com\/de\/wp-content\/uploads\/sites\/2\/2017\/05\/lego-serious-play-verleih-sortierte-moderationskoffer-transport-bahn-1024x700.jpg 1024w, https:\/\/www.leansp.com\/de\/wp-content\/uploads\/sites\/2\/2017\/05\/lego-serious-play-verleih-sortierte-moderationskoffer-transport-bahn-300x205.jpg 300w, https:\/\/www.leansp.com\/de\/wp-content\/uploads\/sites\/2\/2017\/05\/lego-serious-play-verleih-sortierte-moderationskoffer-transport-bahn-768x525.jpg 768w, https:\/\/www.leansp.com\/de\/wp-content\/uploads\/sites\/2\/2017\/05\/lego-serious-play-verleih-sortierte-moderationskoffer-transport-bahn-146x100.jpg 146w, https:\/\/www.leansp.com\/de\/wp-content\/uploads\/sites\/2\/2017\/05\/lego-serious-play-verleih-sortierte-moderationskoffer-transport-bahn-50x34.jpg 50w, https:\/\/www.leansp.com\/de\/wp-content\/uploads\/sites\/2\/2017\/05\/lego-serious-play-verleih-sortierte-moderationskoffer-transport-bahn-75x51.jpg 75w, https:\/\/www.leansp.com\/de\/wp-content\/uploads\/sites\/2\/2017\/05\/lego-serious-play-verleih-sortierte-moderationskoffer-transport-bahn.jpg 2048w\" sizes=\"auto, (max-width: 1024px) 100vw, 1024px\" \/><\/a><br \/>\n&nbsp;<br \/>\n<a class=\"btn btn-large uppercase btn-default btn-tomato btn-No color-white\" href=\"https:\/\/www.leansp.com\/de\/kontakt\/\">Angebot anfragen <i class=\"glyphicon glyphicon glyphicon-chevron-right\" style=\"color: #ffffff;\"><\/i> <\/a><\/div>\n<\/div>\n<p>&nbsp;<br \/>\n&nbsp;<\/p>\n<h3>Aufbewahrungsl\u00f6sung for the LEGO\u00ae SERIOUS PLAY\u00ae Starter Set<\/h3>\n<div class=\"row\">\n<div class=\"col-sm-8\">\nKann die Materialien eines Starter Sets aufnehmen. Transparenter Aufbewahrungsbeh\u00e4lter aus robustem Kunststoff mit Clip und geschlossenem Deckel. ca. 15 x 21 x 12 cm.<br \/>\n&nbsp;<br \/>\nNur <span style=\"font-size: 150%;\">8,00 \u20ac pro Box<\/span> (exkl. MwSt.)<br \/>\n&nbsp;<\/div>\n<div class=\"col-sm-4\">\n<a href=\"https:\/\/www.leansp.com\/eu\/wp-content\/uploads\/sites\/5\/2018\/08\/lego-serious-play-starter-kit-buy-box.jpg\"><img loading=\"lazy\" decoding=\"async\" src=\"https:\/\/www.leansp.com\/eu\/wp-content\/uploads\/sites\/5\/2018\/08\/lego-serious-play-starter-kit-buy-box-1024x768.jpg\" alt=\"\" width=\"1024\" height=\"768\" class=\"alignnone size-large wp-image-561\"><\/a><br \/>\n&nbsp;<br \/>\n<a class=\"btn btn-large uppercase btn-default btn-tomato btn-No color-white\" href=\"https:\/\/www.leansp.com\/de\/kontakt\/\">Angebot anfragen <i class=\"glyphicon glyphicon glyphicon-chevron-right\" style=\"color: #ffffff;\"><\/i> <\/a><\/div>\n<\/div>\n","protected":false},"excerpt":{"rendered":"<p>Aufbewahrungsl\u00f6sung f\u00fcr das LEGO\u00ae SERIOUS PLAY\u00ae Identity and Landscape Set Um das Material zu lagern und zu transportieren. Die originalen orange \/ wei\u00dfe Sortiertabletts von Lego werden \u00fcberfl\u00fcssig. Robuste L\u00f6sung mit ausreichend Platz f\u00fcr zus\u00e4tzliches Material (bis zu 25 Window Exploration Bags oder 4 Starter Sets, je nach Sortierung). Die originale 48\u00d748-Grundplatte passt wenn sie [&hellip;]<\/p>\n","protected":false},"author":1,"featured_media":0,"parent":21,"menu_order":0,"comment_status":"closed","ping_status":"closed","template":"","meta":{"footnotes":""},"class_list":["post-996","page","type-page","status-publish","hentry"],"yoast_head":"<!-- This site is optimized with the Yoast SEO plugin v27.5 - https:\/\/yoast.com\/product\/yoast-seo-wordpress\/ -->\n<title>Aufbewahrungsl\u00f6sungen f\u00fcr LEGO\u00ae SERIOUS PLAY\u00ae Material - Verleih LEGO\u00ae SERIOUS PLAY\u00ae LSP-Material<\/title>\n<meta name=\"robots\" content=\"index, follow, max-snippet:-1, max-image-preview:large, max-video-preview:-1\" \/>\n<link rel=\"canonical\" href=\"https:\/\/www.leansp.com\/de\/lego-serious-play-experten\/aufbewahrungsloesung-lego-serious-play-material-koffer\/\" \/>\n<meta property=\"og:locale\" content=\"de_DE\" \/>\n<meta property=\"og:type\" content=\"article\" \/>\n<meta property=\"og:title\" content=\"Aufbewahrungsl\u00f6sungen f\u00fcr LEGO\u00ae SERIOUS PLAY\u00ae Material - Verleih LEGO\u00ae SERIOUS PLAY\u00ae LSP-Material\" \/>\n<meta property=\"og:description\" content=\"Aufbewahrungsl\u00f6sung f\u00fcr das LEGO\u00ae SERIOUS PLAY\u00ae Identity and Landscape Set Um das Material zu lagern und zu transportieren. Die originalen orange \/ wei\u00dfe Sortiertabletts von Lego werden \u00fcberfl\u00fcssig. Robuste L\u00f6sung mit ausreichend Platz f\u00fcr zus\u00e4tzliches Material (bis zu 25 Window Exploration Bags oder 4 Starter Sets, je nach Sortierung). Die originale 48\u00d748-Grundplatte passt wenn sie [&hellip;]\" \/>\n<meta property=\"og:url\" content=\"https:\/\/www.leansp.com\/de\/lego-serious-play-experten\/aufbewahrungsloesung-lego-serious-play-material-koffer\/\" \/>\n<meta property=\"og:site_name\" content=\"Verleih LEGO\u00ae SERIOUS PLAY\u00ae LSP-Material\" \/>\n<meta property=\"article:modified_time\" content=\"2023-03-02T18:40:17+00:00\" \/>\n<meta property=\"og:image\" content=\"https:\/\/www.leansp.com\/de\/wp-content\/uploads\/sites\/2\/2017\/05\/lsp-rentals-lego-serious-play-mieten-verleih-1024x700.jpg\" \/>\n<meta name=\"twitter:card\" content=\"summary_large_image\" \/>\n<meta name=\"twitter:label1\" content=\"Gesch\u00e4tzte Lesezeit\" \/>\n\t<meta name=\"twitter:data1\" content=\"4\u00a0Minuten\" \/>\n<script type=\"application\/ld+json\" class=\"yoast-schema-graph\">{\"@context\":\"https:\\\/\\\/schema.org\",\"@graph\":[{\"@type\":\"WebPage\",\"@id\":\"https:\\\/\\\/www.leansp.com\\\/de\\\/lego-serious-play-experten\\\/aufbewahrungsloesung-lego-serious-play-material-koffer\\\/\",\"url\":\"https:\\\/\\\/www.leansp.com\\\/de\\\/lego-serious-play-experten\\\/aufbewahrungsloesung-lego-serious-play-material-koffer\\\/\",\"name\":\"Aufbewahrungsl\u00f6sungen f\u00fcr LEGO\u00ae SERIOUS PLAY\u00ae Material - Verleih LEGO\u00ae SERIOUS PLAY\u00ae LSP-Material\",\"isPartOf\":{\"@id\":\"https:\\\/\\\/www.leansp.com\\\/de\\\/#website\"},\"primaryImageOfPage\":{\"@id\":\"https:\\\/\\\/www.leansp.com\\\/de\\\/lego-serious-play-experten\\\/aufbewahrungsloesung-lego-serious-play-material-koffer\\\/#primaryimage\"},\"image\":{\"@id\":\"https:\\\/\\\/www.leansp.com\\\/de\\\/lego-serious-play-experten\\\/aufbewahrungsloesung-lego-serious-play-material-koffer\\\/#primaryimage\"},\"thumbnailUrl\":\"https:\\\/\\\/www.leansp.com\\\/de\\\/wp-content\\\/uploads\\\/sites\\\/2\\\/2017\\\/05\\\/lsp-rentals-lego-serious-play-mieten-verleih-1024x700.jpg\",\"datePublished\":\"2019-04-25T13:45:24+00:00\",\"dateModified\":\"2023-03-02T18:40:17+00:00\",\"breadcrumb\":{\"@id\":\"https:\\\/\\\/www.leansp.com\\\/de\\\/lego-serious-play-experten\\\/aufbewahrungsloesung-lego-serious-play-material-koffer\\\/#breadcrumb\"},\"inLanguage\":\"de\",\"potentialAction\":[{\"@type\":\"ReadAction\",\"target\":[\"https:\\\/\\\/www.leansp.com\\\/de\\\/lego-serious-play-experten\\\/aufbewahrungsloesung-lego-serious-play-material-koffer\\\/\"]}]},{\"@type\":\"ImageObject\",\"inLanguage\":\"de\",\"@id\":\"https:\\\/\\\/www.leansp.com\\\/de\\\/lego-serious-play-experten\\\/aufbewahrungsloesung-lego-serious-play-material-koffer\\\/#primaryimage\",\"url\":\"https:\\\/\\\/www.leansp.com\\\/de\\\/wp-content\\\/uploads\\\/sites\\\/2\\\/2017\\\/05\\\/lsp-rentals-lego-serious-play-mieten-verleih-1024x700.jpg\",\"contentUrl\":\"https:\\\/\\\/www.leansp.com\\\/de\\\/wp-content\\\/uploads\\\/sites\\\/2\\\/2017\\\/05\\\/lsp-rentals-lego-serious-play-mieten-verleih-1024x700.jpg\"},{\"@type\":\"BreadcrumbList\",\"@id\":\"https:\\\/\\\/www.leansp.com\\\/de\\\/lego-serious-play-experten\\\/aufbewahrungsloesung-lego-serious-play-material-koffer\\\/#breadcrumb\",\"itemListElement\":[{\"@type\":\"ListItem\",\"position\":1,\"name\":\"Home\",\"item\":\"https:\\\/\\\/www.leansp.com\\\/de\\\/\"},{\"@type\":\"ListItem\",\"position\":2,\"name\":\"Verleih und Tools f\u00fcr LEGO\u00ae SERIOUS PLAY\u00ae Experten\",\"item\":\"https:\\\/\\\/www.leansp.com\\\/de\\\/lego-serious-play-experten\\\/\"},{\"@type\":\"ListItem\",\"position\":3,\"name\":\"Aufbewahrungsl\u00f6sungen f\u00fcr LEGO\u00ae SERIOUS PLAY\u00ae Material\"}]},{\"@type\":\"WebSite\",\"@id\":\"https:\\\/\\\/www.leansp.com\\\/de\\\/#website\",\"url\":\"https:\\\/\\\/www.leansp.com\\\/de\\\/\",\"name\":\"Verleih LEGO\u00ae SERIOUS PLAY\u00ae LSP-Material\",\"description\":\"LSP-Moderationskoffer LEGO\u00ae SERIOUS PLAY\u00ae leihen inkl. Versand vom Profi. Vorsortiert. Identity &amp; Landscape Set, Connections Kit, Window Bags.\",\"publisher\":{\"@id\":\"https:\\\/\\\/www.leansp.com\\\/de\\\/#organization\"},\"potentialAction\":[{\"@type\":\"SearchAction\",\"target\":{\"@type\":\"EntryPoint\",\"urlTemplate\":\"https:\\\/\\\/www.leansp.com\\\/de\\\/?s={search_term_string}\"},\"query-input\":{\"@type\":\"PropertyValueSpecification\",\"valueRequired\":true,\"valueName\":\"search_term_string\"}}],\"inLanguage\":\"de\"},{\"@type\":\"Organization\",\"@id\":\"https:\\\/\\\/www.leansp.com\\\/de\\\/#organization\",\"name\":\"LeanSP\",\"url\":\"https:\\\/\\\/www.leansp.com\\\/de\\\/\",\"logo\":{\"@type\":\"ImageObject\",\"inLanguage\":\"de\",\"@id\":\"https:\\\/\\\/www.leansp.com\\\/de\\\/#\\\/schema\\\/logo\\\/image\\\/\",\"url\":\"https:\\\/\\\/www.leansp.com\\\/de\\\/wp-content\\\/uploads\\\/sites\\\/2\\\/2026\\\/03\\\/logo-clean.png\",\"contentUrl\":\"https:\\\/\\\/www.leansp.com\\\/de\\\/wp-content\\\/uploads\\\/sites\\\/2\\\/2026\\\/03\\\/logo-clean.png\",\"width\":506,\"height\":168,\"caption\":\"LeanSP\"},\"image\":{\"@id\":\"https:\\\/\\\/www.leansp.com\\\/de\\\/#\\\/schema\\\/logo\\\/image\\\/\"}}]}<\/script>\n<!-- \/ Yoast SEO plugin. -->","yoast_head_json":{"title":"Aufbewahrungsl\u00f6sungen f\u00fcr LEGO\u00ae SERIOUS PLAY\u00ae Material - Verleih LEGO\u00ae SERIOUS PLAY\u00ae LSP-Material","robots":{"index":"index","follow":"follow","max-snippet":"max-snippet:-1","max-image-preview":"max-image-preview:large","max-video-preview":"max-video-preview:-1"},"canonical":"https:\/\/www.leansp.com\/de\/lego-serious-play-experten\/aufbewahrungsloesung-lego-serious-play-material-koffer\/","og_locale":"de_DE","og_type":"article","og_title":"Aufbewahrungsl\u00f6sungen f\u00fcr LEGO\u00ae SERIOUS PLAY\u00ae Material - Verleih LEGO\u00ae SERIOUS PLAY\u00ae LSP-Material","og_description":"Aufbewahrungsl\u00f6sung f\u00fcr das LEGO\u00ae SERIOUS PLAY\u00ae Identity and Landscape Set Um das Material zu lagern und zu transportieren. Die originalen orange \/ wei\u00dfe Sortiertabletts von Lego werden \u00fcberfl\u00fcssig. Robuste L\u00f6sung mit ausreichend Platz f\u00fcr zus\u00e4tzliches Material (bis zu 25 Window Exploration Bags oder 4 Starter Sets, je nach Sortierung). Die originale 48\u00d748-Grundplatte passt wenn sie [&hellip;]","og_url":"https:\/\/www.leansp.com\/de\/lego-serious-play-experten\/aufbewahrungsloesung-lego-serious-play-material-koffer\/","og_site_name":"Verleih LEGO\u00ae SERIOUS PLAY\u00ae LSP-Material","article_modified_time":"2023-03-02T18:40:17+00:00","og_image":[{"url":"https:\/\/www.leansp.com\/de\/wp-content\/uploads\/sites\/2\/2017\/05\/lsp-rentals-lego-serious-play-mieten-verleih-1024x700.jpg","type":"","width":"","height":""}],"twitter_card":"summary_large_image","twitter_misc":{"Gesch\u00e4tzte Lesezeit":"4\u00a0Minuten"},"schema":{"@context":"https:\/\/schema.org","@graph":[{"@type":"WebPage","@id":"https:\/\/www.leansp.com\/de\/lego-serious-play-experten\/aufbewahrungsloesung-lego-serious-play-material-koffer\/","url":"https:\/\/www.leansp.com\/de\/lego-serious-play-experten\/aufbewahrungsloesung-lego-serious-play-material-koffer\/","name":"Aufbewahrungsl\u00f6sungen f\u00fcr LEGO\u00ae SERIOUS PLAY\u00ae Material - Verleih LEGO\u00ae SERIOUS PLAY\u00ae LSP-Material","isPartOf":{"@id":"https:\/\/www.leansp.com\/de\/#website"},"primaryImageOfPage":{"@id":"https:\/\/www.leansp.com\/de\/lego-serious-play-experten\/aufbewahrungsloesung-lego-serious-play-material-koffer\/#primaryimage"},"image":{"@id":"https:\/\/www.leansp.com\/de\/lego-serious-play-experten\/aufbewahrungsloesung-lego-serious-play-material-koffer\/#primaryimage"},"thumbnailUrl":"https:\/\/www.leansp.com\/de\/wp-content\/uploads\/sites\/2\/2017\/05\/lsp-rentals-lego-serious-play-mieten-verleih-1024x700.jpg","datePublished":"2019-04-25T13:45:24+00:00","dateModified":"2023-03-02T18:40:17+00:00","breadcrumb":{"@id":"https:\/\/www.leansp.com\/de\/lego-serious-play-experten\/aufbewahrungsloesung-lego-serious-play-material-koffer\/#breadcrumb"},"inLanguage":"de","potentialAction":[{"@type":"ReadAction","target":["https:\/\/www.leansp.com\/de\/lego-serious-play-experten\/aufbewahrungsloesung-lego-serious-play-material-koffer\/"]}]},{"@type":"ImageObject","inLanguage":"de","@id":"https:\/\/www.leansp.com\/de\/lego-serious-play-experten\/aufbewahrungsloesung-lego-serious-play-material-koffer\/#primaryimage","url":"https:\/\/www.leansp.com\/de\/wp-content\/uploads\/sites\/2\/2017\/05\/lsp-rentals-lego-serious-play-mieten-verleih-1024x700.jpg","contentUrl":"https:\/\/www.leansp.com\/de\/wp-content\/uploads\/sites\/2\/2017\/05\/lsp-rentals-lego-serious-play-mieten-verleih-1024x700.jpg"},{"@type":"BreadcrumbList","@id":"https:\/\/www.leansp.com\/de\/lego-serious-play-experten\/aufbewahrungsloesung-lego-serious-play-material-koffer\/#breadcrumb","itemListElement":[{"@type":"ListItem","position":1,"name":"Home","item":"https:\/\/www.leansp.com\/de\/"},{"@type":"ListItem","position":2,"name":"Verleih und Tools f\u00fcr LEGO\u00ae SERIOUS PLAY\u00ae Experten","item":"https:\/\/www.leansp.com\/de\/lego-serious-play-experten\/"},{"@type":"ListItem","position":3,"name":"Aufbewahrungsl\u00f6sungen f\u00fcr LEGO\u00ae SERIOUS PLAY\u00ae Material"}]},{"@type":"WebSite","@id":"https:\/\/www.leansp.com\/de\/#website","url":"https:\/\/www.leansp.com\/de\/","name":"Verleih LEGO\u00ae SERIOUS PLAY\u00ae LSP-Material","description":"LSP-Moderationskoffer LEGO\u00ae SERIOUS PLAY\u00ae leihen inkl. Versand vom Profi. Vorsortiert. Identity &amp; Landscape Set, Connections Kit, Window Bags.","publisher":{"@id":"https:\/\/www.leansp.com\/de\/#organization"},"potentialAction":[{"@type":"SearchAction","target":{"@type":"EntryPoint","urlTemplate":"https:\/\/www.leansp.com\/de\/?s={search_term_string}"},"query-input":{"@type":"PropertyValueSpecification","valueRequired":true,"valueName":"search_term_string"}}],"inLanguage":"de"},{"@type":"Organization","@id":"https:\/\/www.leansp.com\/de\/#organization","name":"LeanSP","url":"https:\/\/www.leansp.com\/de\/","logo":{"@type":"ImageObject","inLanguage":"de","@id":"https:\/\/www.leansp.com\/de\/#\/schema\/logo\/image\/","url":"https:\/\/www.leansp.com\/de\/wp-content\/uploads\/sites\/2\/2026\/03\/logo-clean.png","contentUrl":"https:\/\/www.leansp.com\/de\/wp-content\/uploads\/sites\/2\/2026\/03\/logo-clean.png","width":506,"height":168,"caption":"LeanSP"},"image":{"@id":"https:\/\/www.leansp.com\/de\/#\/schema\/logo\/image\/"}}]}},"_links":{"self":[{"href":"https:\/\/www.leansp.com\/de\/wp-json\/wp\/v2\/pages\/996","targetHints":{"allow":["GET"]}}],"collection":[{"href":"https:\/\/www.leansp.com\/de\/wp-json\/wp\/v2\/pages"}],"about":[{"href":"https:\/\/www.leansp.com\/de\/wp-json\/wp\/v2\/types\/page"}],"author":[{"embeddable":true,"href":"https:\/\/www.leansp.com\/de\/wp-json\/wp\/v2\/users\/1"}],"replies":[{"embeddable":true,"href":"https:\/\/www.leansp.com\/de\/wp-json\/wp\/v2\/comments?post=996"}],"version-history":[{"count":13,"href":"https:\/\/www.leansp.com\/de\/wp-json\/wp\/v2\/pages\/996\/revisions"}],"predecessor-version":[{"id":1252,"href":"https:\/\/www.leansp.com\/de\/wp-json\/wp\/v2\/pages\/996\/revisions\/1252"}],"up":[{"embeddable":true,"href":"https:\/\/www.leansp.com\/de\/wp-json\/wp\/v2\/pages\/21"}],"wp:attachment":[{"href":"https:\/\/www.leansp.com\/de\/wp-json\/wp\/v2\/media?parent=996"}],"curies":[{"name":"wp","href":"https:\/\/api.w.org\/{rel}","templated":true}]}}